{"id":14534,"date":"2023-02-06T13:30:00","date_gmt":"2023-02-06T11:30:00","guid":{"rendered":"https:\/\/www.rarom.ro\/?page_id=14534"},"modified":"2023-02-06T13:30:00","modified_gmt":"2023-02-06T11:30:00","slug":"prezentare","status":"publish","type":"page","link":"https:\/\/www.rarom.ro\/?page_id=14534","title":{"rendered":"Prezentare"},"content":{"rendered":"<p><strong>Praga Bohema<\/strong><\/p>\n<p><img loading=\"lazy\" decoding=\"async\" class=\"aligncenter size-full wp-image-14535\" src=\"https:\/\/www.rarom.ro\/wp-content\/uploads\/2023\/02\/Prezentare-mare.jpg\" alt=\"\" width=\"730\" height=\"450\" srcset=\"https:\/\/www.rarom.ro\/wp-content\/uploads\/2023\/02\/Prezentare-mare.jpg 730w, https:\/\/www.rarom.ro\/wp-content\/uploads\/2023\/02\/Prezentare-mare-300x185.jpg 300w\" sizes=\"auto, (max-width: 730px) 100vw, 730px\" \/><\/p>\n<p style=\"text-align: justify;\"><img loading=\"lazy\" decoding=\"async\" class=\"size-full wp-image-14537 alignleft\" src=\"https:\/\/www.rarom.ro\/wp-content\/uploads\/2023\/02\/Prezentare-pagini.jpg\" alt=\"\" width=\"250\" height=\"165\" \/>\u00a0Constructorul ceh Praga a devenit un juc\u0103tor global \u00een segmentul hipercarurilor cu primul s\u0103u model botezat Bohema. Este o ma\u0219in\u0103 de curse, dar perfect legal\u0103 pentru str\u0103zile marilor pie\u021be ale lumii, av\u00e2nd la baza proiect\u0103rii ei trei cerin\u021be esen\u021biale: greutate sc\u0103zut\u0103, carbon, benzin\u0103. [\u2026]<\/p>\n","protected":false},"excerpt":{"rendered":"<p>Praga Bohema \u00a0Constructorul ceh Praga a devenit un juc\u0103tor global \u00een segmentul hipercarurilor cu primul s\u0103u model botezat Bohema. Este o ma\u0219in\u0103 de curse, dar perfect legal\u0103 pentru str\u0103zile marilor pie\u021be ale lumii, av\u00e2nd la baza proiect\u0103rii ei trei cerin\u021be esen\u021biale: greutate sc\u0103zut\u0103, carbon, benzin\u0103. [\u2026]<\/p>\n","protected":false},"author":3,"featured_media":0,"parent":14506,"menu_order":3,"comment_status":"closed","ping_status":"closed","template":"","meta":{"_acf_changed":false,"footnotes":""},"class_list":["post-14534","page","type-page","status-publish","hentry"],"acf":[],"_links":{"self":[{"href":"https:\/\/www.rarom.ro\/index.php?rest_route=\/wp\/v2\/pages\/14534","targetHints":{"allow":["GET"]}}],"collection":[{"href":"https:\/\/www.rarom.ro\/index.php?rest_route=\/wp\/v2\/pages"}],"about":[{"href":"https:\/\/www.rarom.ro\/index.php?rest_route=\/wp\/v2\/types\/page"}],"author":[{"embeddable":true,"href":"https:\/\/www.rarom.ro\/index.php?rest_route=\/wp\/v2\/users\/3"}],"replies":[{"embeddable":true,"href":"https:\/\/www.rarom.ro\/index.php?rest_route=%2Fwp%2Fv2%2Fcomments&post=14534"}],"version-history":[{"count":1,"href":"https:\/\/www.rarom.ro\/index.php?rest_route=\/wp\/v2\/pages\/14534\/revisions"}],"predecessor-version":[{"id":14539,"href":"https:\/\/www.rarom.ro\/index.php?rest_route=\/wp\/v2\/pages\/14534\/revisions\/14539"}],"up":[{"embeddable":true,"href":"https:\/\/www.rarom.ro\/index.php?rest_route=\/wp\/v2\/pages\/14506"}],"wp:attachment":[{"href":"https:\/\/www.rarom.ro\/index.php?rest_route=%2Fwp%2Fv2%2Fmedia&parent=14534"}],"curies":[{"name":"wp","href":"https:\/\/api.w.org\/{rel}","templated":true}]}}