{"id":14304,"date":"2022-12-12T13:19:46","date_gmt":"2022-12-12T11:19:46","guid":{"rendered":"https:\/\/www.rarom.ro\/?page_id=14304"},"modified":"2022-12-12T13:19:46","modified_gmt":"2022-12-12T11:19:46","slug":"sport","status":"publish","type":"page","link":"https:\/\/www.rarom.ro\/?page_id=14304","title":{"rendered":"Sport"},"content":{"rendered":"<p><strong>CNR \u2013 Raliul Bra\u015fovului<\/strong><\/p>\n<p><img loading=\"lazy\" decoding=\"async\" class=\"aligncenter size-full wp-image-14305\" src=\"https:\/\/www.rarom.ro\/wp-content\/uploads\/2022\/12\/Sport-mare.jpg\" alt=\"\" width=\"730\" height=\"450\" srcset=\"https:\/\/www.rarom.ro\/wp-content\/uploads\/2022\/12\/Sport-mare.jpg 730w, https:\/\/www.rarom.ro\/wp-content\/uploads\/2022\/12\/Sport-mare-300x185.jpg 300w\" sizes=\"auto, (max-width: 730px) 100vw, 730px\" \/><\/p>\n<p style=\"text-align: justify;\"><img loading=\"lazy\" decoding=\"async\" class=\"size-full wp-image-14307 alignleft\" src=\"https:\/\/www.rarom.ro\/wp-content\/uploads\/2022\/12\/Sport-pagini.jpg\" alt=\"\" width=\"250\" height=\"165\" \/>\u00cen ultima etap\u0103 din Campionatul Na\u021bional de Raliuri Betano, la Bra\u0219ov, Simone Tempestini a ob\u021binut o nou\u0103 victorie care i-a consolidat pozi\u021bia de campion na\u021bional absolut. [\u2026]<\/p>\n","protected":false},"excerpt":{"rendered":"<p>CNR \u2013 Raliul Bra\u015fovului \u00cen ultima etap\u0103 din Campionatul Na\u021bional de Raliuri Betano, la Bra\u0219ov, Simone Tempestini a ob\u021binut o nou\u0103 victorie care i-a consolidat pozi\u021bia de campion na\u021bional absolut. [\u2026]<\/p>\n","protected":false},"author":3,"featured_media":0,"parent":14202,"menu_order":6,"comment_status":"closed","ping_status":"closed","template":"","meta":{"_acf_changed":false,"footnotes":""},"class_list":["post-14304","page","type-page","status-publish","hentry"],"acf":[],"_links":{"self":[{"href":"https:\/\/www.rarom.ro\/index.php?rest_route=\/wp\/v2\/pages\/14304","targetHints":{"allow":["GET"]}}],"collection":[{"href":"https:\/\/www.rarom.ro\/index.php?rest_route=\/wp\/v2\/pages"}],"about":[{"href":"https:\/\/www.rarom.ro\/index.php?rest_route=\/wp\/v2\/types\/page"}],"author":[{"embeddable":true,"href":"https:\/\/www.rarom.ro\/index.php?rest_route=\/wp\/v2\/users\/3"}],"replies":[{"embeddable":true,"href":"https:\/\/www.rarom.ro\/index.php?rest_route=%2Fwp%2Fv2%2Fcomments&post=14304"}],"version-history":[{"count":1,"href":"https:\/\/www.rarom.ro\/index.php?rest_route=\/wp\/v2\/pages\/14304\/revisions"}],"predecessor-version":[{"id":14309,"href":"https:\/\/www.rarom.ro\/index.php?rest_route=\/wp\/v2\/pages\/14304\/revisions\/14309"}],"up":[{"embeddable":true,"href":"https:\/\/www.rarom.ro\/index.php?rest_route=\/wp\/v2\/pages\/14202"}],"wp:attachment":[{"href":"https:\/\/www.rarom.ro\/index.php?rest_route=%2Fwp%2Fv2%2Fmedia&parent=14304"}],"curies":[{"name":"wp","href":"https:\/\/api.w.org\/{rel}","templated":true}]}}