{"id":14285,"date":"2022-12-12T10:19:52","date_gmt":"2022-12-12T08:19:52","guid":{"rendered":"https:\/\/www.rarom.ro\/?page_id=14285"},"modified":"2022-12-12T10:19:52","modified_gmt":"2022-12-12T08:19:52","slug":"eveniment","status":"publish","type":"page","link":"https:\/\/www.rarom.ro\/?page_id=14285","title":{"rendered":"Eveniment"},"content":{"rendered":"<p><strong>Driving Safety Training<\/strong><\/p>\n<p><img loading=\"lazy\" decoding=\"async\" class=\"aligncenter size-full wp-image-14286\" src=\"https:\/\/www.rarom.ro\/wp-content\/uploads\/2022\/12\/Eveniment-mare.jpg\" alt=\"\" width=\"730\" height=\"450\" srcset=\"https:\/\/www.rarom.ro\/wp-content\/uploads\/2022\/12\/Eveniment-mare.jpg 730w, https:\/\/www.rarom.ro\/wp-content\/uploads\/2022\/12\/Eveniment-mare-300x185.jpg 300w\" sizes=\"auto, (max-width: 730px) 100vw, 730px\" \/><\/p>\n<p style=\"text-align: justify;\"><img loading=\"lazy\" decoding=\"async\" class=\"size-full wp-image-14288 alignleft\" src=\"https:\/\/www.rarom.ro\/wp-content\/uploads\/2022\/12\/Eveniment-pagini.jpg\" alt=\"\" width=\"250\" height=\"165\" \/>Efectul unui curs de conducere defensiv\u0103 nu trebuie subestimat. Dup\u0103 o \u0219coal\u0103 de \u0219oferi unde \u00eenve\u021bi principiile de baz\u0103, t\u00e2n\u0103rul \u0219ofer este aruncat \u00eentr-un trafic haotic unde \u00eent\u00e2lnim constant participan\u021bi la trafic agresivi sau incon\u0219tien\u021bi. [\u2026]<\/p>\n","protected":false},"excerpt":{"rendered":"<p>Driving Safety Training Efectul unui curs de conducere defensiv\u0103 nu trebuie subestimat. Dup\u0103 o \u0219coal\u0103 de \u0219oferi unde \u00eenve\u021bi principiile de baz\u0103, t\u00e2n\u0103rul \u0219ofer este aruncat \u00eentr-un trafic haotic unde \u00eent\u00e2lnim constant participan\u021bi la trafic agresivi sau incon\u0219tien\u021bi. [\u2026]<\/p>\n","protected":false},"author":3,"featured_media":0,"parent":14202,"menu_order":3,"comment_status":"closed","ping_status":"closed","template":"","meta":{"_acf_changed":false,"footnotes":""},"class_list":["post-14285","page","type-page","status-publish","hentry"],"acf":[],"_links":{"self":[{"href":"https:\/\/www.rarom.ro\/index.php?rest_route=\/wp\/v2\/pages\/14285","targetHints":{"allow":["GET"]}}],"collection":[{"href":"https:\/\/www.rarom.ro\/index.php?rest_route=\/wp\/v2\/pages"}],"about":[{"href":"https:\/\/www.rarom.ro\/index.php?rest_route=\/wp\/v2\/types\/page"}],"author":[{"embeddable":true,"href":"https:\/\/www.rarom.ro\/index.php?rest_route=\/wp\/v2\/users\/3"}],"replies":[{"embeddable":true,"href":"https:\/\/www.rarom.ro\/index.php?rest_route=%2Fwp%2Fv2%2Fcomments&post=14285"}],"version-history":[{"count":1,"href":"https:\/\/www.rarom.ro\/index.php?rest_route=\/wp\/v2\/pages\/14285\/revisions"}],"predecessor-version":[{"id":14290,"href":"https:\/\/www.rarom.ro\/index.php?rest_route=\/wp\/v2\/pages\/14285\/revisions\/14290"}],"up":[{"embeddable":true,"href":"https:\/\/www.rarom.ro\/index.php?rest_route=\/wp\/v2\/pages\/14202"}],"wp:attachment":[{"href":"https:\/\/www.rarom.ro\/index.php?rest_route=%2Fwp%2Fv2%2Fmedia&parent=14285"}],"curies":[{"name":"wp","href":"https:\/\/api.w.org\/{rel}","templated":true}]}}