{"id":14259,"date":"2022-12-12T10:13:29","date_gmt":"2022-12-12T08:13:29","guid":{"rendered":"https:\/\/www.rarom.ro\/?page_id=14259"},"modified":"2022-12-12T10:13:29","modified_gmt":"2022-12-12T08:13:29","slug":"renault-austral-e-tech-full-hybrid-200","status":"publish","type":"page","link":"https:\/\/www.rarom.ro\/?page_id=14259","title":{"rendered":"Renault Austral E-Tech Full Hybrid 200"},"content":{"rendered":"<p><strong>Test: Renault Austral E-Tech Full Hybrid 200<\/strong><\/p>\n<p><a href=\"https:\/\/www.rarom.ro\/wp-content\/uploads\/2022\/12\/Test-Renault-mare.jpg\"><img loading=\"lazy\" decoding=\"async\" class=\"aligncenter size-full wp-image-14260\" src=\"https:\/\/www.rarom.ro\/wp-content\/uploads\/2022\/12\/Test-Renault-mare.jpg\" alt=\"\" width=\"730\" height=\"450\" srcset=\"https:\/\/www.rarom.ro\/wp-content\/uploads\/2022\/12\/Test-Renault-mare.jpg 730w, https:\/\/www.rarom.ro\/wp-content\/uploads\/2022\/12\/Test-Renault-mare-300x185.jpg 300w\" sizes=\"auto, (max-width: 730px) 100vw, 730px\" \/><\/a><\/p>\n<p><img loading=\"lazy\" decoding=\"async\" class=\"size-full wp-image-14262 alignleft\" src=\"https:\/\/www.rarom.ro\/wp-content\/uploads\/2022\/12\/Test-Renault-pagini.jpg\" alt=\"\" width=\"250\" height=\"165\" \/>Renault avea nevoie de un juc\u0103tor puternic \u00een segmentul SUV-urilor compacte. B\u0103tr\u00e2nul Kadjar nu mai f\u0103cea fa\u021b\u0103 preferin\u021belor clien\u021bilor europeni, a\u0219adar iat\u0103 noul Renault Austral, noul SUV din Fran\u021ba. [\u2026]<\/p>\n","protected":false},"excerpt":{"rendered":"<p>Test: Renault Austral E-Tech Full Hybrid 200 Renault avea nevoie de un juc\u0103tor puternic \u00een segmentul SUV-urilor compacte. B\u0103tr\u00e2nul Kadjar nu mai f\u0103cea fa\u021b\u0103 preferin\u021belor clien\u021bilor europeni, a\u0219adar iat\u0103 noul Renault Austral, noul SUV din Fran\u021ba. [\u2026]<\/p>\n","protected":false},"author":3,"featured_media":0,"parent":14206,"menu_order":3,"comment_status":"closed","ping_status":"closed","template":"","meta":{"_acf_changed":false,"footnotes":""},"class_list":["post-14259","page","type-page","status-publish","hentry"],"acf":[],"_links":{"self":[{"href":"https:\/\/www.rarom.ro\/index.php?rest_route=\/wp\/v2\/pages\/14259","targetHints":{"allow":["GET"]}}],"collection":[{"href":"https:\/\/www.rarom.ro\/index.php?rest_route=\/wp\/v2\/pages"}],"about":[{"href":"https:\/\/www.rarom.ro\/index.php?rest_route=\/wp\/v2\/types\/page"}],"author":[{"embeddable":true,"href":"https:\/\/www.rarom.ro\/index.php?rest_route=\/wp\/v2\/users\/3"}],"replies":[{"embeddable":true,"href":"https:\/\/www.rarom.ro\/index.php?rest_route=%2Fwp%2Fv2%2Fcomments&post=14259"}],"version-history":[{"count":1,"href":"https:\/\/www.rarom.ro\/index.php?rest_route=\/wp\/v2\/pages\/14259\/revisions"}],"predecessor-version":[{"id":14264,"href":"https:\/\/www.rarom.ro\/index.php?rest_route=\/wp\/v2\/pages\/14259\/revisions\/14264"}],"up":[{"embeddable":true,"href":"https:\/\/www.rarom.ro\/index.php?rest_route=\/wp\/v2\/pages\/14206"}],"wp:attachment":[{"href":"https:\/\/www.rarom.ro\/index.php?rest_route=%2Fwp%2Fv2%2Fmedia&parent=14259"}],"curies":[{"name":"wp","href":"https:\/\/api.w.org\/{rel}","templated":true}]}}