{"id":14210,"date":"2022-12-09T12:48:30","date_gmt":"2022-12-09T10:48:30","guid":{"rendered":"https:\/\/www.rarom.ro\/?page_id=14210"},"modified":"2022-12-09T13:00:17","modified_gmt":"2022-12-09T11:00:17","slug":"citroen-c5-x","status":"publish","type":"page","link":"https:\/\/www.rarom.ro\/?page_id=14210","title":{"rendered":"Citroen C5 X"},"content":{"rendered":"<p><strong>Test: Citroen C5 X<\/strong><\/p>\n<p><img loading=\"lazy\" decoding=\"async\" class=\"aligncenter size-full wp-image-14211\" src=\"https:\/\/www.rarom.ro\/wp-content\/uploads\/2022\/12\/Test-Citroen-mare.jpg\" alt=\"\" width=\"730\" height=\"450\" srcset=\"https:\/\/www.rarom.ro\/wp-content\/uploads\/2022\/12\/Test-Citroen-mare.jpg 730w, https:\/\/www.rarom.ro\/wp-content\/uploads\/2022\/12\/Test-Citroen-mare-300x185.jpg 300w\" sizes=\"auto, (max-width: 730px) 100vw, 730px\" \/><\/p>\n<p style=\"text-align: justify;\"><img loading=\"lazy\" decoding=\"async\" class=\"size-full wp-image-14213 alignleft\" src=\"https:\/\/www.rarom.ro\/wp-content\/uploads\/2022\/12\/Test-Citroen-pagini.jpg\" alt=\"\" width=\"250\" height=\"165\" \/>Noul Citroen C5 X se face remarcat imediat. Anvergura caroseriei \u015fi originalitatea cu care a fost modelat\u0103 ofer\u0103 un impact vizual puternic. La fel este \u015fi experien\u0163a pe care o savurezi de la volan sau de pe oricare alt loc al modelului care \u00ee\u015fi revendic\u0103 suprema\u0163ia \u00een portofoliul Citroen. [\u2026]<\/p>\n","protected":false},"excerpt":{"rendered":"<p>Test: Citroen C5 X Noul Citroen C5 X se face remarcat imediat. Anvergura caroseriei \u015fi originalitatea cu care a fost modelat\u0103 ofer\u0103 un impact vizual puternic. La fel este \u015fi experien\u0163a pe care o savurezi de la volan sau de pe oricare alt loc al modelului care \u00ee\u015fi revendic\u0103 suprema\u0163ia \u00een portofoliul Citroen. [\u2026]<\/p>\n","protected":false},"author":3,"featured_media":0,"parent":14206,"menu_order":1,"comment_status":"closed","ping_status":"closed","template":"","meta":{"_acf_changed":false,"footnotes":""},"class_list":["post-14210","page","type-page","status-publish","hentry"],"acf":[],"_links":{"self":[{"href":"https:\/\/www.rarom.ro\/index.php?rest_route=\/wp\/v2\/pages\/14210","targetHints":{"allow":["GET"]}}],"collection":[{"href":"https:\/\/www.rarom.ro\/index.php?rest_route=\/wp\/v2\/pages"}],"about":[{"href":"https:\/\/www.rarom.ro\/index.php?rest_route=\/wp\/v2\/types\/page"}],"author":[{"embeddable":true,"href":"https:\/\/www.rarom.ro\/index.php?rest_route=\/wp\/v2\/users\/3"}],"replies":[{"embeddable":true,"href":"https:\/\/www.rarom.ro\/index.php?rest_route=%2Fwp%2Fv2%2Fcomments&post=14210"}],"version-history":[{"count":1,"href":"https:\/\/www.rarom.ro\/index.php?rest_route=\/wp\/v2\/pages\/14210\/revisions"}],"predecessor-version":[{"id":14215,"href":"https:\/\/www.rarom.ro\/index.php?rest_route=\/wp\/v2\/pages\/14210\/revisions\/14215"}],"up":[{"embeddable":true,"href":"https:\/\/www.rarom.ro\/index.php?rest_route=\/wp\/v2\/pages\/14206"}],"wp:attachment":[{"href":"https:\/\/www.rarom.ro\/index.php?rest_route=%2Fwp%2Fv2%2Fmedia&parent=14210"}],"curies":[{"name":"wp","href":"https:\/\/api.w.org\/{rel}","templated":true}]}}