{"id":14206,"date":"2022-12-09T11:45:31","date_gmt":"2022-12-09T09:45:31","guid":{"rendered":"https:\/\/www.rarom.ro\/?page_id=14206"},"modified":"2022-12-12T13:21:09","modified_gmt":"2022-12-12T11:21:09","slug":"teste","status":"publish","type":"page","link":"https:\/\/www.rarom.ro\/?page_id=14206","title":{"rendered":"Teste"},"content":{"rendered":"<p><img loading=\"lazy\" decoding=\"async\" class=\"aligncenter size-full wp-image-14207\" src=\"https:\/\/www.rarom.ro\/wp-content\/uploads\/2022\/12\/Decembrie.jpg\" alt=\"\" width=\"730\" height=\"450\" srcset=\"https:\/\/www.rarom.ro\/wp-content\/uploads\/2022\/12\/Decembrie.jpg 730w, https:\/\/www.rarom.ro\/wp-content\/uploads\/2022\/12\/Decembrie-300x185.jpg 300w\" sizes=\"auto, (max-width: 730px) 100vw, 730px\" \/><\/p>\n<p>&nbsp;<\/p>\n<p><strong>FRENCH STYLE<\/strong><br \/>\n<strong>Test:<\/strong> <a href=\"https:\/\/www.rarom.ro\/?page_id=14210\">Citroen C5 X<\/a><\/p>\n<p><strong>DEMONSTRA\u021aIE DE FOR\u021a\u0102<\/strong><br \/>\n<strong>Test:<\/strong> <a href=\"https:\/\/www.rarom.ro\/?page_id=14216\">BMW 330d Touring<\/a><\/p>\n<p><strong>CONEXIUNEA FRANCEZ\u0102<\/strong><br \/>\n<strong>Test:<\/strong> <a href=\"https:\/\/www.rarom.ro\/?page_id=14259\">Renault Austral E-Tech Full Hybrid 200<\/a><\/p>\n<p><strong>SCHIMB DE GENERA\u0162II<\/strong><br \/>\n<strong>Test:<\/strong> <a href=\"https:\/\/www.rarom.ro\/?page_id=14265\">Opel Astra Hatchback<\/a><\/p>\n<p><strong>MODEL MULTIROL<\/strong><br \/>\n<strong>Test:<\/strong> <a href=\"https:\/\/www.rarom.ro\/?page_id=14271\">BMW X1<\/a><\/p>\n","protected":false},"excerpt":{"rendered":"<p>&nbsp; FRENCH STYLE Test: Citroen C5 X DEMONSTRA\u021aIE DE FOR\u021a\u0102 Test: BMW 330d Touring CONEXIUNEA FRANCEZ\u0102 Test: Renault Austral E-Tech Full Hybrid 200 SCHIMB DE GENERA\u0162II Test: Opel Astra Hatchback MODEL MULTIROL Test: BMW X1<\/p>\n","protected":false},"author":3,"featured_media":0,"parent":14202,"menu_order":1,"comment_status":"closed","ping_status":"closed","template":"","meta":{"_acf_changed":false,"footnotes":""},"class_list":["post-14206","page","type-page","status-publish","hentry"],"acf":[],"_links":{"self":[{"href":"https:\/\/www.rarom.ro\/index.php?rest_route=\/wp\/v2\/pages\/14206","targetHints":{"allow":["GET"]}}],"collection":[{"href":"https:\/\/www.rarom.ro\/index.php?rest_route=\/wp\/v2\/pages"}],"about":[{"href":"https:\/\/www.rarom.ro\/index.php?rest_route=\/wp\/v2\/types\/page"}],"author":[{"embeddable":true,"href":"https:\/\/www.rarom.ro\/index.php?rest_route=\/wp\/v2\/users\/3"}],"replies":[{"embeddable":true,"href":"https:\/\/www.rarom.ro\/index.php?rest_route=%2Fwp%2Fv2%2Fcomments&post=14206"}],"version-history":[{"count":3,"href":"https:\/\/www.rarom.ro\/index.php?rest_route=\/wp\/v2\/pages\/14206\/revisions"}],"predecessor-version":[{"id":14311,"href":"https:\/\/www.rarom.ro\/index.php?rest_route=\/wp\/v2\/pages\/14206\/revisions\/14311"}],"up":[{"embeddable":true,"href":"https:\/\/www.rarom.ro\/index.php?rest_route=\/wp\/v2\/pages\/14202"}],"wp:attachment":[{"href":"https:\/\/www.rarom.ro\/index.php?rest_route=%2Fwp%2Fv2%2Fmedia&parent=14206"}],"curies":[{"name":"wp","href":"https:\/\/api.w.org\/{rel}","templated":true}]}}