{"id":14131,"date":"2022-11-14T11:23:43","date_gmt":"2022-11-14T09:23:43","guid":{"rendered":"https:\/\/www.rarom.ro\/?page_id=14131"},"modified":"2022-11-14T11:23:43","modified_gmt":"2022-11-14T09:23:43","slug":"interviu","status":"publish","type":"page","link":"https:\/\/www.rarom.ro\/?page_id=14131","title":{"rendered":"Interviu"},"content":{"rendered":"<p><strong>Attila Bertici<\/strong><\/p>\n<p><img loading=\"lazy\" decoding=\"async\" class=\"aligncenter size-full wp-image-14132\" src=\"https:\/\/www.rarom.ro\/wp-content\/uploads\/2022\/11\/Interviu-mare.jpeg\" alt=\"\" width=\"730\" height=\"450\" srcset=\"https:\/\/www.rarom.ro\/wp-content\/uploads\/2022\/11\/Interviu-mare.jpeg 730w, https:\/\/www.rarom.ro\/wp-content\/uploads\/2022\/11\/Interviu-mare-300x185.jpeg 300w\" sizes=\"auto, (max-width: 730px) 100vw, 730px\" \/><\/p>\n<p style=\"text-align: justify;\"><img loading=\"lazy\" decoding=\"async\" class=\"size-full wp-image-14134 alignleft\" src=\"https:\/\/www.rarom.ro\/wp-content\/uploads\/2022\/11\/Interviu-pagini.jpg\" alt=\"\" width=\"250\" height=\"165\" \/>\u00cen anul 2020 s-a luat \u201ela tr\u00e2nt\u0103\u201d cu frigul din Siberia \u0219i a ajuns, \u00eempreun\u0103 cu so\u021bia, la Oymyakon, ora\u0219ul \u00een care s-a \u00eenregistrat cea mai sc\u0103zut\u0103 temperatur\u0103: minus 71,2 \u00b0C. Acum a trecut la cealalt\u0103 extrem\u0103. A plecat p\u00e2n\u0103 la Dakar, \u00een Senegal, prin Sahara \u0219i a \u00eenfruntat temperaturi de peste 45 de grade Celsius. [\u2026]<\/p>\n","protected":false},"excerpt":{"rendered":"<p>Attila Bertici \u00cen anul 2020 s-a luat \u201ela tr\u00e2nt\u0103\u201d cu frigul din Siberia \u0219i a ajuns, \u00eempreun\u0103 cu so\u021bia, la Oymyakon, ora\u0219ul \u00een care s-a \u00eenregistrat cea mai sc\u0103zut\u0103 temperatur\u0103: minus 71,2 \u00b0C. Acum a trecut la cealalt\u0103 extrem\u0103. A plecat p\u00e2n\u0103 la Dakar, \u00een Senegal, prin Sahara \u0219i a \u00eenfruntat temperaturi de peste 45 [&hellip;]<\/p>\n","protected":false},"author":3,"featured_media":0,"parent":14102,"menu_order":3,"comment_status":"closed","ping_status":"closed","template":"","meta":{"_acf_changed":false,"footnotes":""},"class_list":["post-14131","page","type-page","status-publish","hentry"],"acf":[],"_links":{"self":[{"href":"https:\/\/www.rarom.ro\/index.php?rest_route=\/wp\/v2\/pages\/14131","targetHints":{"allow":["GET"]}}],"collection":[{"href":"https:\/\/www.rarom.ro\/index.php?rest_route=\/wp\/v2\/pages"}],"about":[{"href":"https:\/\/www.rarom.ro\/index.php?rest_route=\/wp\/v2\/types\/page"}],"author":[{"embeddable":true,"href":"https:\/\/www.rarom.ro\/index.php?rest_route=\/wp\/v2\/users\/3"}],"replies":[{"embeddable":true,"href":"https:\/\/www.rarom.ro\/index.php?rest_route=%2Fwp%2Fv2%2Fcomments&post=14131"}],"version-history":[{"count":1,"href":"https:\/\/www.rarom.ro\/index.php?rest_route=\/wp\/v2\/pages\/14131\/revisions"}],"predecessor-version":[{"id":14136,"href":"https:\/\/www.rarom.ro\/index.php?rest_route=\/wp\/v2\/pages\/14131\/revisions\/14136"}],"up":[{"embeddable":true,"href":"https:\/\/www.rarom.ro\/index.php?rest_route=\/wp\/v2\/pages\/14102"}],"wp:attachment":[{"href":"https:\/\/www.rarom.ro\/index.php?rest_route=%2Fwp%2Fv2%2Fmedia&parent=14131"}],"curies":[{"name":"wp","href":"https:\/\/api.w.org\/{rel}","templated":true}]}}