{"id":14125,"date":"2022-11-14T11:21:18","date_gmt":"2022-11-14T09:21:18","guid":{"rendered":"https:\/\/www.rarom.ro\/?page_id=14125"},"modified":"2022-11-14T11:23:54","modified_gmt":"2022-11-14T09:23:54","slug":"eveniment","status":"publish","type":"page","link":"https:\/\/www.rarom.ro\/?page_id=14125","title":{"rendered":"Eveniment"},"content":{"rendered":"<p><strong>BMW XM<\/strong><\/p>\n<p><img loading=\"lazy\" decoding=\"async\" class=\"aligncenter size-full wp-image-14126\" src=\"https:\/\/www.rarom.ro\/wp-content\/uploads\/2022\/11\/Eveniment-mare.jpeg\" alt=\"\" width=\"730\" height=\"450\" srcset=\"https:\/\/www.rarom.ro\/wp-content\/uploads\/2022\/11\/Eveniment-mare.jpeg 730w, https:\/\/www.rarom.ro\/wp-content\/uploads\/2022\/11\/Eveniment-mare-300x185.jpeg 300w\" sizes=\"auto, (max-width: 730px) 100vw, 730px\" \/><\/p>\n<p>&nbsp;<\/p>\n<p style=\"text-align: justify;\"><img loading=\"lazy\" decoding=\"async\" class=\"size-full wp-image-14128 alignleft\" src=\"https:\/\/www.rarom.ro\/wp-content\/uploads\/2022\/11\/Eveniment-pagini.jpg\" alt=\"\" width=\"250\" height=\"165\" \/>BMW readuce \u00een prim-plan o linie de produse emblematice din gama sa de top. Nu este vorba de un exerci\u0163iu de stil, de o etalare a poten\u0163ialului nativ pentru for\u0163\u0103 sau a apetitului pentru lux \u015fi calitate. Este vorba despre un produs care \u00eembin\u0103 toate aceste caracteristici, dar pune accent mai ales pe una dintre ele. Litera M \u015fi un motor V8 ne ofer\u0103 indicii destul de clare despre care anume ar putea fi vorba. [\u2026]<\/p>\n<p>&nbsp;<\/p>\n<p>&nbsp;<\/p>\n<p>&nbsp;<\/p>\n","protected":false},"excerpt":{"rendered":"<p>BMW XM &nbsp; BMW readuce \u00een prim-plan o linie de produse emblematice din gama sa de top. Nu este vorba de un exerci\u0163iu de stil, de o etalare a poten\u0163ialului nativ pentru for\u0163\u0103 sau a apetitului pentru lux \u015fi calitate. Este vorba despre un produs care \u00eembin\u0103 toate aceste caracteristici, dar pune accent mai ales [&hellip;]<\/p>\n","protected":false},"author":3,"featured_media":0,"parent":14102,"menu_order":2,"comment_status":"closed","ping_status":"closed","template":"","meta":{"_acf_changed":false,"footnotes":""},"class_list":["post-14125","page","type-page","status-publish","hentry"],"acf":[],"_links":{"self":[{"href":"https:\/\/www.rarom.ro\/index.php?rest_route=\/wp\/v2\/pages\/14125","targetHints":{"allow":["GET"]}}],"collection":[{"href":"https:\/\/www.rarom.ro\/index.php?rest_route=\/wp\/v2\/pages"}],"about":[{"href":"https:\/\/www.rarom.ro\/index.php?rest_route=\/wp\/v2\/types\/page"}],"author":[{"embeddable":true,"href":"https:\/\/www.rarom.ro\/index.php?rest_route=\/wp\/v2\/users\/3"}],"replies":[{"embeddable":true,"href":"https:\/\/www.rarom.ro\/index.php?rest_route=%2Fwp%2Fv2%2Fcomments&post=14125"}],"version-history":[{"count":1,"href":"https:\/\/www.rarom.ro\/index.php?rest_route=\/wp\/v2\/pages\/14125\/revisions"}],"predecessor-version":[{"id":14130,"href":"https:\/\/www.rarom.ro\/index.php?rest_route=\/wp\/v2\/pages\/14125\/revisions\/14130"}],"up":[{"embeddable":true,"href":"https:\/\/www.rarom.ro\/index.php?rest_route=\/wp\/v2\/pages\/14102"}],"wp:attachment":[{"href":"https:\/\/www.rarom.ro\/index.php?rest_route=%2Fwp%2Fv2%2Fmedia&parent=14125"}],"curies":[{"name":"wp","href":"https:\/\/api.w.org\/{rel}","templated":true}]}}