{"id":1409,"date":"2015-12-09T13:03:18","date_gmt":"2015-12-09T11:03:18","guid":{"rendered":"https:\/\/www.rarom.ro\/?page_id=1409"},"modified":"2025-04-01T10:08:07","modified_gmt":"2025-04-01T07:08:07","slug":"departament-omologari-individuale-si-inspectii-tehnice","status":"publish","type":"page","link":"https:\/\/www.rarom.ro\/?page_id=1409","title":{"rendered":"Direc\u021bia Omolog\u0103ri Individuale \u015fi Inspec\u0163ii Tehnice"},"content":{"rendered":"<div class=\"text\">\n<p>Activit\u0103\u0163i proprii desf\u0103\u015furate \u00een cadrul reprezentan\u0163elor RAR:<br \/>\n1. Agreare vehicule transport m\u0103rfuri periculoase (ADR);<br \/>\n2. Agreare vehicule destinate \u00eenv\u0103\u0163\u0103rii conducerii auto;<br \/>\n3. Agreare vehicule destinate transportului \u00een regim de taxi;<br \/>\n4. Eliberare carte de identitate vehicul;<br \/>\n5. Certificarea autenticit\u0103\u0163ii vehiculelor;<br \/>\n6. Clasificare autobuze pe categorii;<br \/>\n7. Eliberare duplicat \/ \u00eenlocuire a c\u0103r\u0163ii de identitate a vehiculelor;<br \/>\n8. Aplicare folie securizare pe cartea de identitate a vehiculelor;<br \/>\n9. Verificare tehnic\u0103<br \/>\n10. ITP interna\u0163ional<br \/>\n11. Omologare<br \/>\n12. Redob\u00e2ndire certificat \u00eenmatriculare<\/p>\n<p><strong><a href=\"https:\/\/www.rarom.ro\/?page_id=12422\">Documente solicitate pentru activit\u0103\u0163ile D.O.I.I.T.<\/a><\/strong><\/p>\n<\/div>\n","protected":false},"excerpt":{"rendered":"<p>Activit\u0103\u0163i proprii desf\u0103\u015furate \u00een cadrul reprezentan\u0163elor RAR: 1. Agreare vehicule transport m\u0103rfuri periculoase (ADR); 2. Agreare vehicule destinate \u00eenv\u0103\u0163\u0103rii conducerii auto; 3. Agreare vehicule destinate transportului \u00een regim de taxi; 4. Eliberare carte de identitate vehicul; 5. Certificarea autenticit\u0103\u0163ii vehiculelor; 6. Clasificare autobuze pe categorii; 7. Eliberare duplicat \/ \u00eenlocuire a c\u0103r\u0163ii de identitate a [&hellip;]<\/p>\n","protected":false},"author":2,"featured_media":0,"parent":37,"menu_order":0,"comment_status":"closed","ping_status":"closed","template":"","meta":{"_acf_changed":false,"footnotes":""},"class_list":["post-1409","page","type-page","status-publish","hentry"],"acf":[],"_links":{"self":[{"href":"https:\/\/www.rarom.ro\/index.php?rest_route=\/wp\/v2\/pages\/1409","targetHints":{"allow":["GET"]}}],"collection":[{"href":"https:\/\/www.rarom.ro\/index.php?rest_route=\/wp\/v2\/pages"}],"about":[{"href":"https:\/\/www.rarom.ro\/index.php?rest_route=\/wp\/v2\/types\/page"}],"author":[{"embeddable":true,"href":"https:\/\/www.rarom.ro\/index.php?rest_route=\/wp\/v2\/users\/2"}],"replies":[{"embeddable":true,"href":"https:\/\/www.rarom.ro\/index.php?rest_route=%2Fwp%2Fv2%2Fcomments&post=1409"}],"version-history":[{"count":4,"href":"https:\/\/www.rarom.ro\/index.php?rest_route=\/wp\/v2\/pages\/1409\/revisions"}],"predecessor-version":[{"id":299346,"href":"https:\/\/www.rarom.ro\/index.php?rest_route=\/wp\/v2\/pages\/1409\/revisions\/299346"}],"up":[{"embeddable":true,"href":"https:\/\/www.rarom.ro\/index.php?rest_route=\/wp\/v2\/pages\/37"}],"wp:attachment":[{"href":"https:\/\/www.rarom.ro\/index.php?rest_route=%2Fwp%2Fv2%2Fmedia&parent=1409"}],"curies":[{"name":"wp","href":"https:\/\/api.w.org\/{rel}","templated":true}]}}