{"id":13975,"date":"2022-10-12T09:07:36","date_gmt":"2022-10-12T06:07:36","guid":{"rendered":"https:\/\/www.rarom.ro\/?page_id=13975"},"modified":"2022-10-12T09:12:37","modified_gmt":"2022-10-12T06:12:37","slug":"interviu","status":"publish","type":"page","link":"https:\/\/www.rarom.ro\/?page_id=13975","title":{"rendered":"Interviu"},"content":{"rendered":"<p><strong>Prof. Univ. Dr. Ing. Cristian &#8211; Nicolae Andreescu<\/strong><\/p>\n<p><img loading=\"lazy\" decoding=\"async\" class=\"size-full wp-image-13976 aligncenter\" src=\"https:\/\/www.rarom.ro\/wp-content\/uploads\/2022\/10\/Interviu-mare.jpg\" alt=\"\" width=\"730\" height=\"450\" srcset=\"https:\/\/www.rarom.ro\/wp-content\/uploads\/2022\/10\/Interviu-mare.jpg 730w, https:\/\/www.rarom.ro\/wp-content\/uploads\/2022\/10\/Interviu-mare-300x185.jpg 300w\" sizes=\"auto, (max-width: 730px) 100vw, 730px\" \/><\/p>\n<p style=\"text-align: justify;\"><img loading=\"lazy\" decoding=\"async\" class=\"alignleft size-full wp-image-13978\" src=\"https:\/\/www.rarom.ro\/wp-content\/uploads\/2022\/10\/Interviu-pagini.jpg\" alt=\"\" width=\"250\" height=\"165\" \/>Mama sa l-a vrut electronist, dar un Fiat 850 i-a influen\u021bat via\u021ba. A fost ma\u0219ina pe care Cristian-Nicolae Andreescu a \u00eenv\u0103\u021bat s\u0103 \u201e\u0219urub\u0103reasc\u0103\u201d, \u201emurdar p\u00e2n\u0103 la umeri\u201d \u0219i care l-a ajutat s\u0103 decid\u0103 c\u0103 \u00ee\u0219i dore\u0219te s\u0103 studieze la o facultate auto, pe care a terminat-o ca \u0219ef de promo\u021bie. Lucreaz\u0103 de 50 de ani la Institutului Politehnic \u0219i a avut peste 10.000 de studen\u021bi. A scris c\u0103r\u021bi, articole \u0219i a g\u00e2ndit cursuri, iar 16 ani a fost \u0219eful catedrei de Autovehicule Rutiere. [\u2026]<\/p>\n","protected":false},"excerpt":{"rendered":"<p>Prof. Univ. Dr. Ing. Cristian &#8211; Nicolae Andreescu Mama sa l-a vrut electronist, dar un Fiat 850 i-a influen\u021bat via\u021ba. A fost ma\u0219ina pe care Cristian-Nicolae Andreescu a \u00eenv\u0103\u021bat s\u0103 \u201e\u0219urub\u0103reasc\u0103\u201d, \u201emurdar p\u00e2n\u0103 la umeri\u201d \u0219i care l-a ajutat s\u0103 decid\u0103 c\u0103 \u00ee\u0219i dore\u0219te s\u0103 studieze la o facultate auto, pe care a terminat-o ca [&hellip;]<\/p>\n","protected":false},"author":3,"featured_media":0,"parent":13925,"menu_order":4,"comment_status":"closed","ping_status":"closed","template":"","meta":{"_acf_changed":false,"footnotes":""},"class_list":["post-13975","page","type-page","status-publish","hentry"],"acf":[],"_links":{"self":[{"href":"https:\/\/www.rarom.ro\/index.php?rest_route=\/wp\/v2\/pages\/13975","targetHints":{"allow":["GET"]}}],"collection":[{"href":"https:\/\/www.rarom.ro\/index.php?rest_route=\/wp\/v2\/pages"}],"about":[{"href":"https:\/\/www.rarom.ro\/index.php?rest_route=\/wp\/v2\/types\/page"}],"author":[{"embeddable":true,"href":"https:\/\/www.rarom.ro\/index.php?rest_route=\/wp\/v2\/users\/3"}],"replies":[{"embeddable":true,"href":"https:\/\/www.rarom.ro\/index.php?rest_route=%2Fwp%2Fv2%2Fcomments&post=13975"}],"version-history":[{"count":1,"href":"https:\/\/www.rarom.ro\/index.php?rest_route=\/wp\/v2\/pages\/13975\/revisions"}],"predecessor-version":[{"id":13980,"href":"https:\/\/www.rarom.ro\/index.php?rest_route=\/wp\/v2\/pages\/13975\/revisions\/13980"}],"up":[{"embeddable":true,"href":"https:\/\/www.rarom.ro\/index.php?rest_route=\/wp\/v2\/pages\/13925"}],"wp:attachment":[{"href":"https:\/\/www.rarom.ro\/index.php?rest_route=%2Fwp%2Fv2%2Fmedia&parent=13975"}],"curies":[{"name":"wp","href":"https:\/\/api.w.org\/{rel}","templated":true}]}}