{"id":13951,"date":"2022-10-12T09:00:44","date_gmt":"2022-10-12T06:00:44","guid":{"rendered":"https:\/\/www.rarom.ro\/?page_id=13951"},"modified":"2022-10-12T09:15:14","modified_gmt":"2022-10-12T06:15:14","slug":"bmw-x3-xdrive30e","status":"publish","type":"page","link":"https:\/\/www.rarom.ro\/?page_id=13951","title":{"rendered":"BMW X3 xDrive30e"},"content":{"rendered":"<p><strong>Test: BMW X3 xDrive30e<\/strong><\/p>\n<p><img loading=\"lazy\" decoding=\"async\" class=\"size-full wp-image-13952 aligncenter\" src=\"https:\/\/www.rarom.ro\/wp-content\/uploads\/2022\/10\/Test-BMW-mare.jpg\" alt=\"\" width=\"730\" height=\"450\" srcset=\"https:\/\/www.rarom.ro\/wp-content\/uploads\/2022\/10\/Test-BMW-mare.jpg 730w, https:\/\/www.rarom.ro\/wp-content\/uploads\/2022\/10\/Test-BMW-mare-300x185.jpg 300w\" sizes=\"auto, (max-width: 730px) 100vw, 730px\" \/><\/p>\n<p style=\"text-align: justify;\"><img loading=\"lazy\" decoding=\"async\" class=\"alignleft size-full wp-image-13954\" src=\"https:\/\/www.rarom.ro\/wp-content\/uploads\/2022\/10\/Test-BMW-pagini.jpg\" alt=\"\" width=\"250\" height=\"165\" \/>Chiar dac\u0103 apar \u00een num\u0103r din ce \u00een ce mai mare, ma\u0219inile electrice nu mul\u021bumesc, \u00eenc\u0103, pe toat\u0103 lumea. Pentru aceast\u0103 categorie, BMW consolideaz\u0103 puntea \u00eentre vechi \u0219i nou ad\u0103ug\u00e2nd \u00een gam\u0103 \u00eenc\u0103 un PHEV. [\u2026]<\/p>\n","protected":false},"excerpt":{"rendered":"<p>Test: BMW X3 xDrive30e Chiar dac\u0103 apar \u00een num\u0103r din ce \u00een ce mai mare, ma\u0219inile electrice nu mul\u021bumesc, \u00eenc\u0103, pe toat\u0103 lumea. Pentru aceast\u0103 categorie, BMW consolideaz\u0103 puntea \u00eentre vechi \u0219i nou ad\u0103ug\u00e2nd \u00een gam\u0103 \u00eenc\u0103 un PHEV. [\u2026]<\/p>\n","protected":false},"author":3,"featured_media":0,"parent":13929,"menu_order":4,"comment_status":"closed","ping_status":"closed","template":"","meta":{"_acf_changed":false,"footnotes":""},"class_list":["post-13951","page","type-page","status-publish","hentry"],"acf":[],"_links":{"self":[{"href":"https:\/\/www.rarom.ro\/index.php?rest_route=\/wp\/v2\/pages\/13951","targetHints":{"allow":["GET"]}}],"collection":[{"href":"https:\/\/www.rarom.ro\/index.php?rest_route=\/wp\/v2\/pages"}],"about":[{"href":"https:\/\/www.rarom.ro\/index.php?rest_route=\/wp\/v2\/types\/page"}],"author":[{"embeddable":true,"href":"https:\/\/www.rarom.ro\/index.php?rest_route=\/wp\/v2\/users\/3"}],"replies":[{"embeddable":true,"href":"https:\/\/www.rarom.ro\/index.php?rest_route=%2Fwp%2Fv2%2Fcomments&post=13951"}],"version-history":[{"count":1,"href":"https:\/\/www.rarom.ro\/index.php?rest_route=\/wp\/v2\/pages\/13951\/revisions"}],"predecessor-version":[{"id":13956,"href":"https:\/\/www.rarom.ro\/index.php?rest_route=\/wp\/v2\/pages\/13951\/revisions\/13956"}],"up":[{"embeddable":true,"href":"https:\/\/www.rarom.ro\/index.php?rest_route=\/wp\/v2\/pages\/13929"}],"wp:attachment":[{"href":"https:\/\/www.rarom.ro\/index.php?rest_route=%2Fwp%2Fv2%2Fmedia&parent=13951"}],"curies":[{"name":"wp","href":"https:\/\/api.w.org\/{rel}","templated":true}]}}