{"id":13933,"date":"2022-10-12T08:54:15","date_gmt":"2022-10-12T05:54:15","guid":{"rendered":"https:\/\/www.rarom.ro\/?page_id=13933"},"modified":"2022-10-12T09:13:52","modified_gmt":"2022-10-12T06:13:52","slug":"dacia-jogger","status":"publish","type":"page","link":"https:\/\/www.rarom.ro\/?page_id=13933","title":{"rendered":"Dacia Jogger"},"content":{"rendered":"<p><strong>Test: Dacia Jogger<\/strong><\/p>\n<p><img loading=\"lazy\" decoding=\"async\" class=\"size-full wp-image-13934 aligncenter\" src=\"https:\/\/www.rarom.ro\/wp-content\/uploads\/2022\/10\/Test-Dacia-mare.jpg\" alt=\"\" width=\"730\" height=\"450\" srcset=\"https:\/\/www.rarom.ro\/wp-content\/uploads\/2022\/10\/Test-Dacia-mare.jpg 730w, https:\/\/www.rarom.ro\/wp-content\/uploads\/2022\/10\/Test-Dacia-mare-300x185.jpg 300w\" sizes=\"auto, (max-width: 730px) 100vw, 730px\" \/><\/p>\n<p style=\"text-align: justify;\"><img loading=\"lazy\" decoding=\"async\" class=\"alignleft size-full wp-image-13936\" src=\"https:\/\/www.rarom.ro\/wp-content\/uploads\/2022\/10\/Test-Dacia-pagini.jpg\" alt=\"\" width=\"250\" height=\"165\" \/>Noua Dacia Jogger, asemenea modelelor MCV sau Lodgy, amplific\u0103 componenta practic\u0103 cu un al treilea r\u00e2nd de scaune astfel \u00eenc\u00e2t s\u0103 acopere c\u00e2t mai multe dintre diversele nevoi de transport ale utilizatorilor. Nevoi care se adapteaz\u0103 \u00een permanen\u0163\u0103 la noi cerin\u021be \u0219i a\u0219tept\u0103ri cauzate de un ritm al vie\u0163ii din ce \u00een ce mai trepidant. [\u2026]<\/p>\n","protected":false},"excerpt":{"rendered":"<p>Test: Dacia Jogger Noua Dacia Jogger, asemenea modelelor MCV sau Lodgy, amplific\u0103 componenta practic\u0103 cu un al treilea r\u00e2nd de scaune astfel \u00eenc\u00e2t s\u0103 acopere c\u00e2t mai multe dintre diversele nevoi de transport ale utilizatorilor. Nevoi care se adapteaz\u0103 \u00een permanen\u0163\u0103 la noi cerin\u021be \u0219i a\u0219tept\u0103ri cauzate de un ritm al vie\u0163ii din ce \u00een [&hellip;]<\/p>\n","protected":false},"author":3,"featured_media":0,"parent":13929,"menu_order":1,"comment_status":"closed","ping_status":"closed","template":"","meta":{"_acf_changed":false,"footnotes":""},"class_list":["post-13933","page","type-page","status-publish","hentry"],"acf":[],"_links":{"self":[{"href":"https:\/\/www.rarom.ro\/index.php?rest_route=\/wp\/v2\/pages\/13933","targetHints":{"allow":["GET"]}}],"collection":[{"href":"https:\/\/www.rarom.ro\/index.php?rest_route=\/wp\/v2\/pages"}],"about":[{"href":"https:\/\/www.rarom.ro\/index.php?rest_route=\/wp\/v2\/types\/page"}],"author":[{"embeddable":true,"href":"https:\/\/www.rarom.ro\/index.php?rest_route=\/wp\/v2\/users\/3"}],"replies":[{"embeddable":true,"href":"https:\/\/www.rarom.ro\/index.php?rest_route=%2Fwp%2Fv2%2Fcomments&post=13933"}],"version-history":[{"count":1,"href":"https:\/\/www.rarom.ro\/index.php?rest_route=\/wp\/v2\/pages\/13933\/revisions"}],"predecessor-version":[{"id":13938,"href":"https:\/\/www.rarom.ro\/index.php?rest_route=\/wp\/v2\/pages\/13933\/revisions\/13938"}],"up":[{"embeddable":true,"href":"https:\/\/www.rarom.ro\/index.php?rest_route=\/wp\/v2\/pages\/13929"}],"wp:attachment":[{"href":"https:\/\/www.rarom.ro\/index.php?rest_route=%2Fwp%2Fv2%2Fmedia&parent=13933"}],"curies":[{"name":"wp","href":"https:\/\/api.w.org\/{rel}","templated":true}]}}