{"id":13808,"date":"2022-09-06T14:54:27","date_gmt":"2022-09-06T11:54:27","guid":{"rendered":"https:\/\/www.rarom.ro\/?page_id=13808"},"modified":"2022-09-06T15:08:27","modified_gmt":"2022-09-06T12:08:27","slug":"tehno","status":"publish","type":"page","link":"https:\/\/www.rarom.ro\/?page_id=13808","title":{"rendered":"Tehno"},"content":{"rendered":"<p><strong>Ford Transit Pro Electric<\/strong><\/p>\n<p><img loading=\"lazy\" decoding=\"async\" class=\"size-full wp-image-13809 aligncenter\" src=\"https:\/\/www.rarom.ro\/wp-content\/uploads\/2022\/09\/Tehno-mare.jpg\" alt=\"\" width=\"730\" height=\"450\" srcset=\"https:\/\/www.rarom.ro\/wp-content\/uploads\/2022\/09\/Tehno-mare.jpg 730w, https:\/\/www.rarom.ro\/wp-content\/uploads\/2022\/09\/Tehno-mare-300x185.jpg 300w\" sizes=\"auto, (max-width: 730px) 100vw, 730px\" \/><\/p>\n<p style=\"text-align: justify;\"><img loading=\"lazy\" decoding=\"async\" class=\"alignleft size-full wp-image-13811\" src=\"https:\/\/www.rarom.ro\/wp-content\/uploads\/2022\/09\/Tehno-pagini.jpg\" alt=\"\" width=\"250\" height=\"165\" \/>Sigur v\u0103 este cunoscut\u0103 povestea cu r\u0103\u021bu\u0219ca cea ur\u00e2t\u0103 care ajunge o frumoas\u0103 leb\u0103d\u0103. Sau, mai nou, a omului s\u0103rac ce ajunge un bogat om de afaceri. Dar, \u0219ti\u021bi cum poate Ford s\u0103 transforme un van Transit \u00eentr-un monstru electric de curse? [&#8230;]<\/p>\n","protected":false},"excerpt":{"rendered":"<p>Ford Transit Pro Electric Sigur v\u0103 este cunoscut\u0103 povestea cu r\u0103\u021bu\u0219ca cea ur\u00e2t\u0103 care ajunge o frumoas\u0103 leb\u0103d\u0103. Sau, mai nou, a omului s\u0103rac ce ajunge un bogat om de afaceri. Dar, \u0219ti\u021bi cum poate Ford s\u0103 transforme un van Transit \u00eentr-un monstru electric de curse? [&#8230;]<\/p>\n","protected":false},"author":3,"featured_media":0,"parent":13761,"menu_order":5,"comment_status":"closed","ping_status":"closed","template":"","meta":{"_acf_changed":false,"footnotes":""},"class_list":["post-13808","page","type-page","status-publish","hentry"],"acf":[],"_links":{"self":[{"href":"https:\/\/www.rarom.ro\/index.php?rest_route=\/wp\/v2\/pages\/13808","targetHints":{"allow":["GET"]}}],"collection":[{"href":"https:\/\/www.rarom.ro\/index.php?rest_route=\/wp\/v2\/pages"}],"about":[{"href":"https:\/\/www.rarom.ro\/index.php?rest_route=\/wp\/v2\/types\/page"}],"author":[{"embeddable":true,"href":"https:\/\/www.rarom.ro\/index.php?rest_route=\/wp\/v2\/users\/3"}],"replies":[{"embeddable":true,"href":"https:\/\/www.rarom.ro\/index.php?rest_route=%2Fwp%2Fv2%2Fcomments&post=13808"}],"version-history":[{"count":2,"href":"https:\/\/www.rarom.ro\/index.php?rest_route=\/wp\/v2\/pages\/13808\/revisions"}],"predecessor-version":[{"id":13814,"href":"https:\/\/www.rarom.ro\/index.php?rest_route=\/wp\/v2\/pages\/13808\/revisions\/13814"}],"up":[{"embeddable":true,"href":"https:\/\/www.rarom.ro\/index.php?rest_route=\/wp\/v2\/pages\/13761"}],"wp:attachment":[{"href":"https:\/\/www.rarom.ro\/index.php?rest_route=%2Fwp%2Fv2%2Fmedia&parent=13808"}],"curies":[{"name":"wp","href":"https:\/\/api.w.org\/{rel}","templated":true}]}}