{"id":1380,"date":"2015-12-01T15:30:37","date_gmt":"2015-12-01T15:30:37","guid":{"rendered":"https:\/\/www.rarom.ro\/?page_id=1380"},"modified":"2023-08-25T11:50:00","modified_gmt":"2023-08-25T08:50:00","slug":"salonul-auto-bucuresti-2013","status":"publish","type":"page","link":"https:\/\/www.rarom.ro\/?page_id=1380","title":{"rendered":"Salonul Auto Bucure\u015fti 2013"},"content":{"rendered":"<div class=\"m-col\">\n<div class=\"article\">\n<div><img decoding=\"async\" class=\"aligncenter\" src=\"https:\/\/www.rarom.ro\/cs-photos\/illustration\/835_SAB_RAR1.png\" alt=\"\" width=\"554\"><\/div>\n<div class=\"text\">\n<p>Numeroase premiere na\u0163ionale dar \u015fi cele mai recente modele sosite direct de la Salonul Auto de la Frankfurt au fost prezentate la Salonul Auto Bucure\u015fti 2013.<\/p>\n<p>Toamna a \u00eenceput anul acesta cu un eveniment important pentru pia\u0163a auto rom\u00e2neasc\u0103 \u015fi anume Salonul Auto Bucure\u015fti 2013, edi\u0163ie jubiliar\u0103 la 20 de ani de la prima apari\u0163ie.<br \/>\nSAB este singura expozi\u0163ie auto cu tradi\u0163ie, fiind primul eveniment auto cu caracter specializat din Rom\u00e2nia \u015fi a fost organizat sub patronajul Ministerului Economiei, Ministerului Mediului \u015fi Schimb\u0103rilor Climatice, Ministerului Afacerilor Interne, precum \u015fi cu sprijinul Prim\u0103riei Municipiului Bucure\u015fti \u015fi a Registrului Auto Rom\u00e2n.<\/p>\n<p><strong>M\u0103rcile auto prezente anul acesta la SAB au fost<\/strong>: BMW, Chevrolet, Citro\u00ebn, Ford, Honda, Hyundai, Isuzu, Jaguar, Kia, Land Rover, Mercedes-Benz, MINI, Mitsubishi, Nissan, Opel, Peugeot, Seat, Skoda \u015fi Suzuki.<\/p>\n<p>Modele noi precum Mercedes-Benz S-Klasse, Range Rover Sport, Jaguar F Type, Hyundai ix35 Facelift \u015fi noul Hyundai i 10 au fost prezentate \u00eentr-un cadru festiv cu participarea unor vedete de televiziune.<\/p>\n<p>Honda Rom\u00e2nia a lansat noul model Honda CR-V echipat cu motorul i-DTEC cu capacitatea de 1,6 litri \u015fi puterea de 120 CP. La standul Honda au mai fost prezentate Honda Accord H Sedan 2,4 Type 5, Honda Jazz motor 1,4 benzin\u0103, Honda Civic Sedan motor 1,8 benzin\u0103, Honda CR-V diesel cu dou\u0103 niveluri de echipare Confort \u015fi Executive, precum \u015fi premiere moto.<\/p>\n<p>Peugeot a prezentat gama de modele pentru toate segmentele: 107, 208, 508, 508 RXH hybrid4, 3008, 4008, 5008 \u015fi varianta sport RCZ facelift \u00eempreun\u0103 cu utilitarele Partner, Expert Tapee \u015fi Boxer.<\/p>\n<p>Citro\u00ebn a prezentat nout\u0103\u0163ile variantelor C4 Picasso \u015fi Grand C4 Picasso, iar Nissan a prezentat variante ale modelelor Juke Nismo \u015fi Note.<\/p>\n<p>Kia a expus o gam\u0103 larg\u0103 de modele \u00eencep\u00e2nd cu Kia cee\u2019d 1,6 DSL 6MT CITY \u015fi termin\u00e2nd cu Sportage 2.0 DSL STYLE, iar Isuzu modelul D-Max 2.5 DSL MT.<\/p>\n<p>\u00cen pavilionul destinat pieselor, accesoriilor \u015fi echipamentelor firme ca MAHA \u015fi BGS Technik din Germania sau Facom \u015fi Unior au transmis oferte avantajoase pentru aparatur\u0103 de control, scule \u015fi dispozitive pentru repara\u0163ii.<\/p>\n<p>Unul din pavilioanele expozi\u0163iei a fost dedicat ma\u015finilor clasice \u201eoldtimer\u201d cu exponate valoroase at\u00e2t prin legendele acestora c\u00e2t \u015fi prin valoarea de pia\u0163\u0103 \u015fi valoarea istoric\u0103 coroborat\u0103 cu noile tendin\u0163e ale societ\u0103\u0163ii actuale.<\/p>\n<p>Pentru delectarea publicului vizitator, s-au creat showuri de acroba\u0163ie aeriene sus\u0163inute de echipa ICARII ACROBA\u0162I care au pilotat avioane YAK 52TW realiz\u00e2nd o atmosfer\u0103 pl\u0103cut\u0103, relaxant\u0103 tuturor participan\u0163ilor \u015fi iubitorilor acestui nobil sport.<br \/>\nDe asemenea, tot pentru atragerea publicului spectator, campionul na\u0163ional de drift Sorin Ene, recunoscut prin agresivitate \u00een conducere \u015fi perfec\u0163iune \u00een abordarea virajelor, a oferit un spectacol remarcabil cu un automobil BMW seria 3.<\/p>\n<p>Organizatorul SAB s-a implicat \u015fi \u00een proiectul umanitar \u201eDe la zero la Zorro\u201d dedicat b\u0103ie\u0163ilor minori din Centrul de Reeducare Buzia\u015f.<\/p>\n<p align=\"center\"><a href=\"https:\/\/www.rarom.ro\/cs-photos\/SAB_RAR2.jpg\" target=\"_blank\" rel=\"noopener\"><img loading=\"lazy\" decoding=\"async\" src=\"https:\/\/www.rarom.ro\/cs-photos\/SAB_RAR2.png\" alt=\"SAB_RAR\" width=\"410\" height=\"310\" align=\"baseline\" border=\"0\" hspace=\"0\"><\/a><\/p>\n<p align=\"center\"><a href=\"https:\/\/www.rarom.ro\/cs-photos\/SAB_RAR3.jpg\" target=\"_blank\" rel=\"noopener\"><img loading=\"lazy\" decoding=\"async\" src=\"https:\/\/www.rarom.ro\/cs-photos\/SAB_RAR3.png\" alt=\"SAB_RAR\" width=\"410\" height=\"277\" align=\"baseline\" border=\"0\" hspace=\"0\"><\/a><\/p>\n<p align=\"center\"><a href=\"https:\/\/www.rarom.ro\/cs-photos\/SAB_RAR5.jpg\" target=\"_blank\" rel=\"noopener\"><img loading=\"lazy\" decoding=\"async\" src=\"https:\/\/www.rarom.ro\/cs-photos\/SAB_RAR5.png\" alt=\"SAB_RAR\" width=\"410\" height=\"277\" align=\"baseline\" border=\"0\" hspace=\"0\"><\/a><\/p>\n<p align=\"center\"><a href=\"https:\/\/www.rarom.ro\/cs-photos\/SAB_RAR6.jpg\" target=\"_blank\" rel=\"noopener\"><img loading=\"lazy\" decoding=\"async\" src=\"https:\/\/www.rarom.ro\/cs-photos\/SAB_RAR6.png\" alt=\"SAB_RAR\" width=\"410\" height=\"277\" align=\"baseline\" border=\"0\" hspace=\"0\"><\/a><\/p>\n<p align=\"center\"><a href=\"https:\/\/www.rarom.ro\/cs-photos\/SAB_RAR4.jpg\" target=\"_blank\" rel=\"noopener\"><img loading=\"lazy\" decoding=\"async\" src=\"https:\/\/www.rarom.ro\/cs-photos\/SAB_RAR4.png\" alt=\"SAB_RAR\" width=\"410\" height=\"277\" align=\"baseline\" border=\"0\" hspace=\"0\"><\/a><\/p>\n<p align=\"center\"><a href=\"https:\/\/www.rarom.ro\/cs-photos\/SAB_RAR7.jpg\" target=\"_blank\" rel=\"noopener\"><img loading=\"lazy\" decoding=\"async\" src=\"https:\/\/www.rarom.ro\/cs-photos\/SAB_RAR7.png\" alt=\"SAB_RAR\" width=\"410\" height=\"277\" align=\"baseline\" border=\"0\" hspace=\"0\"><\/a><\/p>\n<\/div>\n<\/div>\n<\/div>\n<div class=\"r-col\"><\/div>\n","protected":false},"excerpt":{"rendered":"<p>Numeroase premiere na\u0163ionale dar \u015fi cele mai recente modele sosite direct de la Salonul Auto de la Frankfurt au fost prezentate la Salonul Auto Bucure\u015fti 2013. Toamna a \u00eenceput anul acesta cu un eveniment important pentru pia\u0163a auto rom\u00e2neasc\u0103 \u015fi anume Salonul Auto Bucure\u015fti 2013, edi\u0163ie jubiliar\u0103 la 20 de ani de la prima apari\u0163ie. [&hellip;]<\/p>\n","protected":false},"author":1,"featured_media":0,"parent":1359,"menu_order":0,"comment_status":"closed","ping_status":"closed","template":"","meta":{"_acf_changed":false,"footnotes":""},"class_list":["post-1380","page","type-page","status-publish","hentry"],"acf":[],"_links":{"self":[{"href":"https:\/\/www.rarom.ro\/index.php?rest_route=\/wp\/v2\/pages\/1380","targetHints":{"allow":["GET"]}}],"collection":[{"href":"https:\/\/www.rarom.ro\/index.php?rest_route=\/wp\/v2\/pages"}],"about":[{"href":"https:\/\/www.rarom.ro\/index.php?rest_route=\/wp\/v2\/types\/page"}],"author":[{"embeddable":true,"href":"https:\/\/www.rarom.ro\/index.php?rest_route=\/wp\/v2\/users\/1"}],"replies":[{"embeddable":true,"href":"https:\/\/www.rarom.ro\/index.php?rest_route=%2Fwp%2Fv2%2Fcomments&post=1380"}],"version-history":[{"count":3,"href":"https:\/\/www.rarom.ro\/index.php?rest_route=\/wp\/v2\/pages\/1380\/revisions"}],"predecessor-version":[{"id":295083,"href":"https:\/\/www.rarom.ro\/index.php?rest_route=\/wp\/v2\/pages\/1380\/revisions\/295083"}],"up":[{"embeddable":true,"href":"https:\/\/www.rarom.ro\/index.php?rest_route=\/wp\/v2\/pages\/1359"}],"wp:attachment":[{"href":"https:\/\/www.rarom.ro\/index.php?rest_route=%2Fwp%2Fv2%2Fmedia&parent=1380"}],"curies":[{"name":"wp","href":"https:\/\/api.w.org\/{rel}","templated":true}]}}