{"id":13796,"date":"2022-09-06T14:50:04","date_gmt":"2022-09-06T11:50:04","guid":{"rendered":"https:\/\/www.rarom.ro\/?page_id=13796"},"modified":"2022-09-06T15:07:53","modified_gmt":"2022-09-06T12:07:53","slug":"eveniment","status":"publish","type":"page","link":"https:\/\/www.rarom.ro\/?page_id=13796","title":{"rendered":"Eveniment"},"content":{"rendered":"<p><strong>MINI Concept Aceman<\/strong><\/p>\n<p><img loading=\"lazy\" decoding=\"async\" class=\"size-full wp-image-13797 aligncenter\" src=\"https:\/\/www.rarom.ro\/wp-content\/uploads\/2022\/09\/Eveniment-mare.jpg\" alt=\"\" width=\"730\" height=\"450\" srcset=\"https:\/\/www.rarom.ro\/wp-content\/uploads\/2022\/09\/Eveniment-mare.jpg 730w, https:\/\/www.rarom.ro\/wp-content\/uploads\/2022\/09\/Eveniment-mare-300x185.jpg 300w\" sizes=\"auto, (max-width: 730px) 100vw, 730px\" \/><\/p>\n<p style=\"text-align: justify;\"><img loading=\"lazy\" decoding=\"async\" class=\"alignleft size-full wp-image-13799\" src=\"https:\/\/www.rarom.ro\/wp-content\/uploads\/2022\/09\/Eveniment-pagini.jpg\" alt=\"\" width=\"250\" height=\"165\" \/>Mini, marca britanic\u0103 celebr\u0103 \u00een \u00eentreaga lume, se afl\u0103 la un punct de cotitur\u0103. \u0218i-a asumat electrificarea total\u0103 a gamei de modele p\u00e2n\u0103 \u00een anul 2030, dar trebuie s\u0103 \u00ee\u0219i p\u0103streze spiritul care a consacrat-o. Mini Aceman ne arat\u0103 direc\u021bia \u00een care va merge brandul britanic. [&#8230;]<\/p>\n","protected":false},"excerpt":{"rendered":"<p>MINI Concept Aceman Mini, marca britanic\u0103 celebr\u0103 \u00een \u00eentreaga lume, se afl\u0103 la un punct de cotitur\u0103. \u0218i-a asumat electrificarea total\u0103 a gamei de modele p\u00e2n\u0103 \u00een anul 2030, dar trebuie s\u0103 \u00ee\u0219i p\u0103streze spiritul care a consacrat-o. Mini Aceman ne arat\u0103 direc\u021bia \u00een care va merge brandul britanic. [&#8230;]<\/p>\n","protected":false},"author":3,"featured_media":0,"parent":13761,"menu_order":3,"comment_status":"closed","ping_status":"closed","template":"","meta":{"_acf_changed":false,"footnotes":""},"class_list":["post-13796","page","type-page","status-publish","hentry"],"acf":[],"_links":{"self":[{"href":"https:\/\/www.rarom.ro\/index.php?rest_route=\/wp\/v2\/pages\/13796","targetHints":{"allow":["GET"]}}],"collection":[{"href":"https:\/\/www.rarom.ro\/index.php?rest_route=\/wp\/v2\/pages"}],"about":[{"href":"https:\/\/www.rarom.ro\/index.php?rest_route=\/wp\/v2\/types\/page"}],"author":[{"embeddable":true,"href":"https:\/\/www.rarom.ro\/index.php?rest_route=\/wp\/v2\/users\/3"}],"replies":[{"embeddable":true,"href":"https:\/\/www.rarom.ro\/index.php?rest_route=%2Fwp%2Fv2%2Fcomments&post=13796"}],"version-history":[{"count":1,"href":"https:\/\/www.rarom.ro\/index.php?rest_route=\/wp\/v2\/pages\/13796\/revisions"}],"predecessor-version":[{"id":13801,"href":"https:\/\/www.rarom.ro\/index.php?rest_route=\/wp\/v2\/pages\/13796\/revisions\/13801"}],"up":[{"embeddable":true,"href":"https:\/\/www.rarom.ro\/index.php?rest_route=\/wp\/v2\/pages\/13761"}],"wp:attachment":[{"href":"https:\/\/www.rarom.ro\/index.php?rest_route=%2Fwp%2Fv2%2Fmedia&parent=13796"}],"curies":[{"name":"wp","href":"https:\/\/api.w.org\/{rel}","templated":true}]}}