{"id":13775,"date":"2022-09-06T14:41:04","date_gmt":"2022-09-06T11:41:04","guid":{"rendered":"https:\/\/www.rarom.ro\/?page_id=13775"},"modified":"2022-09-06T15:04:45","modified_gmt":"2022-09-06T12:04:45","slug":"peugeot-308-phev","status":"publish","type":"page","link":"https:\/\/www.rarom.ro\/?page_id=13775","title":{"rendered":"Peugeot 308 PHEV"},"content":{"rendered":"<p><strong>Test: Peugeot 308 PHEV<\/strong><\/p>\n<p><img loading=\"lazy\" decoding=\"async\" class=\"size-full wp-image-13776 aligncenter\" src=\"https:\/\/www.rarom.ro\/wp-content\/uploads\/2022\/09\/Test-Peugeot-mare.jpg\" alt=\"\" width=\"730\" height=\"450\" srcset=\"https:\/\/www.rarom.ro\/wp-content\/uploads\/2022\/09\/Test-Peugeot-mare.jpg 730w, https:\/\/www.rarom.ro\/wp-content\/uploads\/2022\/09\/Test-Peugeot-mare-300x185.jpg 300w\" sizes=\"auto, (max-width: 730px) 100vw, 730px\" \/><\/p>\n<p style=\"text-align: justify;\"><img loading=\"lazy\" decoding=\"async\" class=\"alignleft size-full wp-image-13778\" src=\"https:\/\/www.rarom.ro\/wp-content\/uploads\/2022\/09\/Test-Peugeot-pagini.jpg\" alt=\"\" width=\"250\" height=\"165\" \/>Posesor al noii embleme a m\u0103rcii, noul Peugeot 308 eman\u0103 prin to\u0163i porii \u00eencredere, personalitate \u015fi emancipare. Varianta Plug-in Hybrid \u00ee\u015fi nuan\u0163eaz\u0103 prezen\u0163a prin detalii de design \u015fi tehnologii moderne excelent omogenizate \u015fi \u00eempachetate. [&#8230;]<\/p>\n","protected":false},"excerpt":{"rendered":"<p>Test: Peugeot 308 PHEV Posesor al noii embleme a m\u0103rcii, noul Peugeot 308 eman\u0103 prin to\u0163i porii \u00eencredere, personalitate \u015fi emancipare. Varianta Plug-in Hybrid \u00ee\u015fi nuan\u0163eaz\u0103 prezen\u0163a prin detalii de design \u015fi tehnologii moderne excelent omogenizate \u015fi \u00eempachetate. [&#8230;]<\/p>\n","protected":false},"author":3,"featured_media":0,"parent":13765,"menu_order":2,"comment_status":"closed","ping_status":"closed","template":"","meta":{"_acf_changed":false,"footnotes":""},"class_list":["post-13775","page","type-page","status-publish","hentry"],"acf":[],"_links":{"self":[{"href":"https:\/\/www.rarom.ro\/index.php?rest_route=\/wp\/v2\/pages\/13775","targetHints":{"allow":["GET"]}}],"collection":[{"href":"https:\/\/www.rarom.ro\/index.php?rest_route=\/wp\/v2\/pages"}],"about":[{"href":"https:\/\/www.rarom.ro\/index.php?rest_route=\/wp\/v2\/types\/page"}],"author":[{"embeddable":true,"href":"https:\/\/www.rarom.ro\/index.php?rest_route=\/wp\/v2\/users\/3"}],"replies":[{"embeddable":true,"href":"https:\/\/www.rarom.ro\/index.php?rest_route=%2Fwp%2Fv2%2Fcomments&post=13775"}],"version-history":[{"count":3,"href":"https:\/\/www.rarom.ro\/index.php?rest_route=\/wp\/v2\/pages\/13775\/revisions"}],"predecessor-version":[{"id":13822,"href":"https:\/\/www.rarom.ro\/index.php?rest_route=\/wp\/v2\/pages\/13775\/revisions\/13822"}],"up":[{"embeddable":true,"href":"https:\/\/www.rarom.ro\/index.php?rest_route=\/wp\/v2\/pages\/13765"}],"wp:attachment":[{"href":"https:\/\/www.rarom.ro\/index.php?rest_route=%2Fwp%2Fv2%2Fmedia&parent=13775"}],"curies":[{"name":"wp","href":"https:\/\/api.w.org\/{rel}","templated":true}]}}