{"id":13769,"date":"2022-09-06T14:38:57","date_gmt":"2022-09-06T11:38:57","guid":{"rendered":"https:\/\/www.rarom.ro\/?page_id=13769"},"modified":"2022-09-06T15:00:01","modified_gmt":"2022-09-06T12:00:01","slug":"dacia-spring","status":"publish","type":"page","link":"https:\/\/www.rarom.ro\/?page_id=13769","title":{"rendered":"Dacia Spring"},"content":{"rendered":"<p><strong>Test: Dacia Spring<\/strong><\/p>\n<p><a href=\"https:\/\/www.rarom.ro\/wp-content\/uploads\/2022\/09\/Test-Dacia-mare.jpg\"><img loading=\"lazy\" decoding=\"async\" class=\"size-full wp-image-13770 aligncenter\" src=\"https:\/\/www.rarom.ro\/wp-content\/uploads\/2022\/09\/Test-Dacia-mare.jpg\" alt=\"\" width=\"730\" height=\"450\" srcset=\"https:\/\/www.rarom.ro\/wp-content\/uploads\/2022\/09\/Test-Dacia-mare.jpg 730w, https:\/\/www.rarom.ro\/wp-content\/uploads\/2022\/09\/Test-Dacia-mare-300x185.jpg 300w\" sizes=\"auto, (max-width: 730px) 100vw, 730px\" \/><\/a><\/p>\n<p style=\"text-align: justify;\"><img loading=\"lazy\" decoding=\"async\" class=\"alignleft size-full wp-image-13772\" src=\"https:\/\/www.rarom.ro\/wp-content\/uploads\/2022\/09\/Test-Dacia-pagini.jpg\" alt=\"\" width=\"250\" height=\"165\" \/>Dacia Spring \u00ee\u015fi energizeaz\u0103 prezen\u021ba pe pia\u0163\u0103. \u00cembun\u0103t\u0103\u0163iri progresive \u00eei ajusteaz\u0103 nivelul tehnologic, dar \u015fi imaginea. Ner\u0103bd\u0103tor, am luat contact cu varianta care reprezint\u0103 a doua etap\u0103 din evolu\u0163ia modelului chiar \u00eenainte de a primi \u015fi o nou\u0103 identitate de marc\u0103 a\u015fteptat\u0103 s\u0103 se concretizeze probabil chiar din aceast\u0103 lun\u0103. [&#8230;]<\/p>\n","protected":false},"excerpt":{"rendered":"<p>Test: Dacia Spring Dacia Spring \u00ee\u015fi energizeaz\u0103 prezen\u021ba pe pia\u0163\u0103. \u00cembun\u0103t\u0103\u0163iri progresive \u00eei ajusteaz\u0103 nivelul tehnologic, dar \u015fi imaginea. Ner\u0103bd\u0103tor, am luat contact cu varianta care reprezint\u0103 a doua etap\u0103 din evolu\u0163ia modelului chiar \u00eenainte de a primi \u015fi o nou\u0103 identitate de marc\u0103 a\u015fteptat\u0103 s\u0103 se concretizeze probabil chiar din aceast\u0103 lun\u0103. [&#8230;]<\/p>\n","protected":false},"author":3,"featured_media":0,"parent":13765,"menu_order":1,"comment_status":"closed","ping_status":"closed","template":"","meta":{"_acf_changed":false,"footnotes":""},"class_list":["post-13769","page","type-page","status-publish","hentry"],"acf":[],"_links":{"self":[{"href":"https:\/\/www.rarom.ro\/index.php?rest_route=\/wp\/v2\/pages\/13769","targetHints":{"allow":["GET"]}}],"collection":[{"href":"https:\/\/www.rarom.ro\/index.php?rest_route=\/wp\/v2\/pages"}],"about":[{"href":"https:\/\/www.rarom.ro\/index.php?rest_route=\/wp\/v2\/types\/page"}],"author":[{"embeddable":true,"href":"https:\/\/www.rarom.ro\/index.php?rest_route=\/wp\/v2\/users\/3"}],"replies":[{"embeddable":true,"href":"https:\/\/www.rarom.ro\/index.php?rest_route=%2Fwp%2Fv2%2Fcomments&post=13769"}],"version-history":[{"count":1,"href":"https:\/\/www.rarom.ro\/index.php?rest_route=\/wp\/v2\/pages\/13769\/revisions"}],"predecessor-version":[{"id":13774,"href":"https:\/\/www.rarom.ro\/index.php?rest_route=\/wp\/v2\/pages\/13769\/revisions\/13774"}],"up":[{"embeddable":true,"href":"https:\/\/www.rarom.ro\/index.php?rest_route=\/wp\/v2\/pages\/13765"}],"wp:attachment":[{"href":"https:\/\/www.rarom.ro\/index.php?rest_route=%2Fwp%2Fv2%2Fmedia&parent=13769"}],"curies":[{"name":"wp","href":"https:\/\/api.w.org\/{rel}","templated":true}]}}