{"id":13524,"date":"2022-07-15T16:58:20","date_gmt":"2022-07-15T13:58:20","guid":{"rendered":"https:\/\/www.rarom.ro\/?page_id=13524"},"modified":"2022-07-15T17:19:35","modified_gmt":"2022-07-15T14:19:35","slug":"important-se-aplica-din-data-de-25-07-2022-in-toate-reprezentantele-rar","status":"publish","type":"page","link":"https:\/\/www.rarom.ro\/?page_id=13524","title":{"rendered":"IMPORTANT! Se aplic\u0103 din data de 25.07.2022 \u00een toate reprezentan\u021bele RAR!"},"content":{"rendered":"<p>&nbsp;<\/p>\n<p style=\"text-align: justify;\">\u00cencep\u00e2nd cu data de <strong>25.07.2022<\/strong>, Registrul Auto Rom\u00e2n aplic\u0103 prevederile Ordonan\u021bei de Urgen\u021b\u0103 a Guvernului nr.120\/2021, \u00een baza c\u0103reia a fost elaborat Protocolul \u00eencheiat cu ANAF, pentru autovehiculele utilizate care provin din state membre UE \u0219i pentru care se solicit\u0103 eliberarea C\u0103r\u021bii de Identitate a Vehiculului (CIV) \u00een vederea \u00eenmatricul\u0103rii \u00een Rom\u00e2nia. Astfel, RAR elibereaz\u0103 CIV doar achizitorului intracomunitar, adic\u0103 persoanei fizice sau juridice care a dob\u00e2ndit autovehiculul dintr-o \u021bar\u0103 membr\u0103 UE \u0219i care este men\u021bionat\u0103 \u00een documentele de achizi\u021bie.<\/p>\n<p style=\"text-align: justify;\">Pe l\u00e2ng\u0103 certificatul de \u00eenmatriculare, achizitorul intracomunitar (sau \u00eemputernicitul legal al acestuia) va trebui s\u0103 prezinte \u0219i documentele de achizi\u021bie intracomunitar\u0103 (de exemplu: factur\u0103 sau contract de v\u00e2nzare-cump\u0103rare).<\/p>\n<p style=\"text-align: justify;\">Reprezentan\u021bii RAR se asigur\u0103 c\u0103 solicitantul activit\u0103\u021bii este fie achizitorul intracomunitar, fie \u00eemputernicitul acestuia.<\/p>\n<p style=\"text-align: justify;\">Documentele de achizi\u021bie pot fi prezentate \u00een original sau \u00een copie, dar trebuie sa fie lizibile, av\u00e2nd \u00een vedere obliga\u021bia legal\u0103 ca acestea s\u0103 fie scanate de angaja\u021bii RAR \u0219i transmise \u00een format digital c\u0103tre ANAF.<\/p>\n<p style=\"text-align: justify;\">Potrivit OG nr.78\/2000, cu modific\u0103rile aduse de OUG nr.120\/2021, <em>&#8222;Eliberarea c\u0103r\u0163ii de identitate a vehiculelor rutiere poate fi suspendat\u0103 pe o perioad\u0103 de maximum 5 zile la solicitarea motivat\u0103 a Agen\u0163iei Na\u0163ionale de Administrare Fiscal\u0103. Procedura de eliberare a c\u0103r\u0163ii de identitate a vehiculului va fi reluat\u0103 din oficiu dup\u0103 expirarea acestui termen.&#8221;<\/em><\/p>\n<p style=\"text-align: justify;\">\u00cen situa\u021bia \u00een care, dup\u0103 introducerea datelor, ANAF decide suspendarea eliber\u0103rii CIV, sistemul informatic semnalizeaz\u0103 blocarea, iar emiterea CIV va fi posibil\u0103 doar dup\u0103 perioada de suspendare impus\u0103 de ANAF. Solicitantul activit\u0103\u021bii va fi informat de reprezentantul RAR c\u0103 pentru autovehiculul respectiv eliberarea c\u0103r\u0163ii de identitate a fost suspendat\u0103 pe o perioad\u0103 de maximum 5 zile la solicitarea motivat\u0103 a ANAF, iar pentru mai multe informa\u021bii suplimentare poate fi contactat\u0103 aceast\u0103 autoritate.<\/p>\n<p style=\"text-align: justify;\">Procedura se va aplica de luni, <strong>25.07.2022<\/strong>, \u00een toate reprezentan\u021bele RAR din \u021bar\u0103.<\/p>\n","protected":false},"excerpt":{"rendered":"<p>&nbsp; \u00cencep\u00e2nd cu data de 25.07.2022, Registrul Auto Rom\u00e2n aplic\u0103 prevederile Ordonan\u021bei de Urgen\u021b\u0103 a Guvernului nr.120\/2021, \u00een baza c\u0103reia a fost elaborat Protocolul \u00eencheiat cu ANAF, pentru autovehiculele utilizate care provin din state membre UE \u0219i pentru care se solicit\u0103 eliberarea C\u0103r\u021bii de Identitate a Vehiculului (CIV) \u00een vederea \u00eenmatricul\u0103rii \u00een Rom\u00e2nia. Astfel, RAR [&hellip;]<\/p>\n","protected":false},"author":3,"featured_media":0,"parent":0,"menu_order":0,"comment_status":"closed","ping_status":"closed","template":"","meta":{"_acf_changed":false,"footnotes":""},"class_list":["post-13524","page","type-page","status-publish","hentry"],"acf":[],"_links":{"self":[{"href":"https:\/\/www.rarom.ro\/index.php?rest_route=\/wp\/v2\/pages\/13524","targetHints":{"allow":["GET"]}}],"collection":[{"href":"https:\/\/www.rarom.ro\/index.php?rest_route=\/wp\/v2\/pages"}],"about":[{"href":"https:\/\/www.rarom.ro\/index.php?rest_route=\/wp\/v2\/types\/page"}],"author":[{"embeddable":true,"href":"https:\/\/www.rarom.ro\/index.php?rest_route=\/wp\/v2\/users\/3"}],"replies":[{"embeddable":true,"href":"https:\/\/www.rarom.ro\/index.php?rest_route=%2Fwp%2Fv2%2Fcomments&post=13524"}],"version-history":[{"count":2,"href":"https:\/\/www.rarom.ro\/index.php?rest_route=\/wp\/v2\/pages\/13524\/revisions"}],"predecessor-version":[{"id":13528,"href":"https:\/\/www.rarom.ro\/index.php?rest_route=\/wp\/v2\/pages\/13524\/revisions\/13528"}],"wp:attachment":[{"href":"https:\/\/www.rarom.ro\/index.php?rest_route=%2Fwp%2Fv2%2Fmedia&parent=13524"}],"curies":[{"name":"wp","href":"https:\/\/api.w.org\/{rel}","templated":true}]}}