{"id":13460,"date":"2022-07-07T10:44:26","date_gmt":"2022-07-07T07:44:26","guid":{"rendered":"https:\/\/www.rarom.ro\/?page_id=13460"},"modified":"2022-07-07T11:47:56","modified_gmt":"2022-07-07T08:47:56","slug":"concept","status":"publish","type":"page","link":"https:\/\/www.rarom.ro\/?page_id=13460","title":{"rendered":"Concept"},"content":{"rendered":"<p><strong>Buick Wildcat EV<\/strong><\/p>\n<p><img loading=\"lazy\" decoding=\"async\" class=\"size-full wp-image-13461\" src=\"https:\/\/www.rarom.ro\/wp-content\/uploads\/2022\/07\/Sport-mare.jpg\" alt=\"\" width=\"730\" height=\"450\" srcset=\"https:\/\/www.rarom.ro\/wp-content\/uploads\/2022\/07\/Sport-mare.jpg 730w, https:\/\/www.rarom.ro\/wp-content\/uploads\/2022\/07\/Sport-mare-300x185.jpg 300w\" sizes=\"auto, (max-width: 730px) 100vw, 730px\" \/><\/p>\n<p><img loading=\"lazy\" decoding=\"async\" class=\"alignleft size-full wp-image-13463\" src=\"https:\/\/www.rarom.ro\/wp-content\/uploads\/2022\/07\/Sport-pagini.jpg\" alt=\"\" width=\"250\" height=\"165\" \/>A\u021bi uitat de marca Buick? N-ar trebui, pentru c\u0103 produc\u0103torul auto american tocmai \u0219i-a dezv\u0103luit conceptul Wildcat, o viziune expresiv\u0103 a noii sale direc\u021bii de design, pe m\u0103sur\u0103 ce va trece la un portofoliu complet electric p\u00e2n\u0103 \u00een 2030. [&#8230;]<\/p>\n","protected":false},"excerpt":{"rendered":"<p>Buick Wildcat EV A\u021bi uitat de marca Buick? N-ar trebui, pentru c\u0103 produc\u0103torul auto american tocmai \u0219i-a dezv\u0103luit conceptul Wildcat, o viziune expresiv\u0103 a noii sale direc\u021bii de design, pe m\u0103sur\u0103 ce va trece la un portofoliu complet electric p\u00e2n\u0103 \u00een 2030. [&#8230;]<\/p>\n","protected":false},"author":3,"featured_media":0,"parent":13401,"menu_order":5,"comment_status":"closed","ping_status":"closed","template":"","meta":{"_acf_changed":false,"footnotes":""},"class_list":["post-13460","page","type-page","status-publish","hentry"],"acf":[],"_links":{"self":[{"href":"https:\/\/www.rarom.ro\/index.php?rest_route=\/wp\/v2\/pages\/13460","targetHints":{"allow":["GET"]}}],"collection":[{"href":"https:\/\/www.rarom.ro\/index.php?rest_route=\/wp\/v2\/pages"}],"about":[{"href":"https:\/\/www.rarom.ro\/index.php?rest_route=\/wp\/v2\/types\/page"}],"author":[{"embeddable":true,"href":"https:\/\/www.rarom.ro\/index.php?rest_route=\/wp\/v2\/users\/3"}],"replies":[{"embeddable":true,"href":"https:\/\/www.rarom.ro\/index.php?rest_route=%2Fwp%2Fv2%2Fcomments&post=13460"}],"version-history":[{"count":2,"href":"https:\/\/www.rarom.ro\/index.php?rest_route=\/wp\/v2\/pages\/13460\/revisions"}],"predecessor-version":[{"id":13466,"href":"https:\/\/www.rarom.ro\/index.php?rest_route=\/wp\/v2\/pages\/13460\/revisions\/13466"}],"up":[{"embeddable":true,"href":"https:\/\/www.rarom.ro\/index.php?rest_route=\/wp\/v2\/pages\/13401"}],"wp:attachment":[{"href":"https:\/\/www.rarom.ro\/index.php?rest_route=%2Fwp%2Fv2%2Fmedia&parent=13460"}],"curies":[{"name":"wp","href":"https:\/\/api.w.org\/{rel}","templated":true}]}}