{"id":13453,"date":"2022-07-07T10:41:44","date_gmt":"2022-07-07T07:41:44","guid":{"rendered":"https:\/\/www.rarom.ro\/?page_id=13453"},"modified":"2022-07-07T11:47:43","modified_gmt":"2022-07-07T08:47:43","slug":"prezentare","status":"publish","type":"page","link":"https:\/\/www.rarom.ro\/?page_id=13453","title":{"rendered":"Prezentare"},"content":{"rendered":"<p><strong>Mercedes-AMG One<\/strong><\/p>\n<p><a href=\"https:\/\/www.rarom.ro\/wp-content\/uploads\/2022\/07\/Prezentare-mare.jpeg\"><img loading=\"lazy\" decoding=\"async\" class=\"size-full wp-image-13454 aligncenter\" src=\"https:\/\/www.rarom.ro\/wp-content\/uploads\/2022\/07\/Prezentare-mare.jpeg\" alt=\"\" width=\"730\" height=\"450\" srcset=\"https:\/\/www.rarom.ro\/wp-content\/uploads\/2022\/07\/Prezentare-mare.jpeg 730w, https:\/\/www.rarom.ro\/wp-content\/uploads\/2022\/07\/Prezentare-mare-300x185.jpeg 300w\" sizes=\"auto, (max-width: 730px) 100vw, 730px\" \/><\/a><\/p>\n<p style=\"text-align: justify;\"><img loading=\"lazy\" decoding=\"async\" class=\"alignleft size-full wp-image-13456\" src=\"https:\/\/www.rarom.ro\/wp-content\/uploads\/2022\/07\/Prezentare-pagini.jpg\" alt=\"\" width=\"250\" height=\"165\" \/>Dup\u0103 o lung\u0103 perioad\u0103 de a\u0219teptare, Mercedes-AMG One a fost \u00een sf\u00e2r\u0219it prezentat la Goodwood Festival of Speed de la sf\u00e2r\u0219itul lunii iunie. Fi\u0219a sa de specifica\u021bii este una&#8230; nebun\u0103. Acest hypercar de vis este animat de un pachet hibrid cu o putere de peste 1.000 CP, derivat din Formula 1. [&#8230;]<\/p>\n","protected":false},"excerpt":{"rendered":"<p>Mercedes-AMG One Dup\u0103 o lung\u0103 perioad\u0103 de a\u0219teptare, Mercedes-AMG One a fost \u00een sf\u00e2r\u0219it prezentat la Goodwood Festival of Speed de la sf\u00e2r\u0219itul lunii iunie. Fi\u0219a sa de specifica\u021bii este una&#8230; nebun\u0103. Acest hypercar de vis este animat de un pachet hibrid cu o putere de peste 1.000 CP, derivat din Formula 1. [&#8230;]<\/p>\n","protected":false},"author":3,"featured_media":0,"parent":13401,"menu_order":4,"comment_status":"closed","ping_status":"closed","template":"","meta":{"_acf_changed":false,"footnotes":""},"class_list":["post-13453","page","type-page","status-publish","hentry"],"acf":[],"_links":{"self":[{"href":"https:\/\/www.rarom.ro\/index.php?rest_route=\/wp\/v2\/pages\/13453","targetHints":{"allow":["GET"]}}],"collection":[{"href":"https:\/\/www.rarom.ro\/index.php?rest_route=\/wp\/v2\/pages"}],"about":[{"href":"https:\/\/www.rarom.ro\/index.php?rest_route=\/wp\/v2\/types\/page"}],"author":[{"embeddable":true,"href":"https:\/\/www.rarom.ro\/index.php?rest_route=\/wp\/v2\/users\/3"}],"replies":[{"embeddable":true,"href":"https:\/\/www.rarom.ro\/index.php?rest_route=%2Fwp%2Fv2%2Fcomments&post=13453"}],"version-history":[{"count":2,"href":"https:\/\/www.rarom.ro\/index.php?rest_route=\/wp\/v2\/pages\/13453\/revisions"}],"predecessor-version":[{"id":13459,"href":"https:\/\/www.rarom.ro\/index.php?rest_route=\/wp\/v2\/pages\/13453\/revisions\/13459"}],"up":[{"embeddable":true,"href":"https:\/\/www.rarom.ro\/index.php?rest_route=\/wp\/v2\/pages\/13401"}],"wp:attachment":[{"href":"https:\/\/www.rarom.ro\/index.php?rest_route=%2Fwp%2Fv2%2Fmedia&parent=13453"}],"curies":[{"name":"wp","href":"https:\/\/api.w.org\/{rel}","templated":true}]}}