{"id":13447,"date":"2022-07-07T10:40:10","date_gmt":"2022-07-07T07:40:10","guid":{"rendered":"https:\/\/www.rarom.ro\/?page_id=13447"},"modified":"2022-07-07T11:47:12","modified_gmt":"2022-07-07T08:47:12","slug":"interviu","status":"publish","type":"page","link":"https:\/\/www.rarom.ro\/?page_id=13447","title":{"rendered":"Interviu"},"content":{"rendered":"<p><strong>Iuliana Pepene<\/strong><\/p>\n<p><a href=\"https:\/\/www.rarom.ro\/wp-content\/uploads\/2022\/07\/Interviu-mare.jpg\"><img loading=\"lazy\" decoding=\"async\" class=\"size-full wp-image-13448 aligncenter\" src=\"https:\/\/www.rarom.ro\/wp-content\/uploads\/2022\/07\/Interviu-mare.jpg\" alt=\"\" width=\"768\" height=\"960\" srcset=\"https:\/\/www.rarom.ro\/wp-content\/uploads\/2022\/07\/Interviu-mare.jpg 768w, https:\/\/www.rarom.ro\/wp-content\/uploads\/2022\/07\/Interviu-mare-240x300.jpg 240w\" sizes=\"auto, (max-width: 768px) 100vw, 768px\" \/><\/a><\/p>\n<p style=\"text-align: justify;\"><img loading=\"lazy\" decoding=\"async\" class=\"alignleft size-full wp-image-13450\" src=\"https:\/\/www.rarom.ro\/wp-content\/uploads\/2022\/07\/Interviu-pagini.jpg\" alt=\"\" width=\"250\" height=\"165\" \/>\u201eBun\u0103 diminea\u021ba \u0219i bine v-am g\u0103sit la Observatorul Matinal!\u201d. A\u0219a \u00ee\u0219i \u00eent\u00e2mpin\u0103 Iuliana Pepene telespectatorii \u00een fiecare diminea\u021b\u0103 la ora \u0219ase. Pare cumva de pe alt fus orar, de vreme ce ziua ei \u00eencepe practic la ora trei. \u0218i totu\u0219i g\u0103se\u0219te timp \u0219i energie \u0219i pentru marile ei pasiuni. \u00cei plac ma\u0219inile \u0219i motocicletele \u0219i este foarte atras\u0103 de c\u0103l\u0103toriile off-road. [&#8230;]<\/p>\n","protected":false},"excerpt":{"rendered":"<p>Iuliana Pepene \u201eBun\u0103 diminea\u021ba \u0219i bine v-am g\u0103sit la Observatorul Matinal!\u201d. A\u0219a \u00ee\u0219i \u00eent\u00e2mpin\u0103 Iuliana Pepene telespectatorii \u00een fiecare diminea\u021b\u0103 la ora \u0219ase. Pare cumva de pe alt fus orar, de vreme ce ziua ei \u00eencepe practic la ora trei. \u0218i totu\u0219i g\u0103se\u0219te timp \u0219i energie \u0219i pentru marile ei pasiuni. \u00cei plac ma\u0219inile \u0219i [&hellip;]<\/p>\n","protected":false},"author":3,"featured_media":0,"parent":13401,"menu_order":3,"comment_status":"closed","ping_status":"closed","template":"","meta":{"_acf_changed":false,"footnotes":""},"class_list":["post-13447","page","type-page","status-publish","hentry"],"acf":[],"_links":{"self":[{"href":"https:\/\/www.rarom.ro\/index.php?rest_route=\/wp\/v2\/pages\/13447","targetHints":{"allow":["GET"]}}],"collection":[{"href":"https:\/\/www.rarom.ro\/index.php?rest_route=\/wp\/v2\/pages"}],"about":[{"href":"https:\/\/www.rarom.ro\/index.php?rest_route=\/wp\/v2\/types\/page"}],"author":[{"embeddable":true,"href":"https:\/\/www.rarom.ro\/index.php?rest_route=\/wp\/v2\/users\/3"}],"replies":[{"embeddable":true,"href":"https:\/\/www.rarom.ro\/index.php?rest_route=%2Fwp%2Fv2%2Fcomments&post=13447"}],"version-history":[{"count":1,"href":"https:\/\/www.rarom.ro\/index.php?rest_route=\/wp\/v2\/pages\/13447\/revisions"}],"predecessor-version":[{"id":13452,"href":"https:\/\/www.rarom.ro\/index.php?rest_route=\/wp\/v2\/pages\/13447\/revisions\/13452"}],"up":[{"embeddable":true,"href":"https:\/\/www.rarom.ro\/index.php?rest_route=\/wp\/v2\/pages\/13401"}],"wp:attachment":[{"href":"https:\/\/www.rarom.ro\/index.php?rest_route=%2Fwp%2Fv2%2Fmedia&parent=13447"}],"curies":[{"name":"wp","href":"https:\/\/api.w.org\/{rel}","templated":true}]}}