{"id":13435,"date":"2022-07-07T09:38:35","date_gmt":"2022-07-07T06:38:35","guid":{"rendered":"https:\/\/www.rarom.ro\/?page_id=13435"},"modified":"2022-07-07T11:46:35","modified_gmt":"2022-07-07T08:46:35","slug":"renault-kangoo-mpv","status":"publish","type":"page","link":"https:\/\/www.rarom.ro\/?page_id=13435","title":{"rendered":"Renault Kangoo MPV"},"content":{"rendered":"<p><strong>Test: Renault Kangoo MPV<\/strong><\/p>\n<p><a href=\"https:\/\/www.rarom.ro\/wp-content\/uploads\/2022\/07\/Test-Kangoo-mare.jpg\"><img loading=\"lazy\" decoding=\"async\" class=\"size-full wp-image-13436 aligncenter\" src=\"https:\/\/www.rarom.ro\/wp-content\/uploads\/2022\/07\/Test-Kangoo-mare.jpg\" alt=\"\" width=\"730\" height=\"450\" srcset=\"https:\/\/www.rarom.ro\/wp-content\/uploads\/2022\/07\/Test-Kangoo-mare.jpg 730w, https:\/\/www.rarom.ro\/wp-content\/uploads\/2022\/07\/Test-Kangoo-mare-300x185.jpg 300w\" sizes=\"auto, (max-width: 730px) 100vw, 730px\" \/><\/a><\/p>\n<p style=\"text-align: justify;\"><img loading=\"lazy\" decoding=\"async\" class=\"alignleft size-full wp-image-13438\" src=\"https:\/\/www.rarom.ro\/wp-content\/uploads\/2022\/07\/Test-Kangoo-pagini.jpg\" alt=\"\" width=\"250\" height=\"165\" \/>Cu un cadru complet reconfigurat, dotat cu un propulsor foarte potent de 1.745 cmc \u015fi av\u00e2nd o manevrabilitate deosebit\u0103, at\u00e2t \u00een mediul urban, c\u00e2t \u015fi la drumurile lungi, noul model Harley Davidson Sport Glide poate fi companionul perfect pentru escapadele de weekend, dar \u015fi pentru mersul la birou sau p\u00e2n\u0103 la cafeneaua preferat\u0103. [&#8230;]<\/p>\n","protected":false},"excerpt":{"rendered":"<p>Test: Renault Kangoo MPV Cu un cadru complet reconfigurat, dotat cu un propulsor foarte potent de 1.745 cmc \u015fi av\u00e2nd o manevrabilitate deosebit\u0103, at\u00e2t \u00een mediul urban, c\u00e2t \u015fi la drumurile lungi, noul model Harley Davidson Sport Glide poate fi companionul perfect pentru escapadele de weekend, dar \u015fi pentru mersul la birou sau p\u00e2n\u0103 la [&hellip;]<\/p>\n","protected":false},"author":3,"featured_media":0,"parent":13411,"menu_order":4,"comment_status":"closed","ping_status":"closed","template":"","meta":{"_acf_changed":false,"footnotes":""},"class_list":["post-13435","page","type-page","status-publish","hentry"],"acf":[],"_links":{"self":[{"href":"https:\/\/www.rarom.ro\/index.php?rest_route=\/wp\/v2\/pages\/13435","targetHints":{"allow":["GET"]}}],"collection":[{"href":"https:\/\/www.rarom.ro\/index.php?rest_route=\/wp\/v2\/pages"}],"about":[{"href":"https:\/\/www.rarom.ro\/index.php?rest_route=\/wp\/v2\/types\/page"}],"author":[{"embeddable":true,"href":"https:\/\/www.rarom.ro\/index.php?rest_route=\/wp\/v2\/users\/3"}],"replies":[{"embeddable":true,"href":"https:\/\/www.rarom.ro\/index.php?rest_route=%2Fwp%2Fv2%2Fcomments&post=13435"}],"version-history":[{"count":1,"href":"https:\/\/www.rarom.ro\/index.php?rest_route=\/wp\/v2\/pages\/13435\/revisions"}],"predecessor-version":[{"id":13440,"href":"https:\/\/www.rarom.ro\/index.php?rest_route=\/wp\/v2\/pages\/13435\/revisions\/13440"}],"up":[{"embeddable":true,"href":"https:\/\/www.rarom.ro\/index.php?rest_route=\/wp\/v2\/pages\/13411"}],"wp:attachment":[{"href":"https:\/\/www.rarom.ro\/index.php?rest_route=%2Fwp%2Fv2%2Fmedia&parent=13435"}],"curies":[{"name":"wp","href":"https:\/\/api.w.org\/{rel}","templated":true}]}}