{"id":13429,"date":"2022-07-07T09:33:46","date_gmt":"2022-07-07T06:33:46","guid":{"rendered":"https:\/\/www.rarom.ro\/?page_id=13429"},"modified":"2022-07-07T11:46:19","modified_gmt":"2022-07-07T08:46:19","slug":"volvo-xc40-recharge-twin-electric","status":"publish","type":"page","link":"https:\/\/www.rarom.ro\/?page_id=13429","title":{"rendered":"Volvo XC40 Recharge Twin Electric"},"content":{"rendered":"<p><strong>Test: Volvo XC40 Recharge Twin Electric<\/strong><\/p>\n<p><a href=\"https:\/\/www.rarom.ro\/wp-content\/uploads\/2022\/07\/Test-Volvo-mare.jpg\"><img loading=\"lazy\" decoding=\"async\" class=\"size-full wp-image-13430 aligncenter\" src=\"https:\/\/www.rarom.ro\/wp-content\/uploads\/2022\/07\/Test-Volvo-mare.jpg\" alt=\"\" width=\"730\" height=\"450\" srcset=\"https:\/\/www.rarom.ro\/wp-content\/uploads\/2022\/07\/Test-Volvo-mare.jpg 730w, https:\/\/www.rarom.ro\/wp-content\/uploads\/2022\/07\/Test-Volvo-mare-300x185.jpg 300w\" sizes=\"auto, (max-width: 730px) 100vw, 730px\" \/><\/a><\/p>\n<p style=\"text-align: justify;\"><img loading=\"lazy\" decoding=\"async\" class=\"alignleft size-full wp-image-13432\" src=\"https:\/\/www.rarom.ro\/wp-content\/uploads\/2022\/07\/Test-Volvo-pagini.jpg\" alt=\"\" width=\"250\" height=\"165\" \/>Dou\u0103 motoare electrice au transformat pa\u0219nicul SUV Volvo XC40 \u00eentr-un model foarte performant. Cu 408 CP \u0219i 660 Nm disponibili de la zero, XC40 Recharge Twin te treze\u0219te la realitate ca o b\u0103utur\u0103 energizant\u0103.. [&#8230;]<\/p>\n","protected":false},"excerpt":{"rendered":"<p>Test: Volvo XC40 Recharge Twin Electric Dou\u0103 motoare electrice au transformat pa\u0219nicul SUV Volvo XC40 \u00eentr-un model foarte performant. Cu 408 CP \u0219i 660 Nm disponibili de la zero, XC40 Recharge Twin te treze\u0219te la realitate ca o b\u0103utur\u0103 energizant\u0103.. [&#8230;]<\/p>\n","protected":false},"author":3,"featured_media":0,"parent":13411,"menu_order":0,"comment_status":"closed","ping_status":"closed","template":"","meta":{"_acf_changed":false,"footnotes":""},"class_list":["post-13429","page","type-page","status-publish","hentry"],"acf":[],"_links":{"self":[{"href":"https:\/\/www.rarom.ro\/index.php?rest_route=\/wp\/v2\/pages\/13429","targetHints":{"allow":["GET"]}}],"collection":[{"href":"https:\/\/www.rarom.ro\/index.php?rest_route=\/wp\/v2\/pages"}],"about":[{"href":"https:\/\/www.rarom.ro\/index.php?rest_route=\/wp\/v2\/types\/page"}],"author":[{"embeddable":true,"href":"https:\/\/www.rarom.ro\/index.php?rest_route=\/wp\/v2\/users\/3"}],"replies":[{"embeddable":true,"href":"https:\/\/www.rarom.ro\/index.php?rest_route=%2Fwp%2Fv2%2Fcomments&post=13429"}],"version-history":[{"count":1,"href":"https:\/\/www.rarom.ro\/index.php?rest_route=\/wp\/v2\/pages\/13429\/revisions"}],"predecessor-version":[{"id":13434,"href":"https:\/\/www.rarom.ro\/index.php?rest_route=\/wp\/v2\/pages\/13429\/revisions\/13434"}],"up":[{"embeddable":true,"href":"https:\/\/www.rarom.ro\/index.php?rest_route=\/wp\/v2\/pages\/13411"}],"wp:attachment":[{"href":"https:\/\/www.rarom.ro\/index.php?rest_route=%2Fwp%2Fv2%2Fmedia&parent=13429"}],"curies":[{"name":"wp","href":"https:\/\/api.w.org\/{rel}","templated":true}]}}