{"id":13423,"date":"2022-07-07T09:32:31","date_gmt":"2022-07-07T06:32:31","guid":{"rendered":"https:\/\/www.rarom.ro\/?page_id=13423"},"modified":"2022-07-07T11:46:03","modified_gmt":"2022-07-07T08:46:03","slug":"renault-megane-e-tech","status":"publish","type":"page","link":"https:\/\/www.rarom.ro\/?page_id=13423","title":{"rendered":"Renault Megane E-Tech"},"content":{"rendered":"<p><strong>Test: Renault\u00a0 Megane E-Tech<\/strong><\/p>\n<p><a href=\"https:\/\/www.rarom.ro\/wp-content\/uploads\/2022\/07\/Test-Renault-mare.jpg\"><img loading=\"lazy\" decoding=\"async\" class=\"size-full wp-image-13424 aligncenter\" src=\"https:\/\/www.rarom.ro\/wp-content\/uploads\/2022\/07\/Test-Renault-mare.jpg\" alt=\"\" width=\"730\" height=\"450\" srcset=\"https:\/\/www.rarom.ro\/wp-content\/uploads\/2022\/07\/Test-Renault-mare.jpg 730w, https:\/\/www.rarom.ro\/wp-content\/uploads\/2022\/07\/Test-Renault-mare-300x185.jpg 300w\" sizes=\"auto, (max-width: 730px) 100vw, 730px\" \/><\/a><\/p>\n<p style=\"text-align: justify;\"><img loading=\"lazy\" decoding=\"async\" class=\"alignleft size-full wp-image-13426\" src=\"https:\/\/www.rarom.ro\/wp-content\/uploads\/2022\/07\/Test-Renault-pagini.jpg\" alt=\"\" width=\"250\" height=\"165\" \/>Renault are un nou model 100% electric. Este component al lotului Megane, se nume\u015fte E-Tech \u015fi arat\u0103 grozav de bine. Alura futurist\u0103 este fundamentat\u0103 pe o schem\u0103 electric\u0103 ambi\u0163ioas\u0103 care poate asigura o autonomie de 450 km \u015fi compatibilitate cu sta\u0163ii de curent continuu de p\u00e2n\u0103 la 130 kW. [&#8230;]<\/p>\n","protected":false},"excerpt":{"rendered":"<p>Test: Renault\u00a0 Megane E-Tech Renault are un nou model 100% electric. Este component al lotului Megane, se nume\u015fte E-Tech \u015fi arat\u0103 grozav de bine. Alura futurist\u0103 este fundamentat\u0103 pe o schem\u0103 electric\u0103 ambi\u0163ioas\u0103 care poate asigura o autonomie de 450 km \u015fi compatibilitate cu sta\u0163ii de curent continuu de p\u00e2n\u0103 la 130 kW. [&#8230;]<\/p>\n","protected":false},"author":3,"featured_media":0,"parent":13411,"menu_order":2,"comment_status":"closed","ping_status":"closed","template":"","meta":{"_acf_changed":false,"footnotes":""},"class_list":["post-13423","page","type-page","status-publish","hentry"],"acf":[],"_links":{"self":[{"href":"https:\/\/www.rarom.ro\/index.php?rest_route=\/wp\/v2\/pages\/13423","targetHints":{"allow":["GET"]}}],"collection":[{"href":"https:\/\/www.rarom.ro\/index.php?rest_route=\/wp\/v2\/pages"}],"about":[{"href":"https:\/\/www.rarom.ro\/index.php?rest_route=\/wp\/v2\/types\/page"}],"author":[{"embeddable":true,"href":"https:\/\/www.rarom.ro\/index.php?rest_route=\/wp\/v2\/users\/3"}],"replies":[{"embeddable":true,"href":"https:\/\/www.rarom.ro\/index.php?rest_route=%2Fwp%2Fv2%2Fcomments&post=13423"}],"version-history":[{"count":1,"href":"https:\/\/www.rarom.ro\/index.php?rest_route=\/wp\/v2\/pages\/13423\/revisions"}],"predecessor-version":[{"id":13428,"href":"https:\/\/www.rarom.ro\/index.php?rest_route=\/wp\/v2\/pages\/13423\/revisions\/13428"}],"up":[{"embeddable":true,"href":"https:\/\/www.rarom.ro\/index.php?rest_route=\/wp\/v2\/pages\/13411"}],"wp:attachment":[{"href":"https:\/\/www.rarom.ro\/index.php?rest_route=%2Fwp%2Fv2%2Fmedia&parent=13423"}],"curies":[{"name":"wp","href":"https:\/\/api.w.org\/{rel}","templated":true}]}}