{"id":13360,"date":"2022-07-04T09:55:05","date_gmt":"2022-07-04T06:55:05","guid":{"rendered":"https:\/\/www.rarom.ro\/?page_id=13360"},"modified":"2025-05-07T15:33:07","modified_gmt":"2025-05-07T12:33:07","slug":"d-s-p-2","status":"publish","type":"page","link":"https:\/\/www.rarom.ro\/?page_id=13360","title":{"rendered":"DSP"},"content":{"rendered":"\n<p><strong>Prezentare<\/strong><\/p>\n\n\n\n<p>Registrul Auto Rom\u00e2n, prin Direc\u021bia Supraveghere de Pia\u0163\u0103 reprezint\u0103 autoritatea de supraveghere a pie\u021bei \u00een domeniul autovehiculelor rutiere, notificat\u0103 la nivelul Comisiei Europene.<\/p>\n\n\n\n<p>\u00cen anul 2006, a fost \u00eenfiin\u021bat \u00een cadrul Registrului Auto Rom\u00e2n Departamentul Supraveghere de Pia\u021b\u0103, \u00een urma unei experien\u021be de 6 ani privind controlul agen\u021bilor economici, adapt\u00e2ndu-se constant \u0219i propor\u021bional cu dezvoltarea dinamic\u0103 a pie\u021bei auto de-alungul timpului.<\/p>\n\n\n\n<p>\u00cen anul 2018, Registrul Auto Rom\u00e2n prin activit\u0103\u021bile Departamentului Supraveghere de Pia\u021b\u0103, a fost notificat la Comisia European\u0103 ca \u0219i Autoritate de Supraveghere de Pia\u021b\u0103 \u00een cadrul Forumului pentru schimbul de informa\u021bii privind respectarea legii (denumit \u00een continuare FORUM).<\/p>\n\n\n\n<p>\u00cen anul 2024, \u00een vederea respect\u0103rii \u0219i punerii \u00een aplicare a&nbsp;<em>Legii nr.<\/em><strong><em>&nbsp;<\/em><\/strong><em>296 din 26 octombrie 2023 privind unele m\u0103suri fiscal-bugetare pentru asigurarea sustenabilit\u0103\u0163ii financiare a Rom\u00e2niei pe termen lung,&nbsp;<\/em>Departamentul a fost supus unei reorganiz\u0103ri, devenind astfel&nbsp;<strong>Direc\u021bia Supraveghere de Pia\u021b\u0103.<\/strong><\/p>\n\n\n\n<p>&nbsp;Activit\u0103\u021bile desf\u0103\u0219urate \u00een cadrul Direc\u021biei au scopul disciplin\u0103rii pie\u0163ei auto, prin ac\u0163iuni care urm\u0103resc monitorizarea st\u0103rii tehnice a parcului auto, conformitatea vehiculelor, sistemelor, componentelor \u015fi unit\u0103\u0163ilor tehnice separate destinate vehiculelor, identificarea produselor neconforme cu respectarea condi\u0163iilor tehnice \u015fi de calitate impuse de constructorul de automobile, conformitatea activit\u0103\u0163ilor de repara\u0163ii autovehicule av\u00e2nd ca rezultat cre\u0219terea calit\u0103\u021bii serviciilor oferite, asigurarea siguran\u0163ei circula\u0163iei \u015fi protec\u0163ia mediului.<\/p>\n\n\n\n<p>Activit\u0103\u021bile de control \u0219i supraveghere de pia\u0163\u0103 \u00een domeniul vehiculelor rutiere,&nbsp; se efectueaz\u0103 de c\u0103tre personalul Direc\u021biei Supraveghere de Pia\u0163\u0103, \u00eemputernicit de Ministerul Transporturilor \u0219i Infrastructurii, pe baza O.M.T.I. nr. 252\/2022, cu modific\u0103rile, complet\u0103rile \u0219i aprob\u0103rile ulterioare,&nbsp;<em>pentru aprobarea Procedurii de supraveghere a pie\u021bei cu privire la introducerea pe pia\u021b\u0103 sau punerea la dispozi\u021bie pe pia\u021b\u0103 a vehiculelor rutiere \u0219i a produselor \u0219i materialelor de exploatare utilizate la vehiculele rutiere \u0219i cu privire la activitatea operatorilor economici care desf\u0103\u0219oar\u0103 activit\u0103\u021bi de repara\u021bii, de reglare, de modific\u0103ri constructive, de reconstrc\u021bie a vehiculelor rutiere, precum \u0219i de dezmembrare a vehiculelor scoase din uz, a operatorilor economici care desf\u0103\u0219oar\u0103 activit\u0103\u021bi de inspec\u021bie tehnic\u0103 periodic\u0103 a vehiculelor \u00eenmatriculate sau \u00eenregistrate \u00een Rom\u00e2nia, precum \u0219i a operatorilor economici care desf\u0103\u0219oar\u0103 activit\u0103\u021bi de instalare, reparare sau inspec\u021bie a tahografelor utilizate \u00een transporturile rutiere ori a limitatoarelor de vitez\u0103.<\/em><\/p>\n\n\n\n<p>M\u0103sura calit\u0103\u0163ii actului de control se face prin modul de percep\u0163ie al acestuia \u00een r\u00e2ndul operatorilor economici. Acesta se desf\u0103\u015foar\u0103 \u00een plan tehnic, \u00eentr-un cadru juridic bine determinat, \u00een condi\u0163ii de exigen\u0163\u0103 \u015fi rigurozitate, inspectorii din cadrul direc\u021biei r\u0103spunz\u00e2nd direct \u015fi f\u0103r\u0103 echivoc unor situa\u0163ii diverse, pe baza cuno\u015ftin\u0163elor tehnice, juridice \u015fi de comunicare acumulate \u00een decursul anilor de experien\u0163\u0103.<\/p>\n\n\n\n<hr>\n\n\n\n<p><strong>Obiective<\/strong><\/p>\n\n\n\n<hr>\n\n\n\n<p>Activitatea de supraveghere de pia\u0163\u0103 se desf\u0103\u015foar\u0103 pe baza Programului na\u0163ional, stabilit anual \u015fi are o abordarea general\u0103 prin controale proactive pe baza studiilor de pia\u021b\u0103 efectuate \u0219i a evalu\u0103rii riscurilor \u0219i controale reactive pe baza reclama\u0163iilor \u00eenregistrate.<\/p>\n\n\n\n<p>\u00cen acest context, obiectivele ac\u0163iunilor specifice desf\u0103\u015furate de personalul \u00eemputernicit urm\u0103resc \u00een principal:<\/p>\n\n\n\n<p>\u2013 analiza, verificarea \u015fi solu\u021bionarea reclama\u0163iilor \u015fi sesiz\u0103rilor \u00eenregistrate privind calitatea serviciilor de repara\u0163ii auto sau a produselor auto;<\/p>\n\n\n\n<p>\u2013 verificarea respect\u0103rii prevederilor aplicabile \u0219i a reglement\u0103rilor privind omologarea \u015fi\/sau certificarea pentru componentele auto, de c\u0103tre operatorii economici care produc\/import\u0103\/distribuie componente auto;<\/p>\n\n\n\n<p>\u2013 verificarea respect\u0103rii prevederilor aplicabile \u0219i a reglement\u0103rilor de c\u0103tre operatorii economici care efectueaz\u0103 activit\u0103\u021bi de repara\u0163ii \u015fi \u00eentre\u0163inere auto, modific\u0103ri constructive, dezmembrare a vehiculelor scoase din uz;<\/p>\n\n\n\n<p>\u2013 verificarea respect\u0103rii prevederilor aplicabile \u0219i a reglement\u0103rilor \u00een cadrul sta\u0163iilor de inspec\u0163ie tehnic\u0103 periodic\u0103;<\/p>\n\n\n\n<p>\u2013 verificarea respect\u0103rii prevederilor aplicabile \u0219i a reglement\u0103rilor de c\u0103tre operatorii economici care efectueaz\u0103 activit\u0103\u021bi de verificare, montare, reparare tahografe \u015fi limitatoare de vitez\u0103.<\/p>\n\n\n\n<hr>\n\n\n\n<p><strong>Politica Departamentului Supraveghere de Pia\u0163\u0103<\/strong><\/p>\n\n\n\n<hr>\n\n\n\n<p>\u00cen ceea ce prive\u015fte activitatea desf\u0103\u0219urat\u0103, politica Direc\u021biei se fundamenteaz\u0103 pe 3 piloni principali:<\/p>\n\n\n<div class=\"wp-block-image\">\n<figure class=\"aligncenter\"><a href=\"https:\/\/www.rarom.ro\/wp-content\/uploads\/2022\/07\/politica-dsp-3piloni.png\"><img loading=\"lazy\" decoding=\"async\" width=\"542\" height=\"247\" src=\"https:\/\/www.rarom.ro\/wp-content\/uploads\/2022\/07\/politica-dsp-3piloni.png\" alt=\"\" class=\"wp-image-13361\" srcset=\"https:\/\/www.rarom.ro\/wp-content\/uploads\/2022\/07\/politica-dsp-3piloni.png 542w, https:\/\/www.rarom.ro\/wp-content\/uploads\/2022\/07\/politica-dsp-3piloni-300x137.png 300w\" sizes=\"auto, (max-width: 542px) 100vw, 542px\" \/><\/a><\/figure><\/div>\n\n\n<p><\/p>\n\n\n\n<p>Av\u00e2nd la baz\u0103 aceste principii, Direc\u021bia Supraveghere de Pia\u021b\u0103 caut\u0103 s\u0103 se adapteze constant la evolu\u021bia pie\u021bei auto \u0219i se aliniaz\u0103 nivelului de exigen\u021b\u0103 stabilit la nivel european. Astfel, \u00een prezent efectueaz\u0103 activit\u0103\u021bi de control complexe cum ar fi verificarea conformit\u0103\u021bii vehiculelor sau componentelor auto, supravegherea comer\u021bului online prin aplicarea watermark-ului specific \u201eProdus neconform blocat de R.A.R.\u201d sau \u201eVehicul neconform blocat de R.A.R.\u201d \u0219i eliminarea anun\u021burilor de punere la dispozi\u021bie pe pia\u021b\u0103 produse sau vehicule neconforme. Aceste activit\u0103\u021bi se realizeaz\u0103 urm\u0103rind \u00eentotdeauna cre\u0219terea siguran\u021bei \u0219i a gradului de informare \u0219i disciplinare din domeniul auto.<\/p>\n\n\n\n<hr>\n\n\n\n<p><strong>Cadrul Legislativ<\/strong><\/p>\n\n\n\n<hr>\n\n\n\n<p>Cadrul legislativ \u00een sfera c\u0103ruia Direc\u021bia Supraveghere de Pia\u021b\u0103 de\u021bine atribu\u021bii este format din legisla\u021bia na\u021bional\u0103 aplicabil\u0103, legisla\u021bia european\u0103 pentru supravegherea pie\u021bei \u0219i acorduri interna\u021bionale.<\/p>\n\n\n\n<p>Textele consolidate \u0219i actualizate ale actelor legislative na\u021bionale, pot fi consultate \u00een sec\u021biunea dedicat\u0103 a site-ului, iar legisla\u021bia UE poate fi accesat\u0103 prin intermediul site-ului oficial al Uniunii europene:&nbsp;<strong><a href=\"https:\/\/eur-lex.europa.eu\/\" target=\"_blank\" rel=\"noreferrer noopener\">https:\/\/eur-lex.europa.eu<\/a><\/strong><\/p>\n\n\n<div class=\"wp-block-image\">\n<figure class=\"aligncenter size-large\"><a href=\"https:\/\/www.rarom.ro\/wp-content\/uploads\/2025\/01\/legislatie-DSP.png\"><img loading=\"lazy\" decoding=\"async\" width=\"1024\" height=\"663\" src=\"https:\/\/www.rarom.ro\/wp-content\/uploads\/2025\/01\/legislatie-DSP-1024x663.png\" alt=\"\" class=\"wp-image-298805\" srcset=\"https:\/\/www.rarom.ro\/wp-content\/uploads\/2025\/01\/legislatie-DSP-1024x663.png 1024w, https:\/\/www.rarom.ro\/wp-content\/uploads\/2025\/01\/legislatie-DSP-300x194.png 300w, https:\/\/www.rarom.ro\/wp-content\/uploads\/2025\/01\/legislatie-DSP-768x497.png 768w, https:\/\/www.rarom.ro\/wp-content\/uploads\/2025\/01\/legislatie-DSP.png 1532w\" sizes=\"auto, (max-width: 1024px) 100vw, 1024px\" \/><\/a><\/figure><\/div>\n\n\n<hr>\n\n\n\n<p><strong>Organizare<\/strong><\/p>\n\n\n\n<hr>\n\n\n\n<p>Av\u00e2nd \u00een vedere natura, diversitatea \u0219i complexitatea activit\u0103\u021bilor desf\u0103\u0219urate, Direc\u021bia Supraveghere de Pia\u021b\u0103 este structurat\u0103 pe departamente cu specializ\u0103ri \u0219i atribu\u021bii bine definite, cu scopul \u00eendeplinirii cu succes a obiectivelor Direc\u021biei.<\/p>\n\n\n<div class=\"wp-block-image\">\n<figure class=\"aligncenter size-large\"><a href=\"https:\/\/www.rarom.ro\/wp-content\/uploads\/2025\/01\/organigrama-DSP.png\"><img loading=\"lazy\" decoding=\"async\" width=\"1024\" height=\"445\" src=\"https:\/\/www.rarom.ro\/wp-content\/uploads\/2025\/01\/organigrama-DSP-1024x445.png\" alt=\"\" class=\"wp-image-298807\" srcset=\"https:\/\/www.rarom.ro\/wp-content\/uploads\/2025\/01\/organigrama-DSP-1024x445.png 1024w, https:\/\/www.rarom.ro\/wp-content\/uploads\/2025\/01\/organigrama-DSP-300x130.png 300w, https:\/\/www.rarom.ro\/wp-content\/uploads\/2025\/01\/organigrama-DSP-768x333.png 768w, https:\/\/www.rarom.ro\/wp-content\/uploads\/2025\/01\/organigrama-DSP.png 1465w\" sizes=\"auto, (max-width: 1024px) 100vw, 1024px\" \/><\/a><\/figure><\/div>\n\n\n<hr>\n\n\n\n<p><strong>Cooperare<\/strong><\/p>\n\n\n\n<hr>\n\n\n\n<p>Direc\u021bia Supraveghere de Pia\u021b\u0103 men\u021bine \u0219i dezvolt\u0103 rela\u021bii de cooperare pe plan intern cu autorit\u0103\u021bile na\u021bionale, c\u00e2t \u0219i pe plan interna\u021bional, asigur\u00e2nd reprezentarea Rom\u00e2niei ca \u0219i Autoritate de Supraveghere de Pia\u021b\u0103 \u00een cadrul \u00eent\u00e2lnirilor \u0219i grupurilor de lucru din cadrul Comisiei Europene.<\/p>\n\n\n\n<p>La nivel european, Direc\u021bia Supraveghere de Pia\u021b\u0103 asigur\u0103 participarea \u00een cadrul Forumului pentru schimbul de informa\u021bii privind aplicarea legisla\u021biei UE privind supravegherea pie\u021bei autovehiculelor din cadrul Comisiei Europene \u00een calitate de Autoritate de Supraveghere a Pie\u021bei notificat\u0103 \u00een domeniul autovehiculelor rutiere. De asemenea, este membru fondator al Grupului Administrativ de Cooperare al Autorit\u0103\u021bilor de Supraveghere de Pia\u021b\u0103 \u00een domeniul auto Automotive ADCO care reune\u0219te cele mai relevante autorit\u0103\u021bi de supraveghere pia\u021b\u0103 din UE, precum \u0219i membru \u00een grupul de cooperare administrativ\u0103 AdCo Tyres, pentru implementarea Regulamentului nr. UE nr. 2020\/740, privind etichetarea pneurilor&nbsp;\u00een ceea ce prive\u015fte eficien\u0163a consumului de combustibil \u015fi al\u0163i parametri.<\/p>\n\n\n\n<p>De asemenea, Direc\u021bia Supraveghere de Pia\u021b\u0103 asigur\u0103 participarea \u00een cadrul reuniunilor Re\u021belei UE pentru Conformitatea Produselor (EUPCN) \u0219i a altor \u00eentruniri de specialitate, coordonate de Comisia European\u0103.<\/p>\n\n\n\n<p>Direc\u021bia Supraveghere de Pia\u021b\u0103 asigur\u0103 utilizarea platformelor specifice supravegherii de pia\u021b\u0103 dezvoltate la nivel european, ICSMS \u0219i RAPEX pentru alertarea rapid\u0103 privind produsele neconforme \u0219i periculoase.<\/p>\n\n\n<div class=\"wp-block-image\">\n<figure class=\"aligncenter\"><a href=\"https:\/\/www.rarom.ro\/wp-content\/uploads\/2022\/07\/ICSMS_RAPEX.png\"><img loading=\"lazy\" decoding=\"async\" width=\"730\" height=\"90\" src=\"https:\/\/www.rarom.ro\/wp-content\/uploads\/2022\/07\/ICSMS_RAPEX.png\" alt=\"\" class=\"wp-image-13365\" srcset=\"https:\/\/www.rarom.ro\/wp-content\/uploads\/2022\/07\/ICSMS_RAPEX.png 730w, https:\/\/www.rarom.ro\/wp-content\/uploads\/2022\/07\/ICSMS_RAPEX-300x37.png 300w\" sizes=\"auto, (max-width: 730px) 100vw, 730px\" \/><\/a><\/figure><\/div>\n\n\n<div style=\"height:20px\" aria-hidden=\"true\" class=\"wp-block-spacer\"><\/div>\n\n\n\n<p>La nivel na\u021bional, Direc\u021bia Supraveghere de Pia\u021b\u0103 coopereaz\u0103 \u00eendeaproape cu autorit\u0103\u021bi precum Agen\u021bia Na\u021bional\u0103 de Administrate Fiscal\u0103, Direc\u021bia General\u0103 \u0219i Direc\u021biile Regionale a V\u0103milor, Autoritatea Na\u021bional\u0103 pentru Protec\u021bia Consumatorilor, Inspectoratele de Poli\u021bie Jude\u021bene, Garda Na\u021bional\u0103 de Mediu.<\/p>\n\n\n\n<hr>\n\n\n\n<p><strong>Informare<\/strong><\/p>\n\n\n\n<hr>\n\n\n\n<p>\u00cen urma idenitific\u0103rii necesit\u0103\u021bii de disciplinare a pie\u021bei \u00een domeniul auto, Direc\u021bia Supraveghere de Pia\u021b\u0103 gestioneaz\u0103 \u0219i pagina de Facebook proprie, intitulat\u0103&nbsp;<strong>\u201eSafe Market by RAR\u201d<\/strong>, prin intermediul c\u0103reia elaboreaz\u0103 \u0219i distribuie articole tehnice informative, articole cu sfaturi utile privind autovehiculele \u0219i articole \u00een colaborare cu exper\u021bi tehnici pe diverse teme de interes, cu scopul cre\u0219terii gradului de informare al publicului \u021bint\u0103.<\/p>\n\n\n\n<p>Pute\u021bi accesa pagina noastr\u0103 de Facebook prin linkul:&nbsp;<strong><a href=\"https:\/\/www.facebook.com\/Safe-market-by-RAR-102561274579787\" target=\"_blank\" rel=\"noreferrer noopener\">https:\/\/www.facebook.com\/Safe-market-by-RAR<\/a><\/strong><\/p>\n\n\n<div class=\"wp-block-image\">\n<figure class=\"aligncenter\"><a href=\"https:\/\/www.rarom.ro\/wp-content\/uploads\/2022\/07\/SAFE-MARKET.jpg\"><img loading=\"lazy\" decoding=\"async\" width=\"730\" height=\"229\" src=\"https:\/\/www.rarom.ro\/wp-content\/uploads\/2022\/07\/SAFE-MARKET.jpg\" alt=\"\" class=\"wp-image-13367\" srcset=\"https:\/\/www.rarom.ro\/wp-content\/uploads\/2022\/07\/SAFE-MARKET.jpg 730w, https:\/\/www.rarom.ro\/wp-content\/uploads\/2022\/07\/SAFE-MARKET-300x94.jpg 300w\" sizes=\"auto, (max-width: 730px) 100vw, 730px\" \/><\/a><\/figure><\/div>\n\n\n<div style=\"height:50px\" aria-hidden=\"true\" class=\"wp-block-spacer\"><\/div>\n\n\n\n<p><a href=\"https:\/\/www.rarom.ro\/?page_id=13376\"><strong>Galerie Foto<\/strong><\/a><\/p>\n\n\n\n<div style=\"height:20px\" aria-hidden=\"true\" class=\"wp-block-spacer\"><\/div>\n\n\n\n<hr>\n\n\n\n<p><strong>Direc\u021bia Supraveghere de Pia\u0163\u0103<\/strong><\/p>\n\n\n\n<hr>\n\n\n\n<div style=\"height:20px\" aria-hidden=\"true\" class=\"wp-block-spacer\"><\/div>\n\n\n<div class=\"wp-bootstrap-blocks-row row\">\n\t\n\n<div class=\"col-12 col-md-6\">\n\t\t\t\n\n<p class=\"has-text-align-center\"><strong>Conducere Direc\u021bie<\/strong><\/p>\n\n\n<div class=\"wp-block-image is-style-rounded\">\n<figure class=\"aligncenter size-full is-resized\"><a href=\"https:\/\/www.rarom.ro\/wp-content\/uploads\/2015\/10\/M_Dogarescu_1.png\"><img decoding=\"async\" src=\"https:\/\/www.rarom.ro\/wp-content\/uploads\/2015\/10\/M_Dogarescu_1.png\" alt=\"\" class=\"wp-image-1183\" style=\"width:150px;height:150px\"\/><\/a><\/figure><\/div>\n\n\n<div style=\"height:15px\" aria-hidden=\"true\" class=\"wp-block-spacer\"><\/div>\n\n\n\n<p class=\"has-text-align-center\"><strong>Ing. Mihai DOG\u0102RESCU<\/strong><\/p>\n\n\n\n<div class=\"mt-5\" align=\"center\">\r\n    <h2>\r\n        <a href=\"https:\/\/www.facebook.com\/Safe-market-by-RAR-102561274579787\" target=\"_blank\" rel=\"noopener\">\r\n            <i class=\"fa-brands fa-facebook\"><\/i>\r\n        <\/a>\r\n    <\/h2>\r\n<a href=\"https:\/\/www.facebook.com\/Safe-market-by-RAR-102561274579787\" target=\"_blank\" rel=\"noopener\">Safe Market by RAR<\/a>\r\n\r\n<\/div>\n\n\n\n<p><\/p>\n\n\n\n<div style=\"height:30px\" aria-hidden=\"true\" class=\"wp-block-spacer\"><\/div>\n\n\t<\/div>\n\n\n\n<div class=\"col-12 col-md-6\">\n\t\t\t\n\n<p class=\"has-text-align-left\"><strong>Adresa<\/strong><br>Bucure\u015fti&nbsp;\u2013&nbsp;010719, sector 1,&nbsp;<br>Calea Grivi\u0163ei nr. 391A<\/p>\n\n\n\n<iframe src=\"https:\/\/www.google.com\/maps\/embed?pb=!1m17!1m12!1m3!1d1516.2310484236375!2d26.051070322477944!3d44.468590228424844!2m3!1f0!2f0!3f0!3m2!1i1024!2i768!4f13.1!3m2!1m1!2zNDTCsDI4JzA2LjYiTiAyNsKwMDMnMDcuMiJF!5e0!3m2!1sro!2sro!4v1738131356293!5m2!1sro!2sro\" \r\nwidth=\"100%\" \r\nheight=\"300\" \r\nstyle=\"border:0;\" \r\nallowfullscreen=\"\" \r\nloading=\"lazy\" \r\nreferrerpolicy=\"no-referrer-when-downgrade\">\r\n<\/iframe>\n\n\t<\/div>\n\n<\/div>\n\n\n\n<div style=\"height:30px\" aria-hidden=\"true\" class=\"wp-block-spacer\"><\/div>\n\n\n\n<p><strong><strong>Formular de contact<\/strong><\/strong><\/p>\n\n\n<p>[contact-form-7 id=&#8221;292691&#8243; title=&#8221;Formular de contact &#8211; Departamente&#8221;]<\/p>\n","protected":false},"excerpt":{"rendered":"<p>Prezentare Registrul Auto Rom\u00e2n, prin Direc\u021bia Supraveghere de Pia\u0163\u0103 reprezint\u0103 autoritatea de supraveghere a pie\u021bei \u00een domeniul autovehiculelor rutiere, notificat\u0103 la nivelul Comisiei Europene. \u00cen anul 2006, a fost \u00eenfiin\u021bat \u00een cadrul Registrului Auto Rom\u00e2n Departamentul Supraveghere de Pia\u021b\u0103, \u00een urma unei experien\u021be de 6 ani privind controlul agen\u021bilor economici, adapt\u00e2ndu-se constant \u0219i propor\u021bional cu [&hellip;]<\/p>\n","protected":false},"author":3,"featured_media":0,"parent":35,"menu_order":1,"comment_status":"closed","ping_status":"closed","template":"","meta":{"_acf_changed":false,"footnotes":""},"class_list":["post-13360","page","type-page","status-publish","hentry"],"acf":[],"_links":{"self":[{"href":"https:\/\/www.rarom.ro\/index.php?rest_route=\/wp\/v2\/pages\/13360","targetHints":{"allow":["GET"]}}],"collection":[{"href":"https:\/\/www.rarom.ro\/index.php?rest_route=\/wp\/v2\/pages"}],"about":[{"href":"https:\/\/www.rarom.ro\/index.php?rest_route=\/wp\/v2\/types\/page"}],"author":[{"embeddable":true,"href":"https:\/\/www.rarom.ro\/index.php?rest_route=\/wp\/v2\/users\/3"}],"replies":[{"embeddable":true,"href":"https:\/\/www.rarom.ro\/index.php?rest_route=%2Fwp%2Fv2%2Fcomments&post=13360"}],"version-history":[{"count":26,"href":"https:\/\/www.rarom.ro\/index.php?rest_route=\/wp\/v2\/pages\/13360\/revisions"}],"predecessor-version":[{"id":298821,"href":"https:\/\/www.rarom.ro\/index.php?rest_route=\/wp\/v2\/pages\/13360\/revisions\/298821"}],"up":[{"embeddable":true,"href":"https:\/\/www.rarom.ro\/index.php?rest_route=\/wp\/v2\/pages\/35"}],"wp:attachment":[{"href":"https:\/\/www.rarom.ro\/index.php?rest_route=%2Fwp%2Fv2%2Fmedia&parent=13360"}],"curies":[{"name":"wp","href":"https:\/\/api.w.org\/{rel}","templated":true}]}}