{"id":13149,"date":"2022-06-06T14:14:00","date_gmt":"2022-06-06T11:14:00","guid":{"rendered":"https:\/\/www.rarom.ro\/?page_id=13149"},"modified":"2022-06-06T14:23:10","modified_gmt":"2022-06-06T11:23:10","slug":"prezentare","status":"publish","type":"page","link":"https:\/\/www.rarom.ro\/?page_id=13149","title":{"rendered":"Prezentare"},"content":{"rendered":"<p><strong>Audi Urbansphere<\/strong><\/p>\n<p><a href=\"https:\/\/www.rarom.ro\/wp-content\/uploads\/2022\/06\/Prezentare-mare.jpeg\"><img loading=\"lazy\" decoding=\"async\" class=\"size-full wp-image-13150 aligncenter\" src=\"https:\/\/www.rarom.ro\/wp-content\/uploads\/2022\/06\/Prezentare-mare.jpeg\" alt=\"\" width=\"730\" height=\"450\" srcset=\"https:\/\/www.rarom.ro\/wp-content\/uploads\/2022\/06\/Prezentare-mare.jpeg 730w, https:\/\/www.rarom.ro\/wp-content\/uploads\/2022\/06\/Prezentare-mare-300x185.jpeg 300w\" sizes=\"auto, (max-width: 730px) 100vw, 730px\" \/><\/a><\/p>\n<p style=\"text-align: justify;\"><img loading=\"lazy\" decoding=\"async\" class=\"alignleft size-full wp-image-13152\" src=\"https:\/\/www.rarom.ro\/wp-content\/uploads\/2022\/06\/Prezentare-pagini.jpg\" alt=\"\" width=\"250\" height=\"165\" \/>Conceptul Urbansphere este al treilea \u0219i cel mai mare membru al familiei de prototipuri electrice Audi Sphere. Este un automobil conceput pentru orele de v\u00e2rf din traficul megaora\u0219elor, iar echipamentele din interiorul s\u0103u opulent ne arat\u0103 c\u00e2t de confortabil\u0103 ar putea fi c\u0103l\u0103toria cu ma\u0219ina. [&#8230;]<\/p>\n","protected":false},"excerpt":{"rendered":"<p>Audi Urbansphere Conceptul Urbansphere este al treilea \u0219i cel mai mare membru al familiei de prototipuri electrice Audi Sphere. Este un automobil conceput pentru orele de v\u00e2rf din traficul megaora\u0219elor, iar echipamentele din interiorul s\u0103u opulent ne arat\u0103 c\u00e2t de confortabil\u0103 ar putea fi c\u0103l\u0103toria cu ma\u0219ina. [&#8230;]<\/p>\n","protected":false},"author":3,"featured_media":0,"parent":13099,"menu_order":4,"comment_status":"closed","ping_status":"closed","template":"","meta":{"_acf_changed":false,"footnotes":""},"class_list":["post-13149","page","type-page","status-publish","hentry"],"acf":[],"_links":{"self":[{"href":"https:\/\/www.rarom.ro\/index.php?rest_route=\/wp\/v2\/pages\/13149","targetHints":{"allow":["GET"]}}],"collection":[{"href":"https:\/\/www.rarom.ro\/index.php?rest_route=\/wp\/v2\/pages"}],"about":[{"href":"https:\/\/www.rarom.ro\/index.php?rest_route=\/wp\/v2\/types\/page"}],"author":[{"embeddable":true,"href":"https:\/\/www.rarom.ro\/index.php?rest_route=\/wp\/v2\/users\/3"}],"replies":[{"embeddable":true,"href":"https:\/\/www.rarom.ro\/index.php?rest_route=%2Fwp%2Fv2%2Fcomments&post=13149"}],"version-history":[{"count":2,"href":"https:\/\/www.rarom.ro\/index.php?rest_route=\/wp\/v2\/pages\/13149\/revisions"}],"predecessor-version":[{"id":13155,"href":"https:\/\/www.rarom.ro\/index.php?rest_route=\/wp\/v2\/pages\/13149\/revisions\/13155"}],"up":[{"embeddable":true,"href":"https:\/\/www.rarom.ro\/index.php?rest_route=\/wp\/v2\/pages\/13099"}],"wp:attachment":[{"href":"https:\/\/www.rarom.ro\/index.php?rest_route=%2Fwp%2Fv2%2Fmedia&parent=13149"}],"curies":[{"name":"wp","href":"https:\/\/api.w.org\/{rel}","templated":true}]}}