{"id":13143,"date":"2022-06-06T14:12:28","date_gmt":"2022-06-06T11:12:28","guid":{"rendered":"https:\/\/www.rarom.ro\/?page_id=13143"},"modified":"2022-06-06T14:22:54","modified_gmt":"2022-06-06T11:22:54","slug":"magazin","status":"publish","type":"page","link":"https:\/\/www.rarom.ro\/?page_id=13143","title":{"rendered":"Magazin"},"content":{"rendered":"<p><strong>Lumea auto pentru copii<\/strong><\/p>\n<p><a href=\"https:\/\/www.rarom.ro\/wp-content\/uploads\/2022\/06\/Magazin-mare.jpg\"><img loading=\"lazy\" decoding=\"async\" class=\"size-full wp-image-13144 aligncenter\" src=\"https:\/\/www.rarom.ro\/wp-content\/uploads\/2022\/06\/Magazin-mare.jpg\" alt=\"\" width=\"730\" height=\"450\" srcset=\"https:\/\/www.rarom.ro\/wp-content\/uploads\/2022\/06\/Magazin-mare.jpg 730w, https:\/\/www.rarom.ro\/wp-content\/uploads\/2022\/06\/Magazin-mare-300x185.jpg 300w\" sizes=\"auto, (max-width: 730px) 100vw, 730px\" \/><\/a><\/p>\n<p style=\"text-align: justify;\"><img loading=\"lazy\" decoding=\"async\" class=\"alignleft size-full wp-image-13146\" src=\"https:\/\/www.rarom.ro\/wp-content\/uploads\/2022\/06\/Magazin-pagini.jpg\" alt=\"\" width=\"250\" height=\"165\" \/>Este inutil s\u0103 mai aminteasc\u0103 cineva ce \u00eenseamn\u0103 o ma\u0219in\u0103 pentru cei mai mul\u021bi dintre copiii acestei planete. Constructorii de automobile au \u0219tiut de la bun \u00eenceput c\u0103 ace\u0219tia reprezint\u0103 viitoarele genera\u021bii de \u0219oferi, ingineri \u0219i designeri \u0219i prin urmare \u0219tiu c\u0103 pasiunea lor pentru noile modele \u0219i tehnologii trebuie cultivat\u0103 de timpuriu. [&#8230;]<\/p>\n","protected":false},"excerpt":{"rendered":"<p>Lumea auto pentru copii Este inutil s\u0103 mai aminteasc\u0103 cineva ce \u00eenseamn\u0103 o ma\u0219in\u0103 pentru cei mai mul\u021bi dintre copiii acestei planete. Constructorii de automobile au \u0219tiut de la bun \u00eenceput c\u0103 ace\u0219tia reprezint\u0103 viitoarele genera\u021bii de \u0219oferi, ingineri \u0219i designeri \u0219i prin urmare \u0219tiu c\u0103 pasiunea lor pentru noile modele \u0219i tehnologii trebuie cultivat\u0103 [&hellip;]<\/p>\n","protected":false},"author":3,"featured_media":0,"parent":13099,"menu_order":3,"comment_status":"closed","ping_status":"closed","template":"","meta":{"_acf_changed":false,"footnotes":""},"class_list":["post-13143","page","type-page","status-publish","hentry"],"acf":[],"_links":{"self":[{"href":"https:\/\/www.rarom.ro\/index.php?rest_route=\/wp\/v2\/pages\/13143","targetHints":{"allow":["GET"]}}],"collection":[{"href":"https:\/\/www.rarom.ro\/index.php?rest_route=\/wp\/v2\/pages"}],"about":[{"href":"https:\/\/www.rarom.ro\/index.php?rest_route=\/wp\/v2\/types\/page"}],"author":[{"embeddable":true,"href":"https:\/\/www.rarom.ro\/index.php?rest_route=\/wp\/v2\/users\/3"}],"replies":[{"embeddable":true,"href":"https:\/\/www.rarom.ro\/index.php?rest_route=%2Fwp%2Fv2%2Fcomments&post=13143"}],"version-history":[{"count":1,"href":"https:\/\/www.rarom.ro\/index.php?rest_route=\/wp\/v2\/pages\/13143\/revisions"}],"predecessor-version":[{"id":13148,"href":"https:\/\/www.rarom.ro\/index.php?rest_route=\/wp\/v2\/pages\/13143\/revisions\/13148"}],"up":[{"embeddable":true,"href":"https:\/\/www.rarom.ro\/index.php?rest_route=\/wp\/v2\/pages\/13099"}],"wp:attachment":[{"href":"https:\/\/www.rarom.ro\/index.php?rest_route=%2Fwp%2Fv2%2Fmedia&parent=13143"}],"curies":[{"name":"wp","href":"https:\/\/api.w.org\/{rel}","templated":true}]}}