{"id":13131,"date":"2022-06-06T14:08:52","date_gmt":"2022-06-06T11:08:52","guid":{"rendered":"https:\/\/www.rarom.ro\/?page_id=13131"},"modified":"2022-06-06T14:22:22","modified_gmt":"2022-06-06T11:22:22","slug":"eveniment","status":"publish","type":"page","link":"https:\/\/www.rarom.ro\/?page_id=13131","title":{"rendered":"Eveniment"},"content":{"rendered":"<p><strong>Best Electric Car<\/strong><\/p>\n<p><a href=\"https:\/\/www.rarom.ro\/wp-content\/uploads\/2022\/06\/Eveniment-mare.jpg\"><img loading=\"lazy\" decoding=\"async\" class=\"size-full wp-image-13132 aligncenter\" src=\"https:\/\/www.rarom.ro\/wp-content\/uploads\/2022\/06\/Eveniment-mare.jpg\" alt=\"\" width=\"730\" height=\"450\" srcset=\"https:\/\/www.rarom.ro\/wp-content\/uploads\/2022\/06\/Eveniment-mare.jpg 730w, https:\/\/www.rarom.ro\/wp-content\/uploads\/2022\/06\/Eveniment-mare-300x185.jpg 300w\" sizes=\"auto, (max-width: 730px) 100vw, 730px\" \/><\/a><\/p>\n<p style=\"text-align: justify;\"><img loading=\"lazy\" decoding=\"async\" class=\"alignleft size-full wp-image-13134\" src=\"https:\/\/www.rarom.ro\/wp-content\/uploads\/2022\/06\/Eveniment-pagini.jpg\" alt=\"\" width=\"250\" height=\"165\" \/>Un lucru este clar \u00een Rom\u00e2nia, trendul electric cap\u0103t\u0103 tot mai mult\u0103 consisten\u021b\u0103 prin noile modele de autoturisme care \u00eencep s\u0103-\u0219i fac\u0103 sim\u021bit\u0103 prezen\u021ba din ce \u00een ce mai acut pe pia\u021ba autohton\u0103. Iar faptul devine remarcabil cu fiecare an ce trece. [&#8230;]<\/p>\n","protected":false},"excerpt":{"rendered":"<p>Best Electric Car Un lucru este clar \u00een Rom\u00e2nia, trendul electric cap\u0103t\u0103 tot mai mult\u0103 consisten\u021b\u0103 prin noile modele de autoturisme care \u00eencep s\u0103-\u0219i fac\u0103 sim\u021bit\u0103 prezen\u021ba din ce \u00een ce mai acut pe pia\u021ba autohton\u0103. Iar faptul devine remarcabil cu fiecare an ce trece. [&#8230;]<\/p>\n","protected":false},"author":3,"featured_media":0,"parent":13099,"menu_order":2,"comment_status":"closed","ping_status":"closed","template":"","meta":{"_acf_changed":false,"footnotes":""},"class_list":["post-13131","page","type-page","status-publish","hentry"],"acf":[],"_links":{"self":[{"href":"https:\/\/www.rarom.ro\/index.php?rest_route=\/wp\/v2\/pages\/13131","targetHints":{"allow":["GET"]}}],"collection":[{"href":"https:\/\/www.rarom.ro\/index.php?rest_route=\/wp\/v2\/pages"}],"about":[{"href":"https:\/\/www.rarom.ro\/index.php?rest_route=\/wp\/v2\/types\/page"}],"author":[{"embeddable":true,"href":"https:\/\/www.rarom.ro\/index.php?rest_route=\/wp\/v2\/users\/3"}],"replies":[{"embeddable":true,"href":"https:\/\/www.rarom.ro\/index.php?rest_route=%2Fwp%2Fv2%2Fcomments&post=13131"}],"version-history":[{"count":1,"href":"https:\/\/www.rarom.ro\/index.php?rest_route=\/wp\/v2\/pages\/13131\/revisions"}],"predecessor-version":[{"id":13136,"href":"https:\/\/www.rarom.ro\/index.php?rest_route=\/wp\/v2\/pages\/13131\/revisions\/13136"}],"up":[{"embeddable":true,"href":"https:\/\/www.rarom.ro\/index.php?rest_route=\/wp\/v2\/pages\/13099"}],"wp:attachment":[{"href":"https:\/\/www.rarom.ro\/index.php?rest_route=%2Fwp%2Fv2%2Fmedia&parent=13131"}],"curies":[{"name":"wp","href":"https:\/\/api.w.org\/{rel}","templated":true}]}}