{"id":13119,"date":"2022-06-06T14:00:17","date_gmt":"2022-06-06T11:00:17","guid":{"rendered":"https:\/\/www.rarom.ro\/?page_id=13119"},"modified":"2022-06-06T14:24:52","modified_gmt":"2022-06-06T11:24:52","slug":"renault-arkana-tce-rs-line","status":"publish","type":"page","link":"https:\/\/www.rarom.ro\/?page_id=13119","title":{"rendered":"Renault Arkana TCe RS Line"},"content":{"rendered":"<p><strong>Test: Renault Arkana TCe RS Line<\/strong><\/p>\n<p><a href=\"https:\/\/www.rarom.ro\/wp-content\/uploads\/2022\/06\/Test-Renault-mare.jpg\"><img loading=\"lazy\" decoding=\"async\" class=\"size-full wp-image-13120 aligncenter\" src=\"https:\/\/www.rarom.ro\/wp-content\/uploads\/2022\/06\/Test-Renault-mare.jpg\" alt=\"\" width=\"730\" height=\"450\" srcset=\"https:\/\/www.rarom.ro\/wp-content\/uploads\/2022\/06\/Test-Renault-mare.jpg 730w, https:\/\/www.rarom.ro\/wp-content\/uploads\/2022\/06\/Test-Renault-mare-300x185.jpg 300w\" sizes=\"auto, (max-width: 730px) 100vw, 730px\" \/><\/a><\/p>\n<p style=\"text-align: justify;\"><img loading=\"lazy\" decoding=\"async\" class=\"alignleft size-full wp-image-13122\" src=\"https:\/\/www.rarom.ro\/wp-content\/uploads\/2022\/06\/Test-Renault-pagini.jpg\" alt=\"\" width=\"250\" height=\"165\" \/>Renault Arkana \u00ee\u015fi contureaz\u0103 o prezen\u0163\u0103 din ce \u00een ce mai consistent\u0103. \u00cen primul r\u00e2nd prin diversificarea gamei de motoriz\u0103ri. Exist\u0103 \u015fi o variant\u0103 E-Tech, dar cu ea ne vom \u00eent\u00e2lni luna viitoare. Acum este r\u00e2ndul motoriz\u0103rii TCe 160, cuplat\u0103 la o transmisie automat\u0103 cu dublu ambreiaj \u015fi \u0219apte trepte. [&#8230;]<\/p>\n","protected":false},"excerpt":{"rendered":"<p>Test: Renault Arkana TCe RS Line Renault Arkana \u00ee\u015fi contureaz\u0103 o prezen\u0163\u0103 din ce \u00een ce mai consistent\u0103. \u00cen primul r\u00e2nd prin diversificarea gamei de motoriz\u0103ri. Exist\u0103 \u015fi o variant\u0103 E-Tech, dar cu ea ne vom \u00eent\u00e2lni luna viitoare. Acum este r\u00e2ndul motoriz\u0103rii TCe 160, cuplat\u0103 la o transmisie automat\u0103 cu dublu ambreiaj \u015fi \u0219apte [&hellip;]<\/p>\n","protected":false},"author":3,"featured_media":0,"parent":13103,"menu_order":3,"comment_status":"closed","ping_status":"closed","template":"","meta":{"_acf_changed":false,"footnotes":""},"class_list":["post-13119","page","type-page","status-publish","hentry"],"acf":[],"_links":{"self":[{"href":"https:\/\/www.rarom.ro\/index.php?rest_route=\/wp\/v2\/pages\/13119","targetHints":{"allow":["GET"]}}],"collection":[{"href":"https:\/\/www.rarom.ro\/index.php?rest_route=\/wp\/v2\/pages"}],"about":[{"href":"https:\/\/www.rarom.ro\/index.php?rest_route=\/wp\/v2\/types\/page"}],"author":[{"embeddable":true,"href":"https:\/\/www.rarom.ro\/index.php?rest_route=\/wp\/v2\/users\/3"}],"replies":[{"embeddable":true,"href":"https:\/\/www.rarom.ro\/index.php?rest_route=%2Fwp%2Fv2%2Fcomments&post=13119"}],"version-history":[{"count":1,"href":"https:\/\/www.rarom.ro\/index.php?rest_route=\/wp\/v2\/pages\/13119\/revisions"}],"predecessor-version":[{"id":13124,"href":"https:\/\/www.rarom.ro\/index.php?rest_route=\/wp\/v2\/pages\/13119\/revisions\/13124"}],"up":[{"embeddable":true,"href":"https:\/\/www.rarom.ro\/index.php?rest_route=\/wp\/v2\/pages\/13103"}],"wp:attachment":[{"href":"https:\/\/www.rarom.ro\/index.php?rest_route=%2Fwp%2Fv2%2Fmedia&parent=13119"}],"curies":[{"name":"wp","href":"https:\/\/api.w.org\/{rel}","templated":true}]}}