{"id":13107,"date":"2022-06-06T13:55:56","date_gmt":"2022-06-06T10:55:56","guid":{"rendered":"https:\/\/www.rarom.ro\/?page_id=13107"},"modified":"2022-06-06T14:24:07","modified_gmt":"2022-06-06T11:24:07","slug":"dacia-jogger","status":"publish","type":"page","link":"https:\/\/www.rarom.ro\/?page_id=13107","title":{"rendered":"Dacia Jogger"},"content":{"rendered":"<p><strong>Test: Dacia Jogger<\/strong><\/p>\n<p><a href=\"https:\/\/www.rarom.ro\/wp-content\/uploads\/2022\/06\/Test-Dacia-mare.jpg\"><img loading=\"lazy\" decoding=\"async\" class=\"size-full wp-image-13108 aligncenter\" src=\"https:\/\/www.rarom.ro\/wp-content\/uploads\/2022\/06\/Test-Dacia-mare.jpg\" alt=\"\" width=\"730\" height=\"450\" srcset=\"https:\/\/www.rarom.ro\/wp-content\/uploads\/2022\/06\/Test-Dacia-mare.jpg 730w, https:\/\/www.rarom.ro\/wp-content\/uploads\/2022\/06\/Test-Dacia-mare-300x185.jpg 300w\" sizes=\"auto, (max-width: 730px) 100vw, 730px\" \/><\/a><\/p>\n<p style=\"text-align: justify;\"><img loading=\"lazy\" decoding=\"async\" class=\"alignleft size-full wp-image-13110\" src=\"https:\/\/www.rarom.ro\/wp-content\/uploads\/2022\/06\/Test-Dacia-pagini.jpg\" alt=\"\" width=\"250\" height=\"165\" \/>Cu cinci sau \u0219apte locuri, motor pe benzin\u0103 sau benzin\u0103-GPL, trei variante de echipare \u015fi mod Eco standardizat, Dacia Jogger \u00ee\u015fi propune s\u0103 devin\u0103 alegerea potrivit\u0103 pentru cei care sunt \u00een c\u0103utarea unei ma\u015fini accesibile \u0219i versatile. [&#8230;]<\/p>\n","protected":false},"excerpt":{"rendered":"<p>Test: Dacia Jogger Cu cinci sau \u0219apte locuri, motor pe benzin\u0103 sau benzin\u0103-GPL, trei variante de echipare \u015fi mod Eco standardizat, Dacia Jogger \u00ee\u015fi propune s\u0103 devin\u0103 alegerea potrivit\u0103 pentru cei care sunt \u00een c\u0103utarea unei ma\u015fini accesibile \u0219i versatile. [&#8230;]<\/p>\n","protected":false},"author":3,"featured_media":0,"parent":13103,"menu_order":1,"comment_status":"closed","ping_status":"closed","template":"","meta":{"_acf_changed":false,"footnotes":""},"class_list":["post-13107","page","type-page","status-publish","hentry"],"acf":[],"_links":{"self":[{"href":"https:\/\/www.rarom.ro\/index.php?rest_route=\/wp\/v2\/pages\/13107","targetHints":{"allow":["GET"]}}],"collection":[{"href":"https:\/\/www.rarom.ro\/index.php?rest_route=\/wp\/v2\/pages"}],"about":[{"href":"https:\/\/www.rarom.ro\/index.php?rest_route=\/wp\/v2\/types\/page"}],"author":[{"embeddable":true,"href":"https:\/\/www.rarom.ro\/index.php?rest_route=\/wp\/v2\/users\/3"}],"replies":[{"embeddable":true,"href":"https:\/\/www.rarom.ro\/index.php?rest_route=%2Fwp%2Fv2%2Fcomments&post=13107"}],"version-history":[{"count":1,"href":"https:\/\/www.rarom.ro\/index.php?rest_route=\/wp\/v2\/pages\/13107\/revisions"}],"predecessor-version":[{"id":13112,"href":"https:\/\/www.rarom.ro\/index.php?rest_route=\/wp\/v2\/pages\/13107\/revisions\/13112"}],"up":[{"embeddable":true,"href":"https:\/\/www.rarom.ro\/index.php?rest_route=\/wp\/v2\/pages\/13103"}],"wp:attachment":[{"href":"https:\/\/www.rarom.ro\/index.php?rest_route=%2Fwp%2Fv2%2Fmedia&parent=13107"}],"curies":[{"name":"wp","href":"https:\/\/api.w.org\/{rel}","templated":true}]}}