{"id":1305,"date":"2015-11-26T11:37:11","date_gmt":"2015-11-26T11:37:11","guid":{"rendered":"https:\/\/www.rarom.ro\/?page_id=1305"},"modified":"2026-01-15T11:15:34","modified_gmt":"2026-01-15T09:15:34","slug":"declaratii-de-avere-si-interese-2012","status":"publish","type":"page","link":"https:\/\/www.rarom.ro\/?page_id=1305","title":{"rendered":"Declara\u0163ii de avere \u015fi interese 2012"},"content":{"rendered":"<p class=\"p1\"><span class=\"s1\">1. Dinc\u0103 George-Adrian &#8211; Director General R.A.R. &#8211; R.A. \u015fi membru CA<\/span><\/p>\n<p class=\"p3\"><span class=\"s2\">&#8211; <a href=\"https:\/\/www.rarom.ro\/cs-uploads\/George-Dinca1.pdf\" target=\"_blank\" rel=\"noopener noreferrer\"><span class=\"s3\">Declara\u0163ie de avere<\/span><\/a> (format pdf)<\/span><\/p>\n<p class=\"p3\"><span class=\"s2\">&#8211; <a href=\"https:\/\/www.rarom.ro\/cs-uploads\/George-Dinca2.pdf\" target=\"_blank\" rel=\"noopener noreferrer\"><span class=\"s3\">Declara\u0163ie de interese<\/span><\/a> (format pdf)<\/span><\/p>\n<p class=\"p1\"><span class=\"s1\">2. Dima Marin &#8211; pre\u015fedinte CA<\/span><\/p>\n<p class=\"p3\"><span class=\"s2\">&#8211; <a href=\"https:\/\/www.rarom.ro\/cs-uploads\/Dima_Marin1.pdf\" target=\"_blank\" rel=\"noopener noreferrer\"><span class=\"s3\">Declara\u0163ie de avere<\/span><\/a> (format pdf)<\/span><\/p>\n<p class=\"p3\"><span class=\"s2\">&#8211; <a href=\"https:\/\/www.rarom.ro\/cs-uploads\/Dima_Marin2.pdf\" target=\"_blank\" rel=\"noopener noreferrer\"><span class=\"s3\">Declara\u0163ie de interese<\/span><\/a> (format pdf)<\/span><\/p>\n<p class=\"p1\"><span class=\"s1\">3. Supuran Sorin &#8211; membru CA &#8211; reprezentant MT<\/span><\/p>\n<p class=\"p3\"><span class=\"s2\">&#8211; <a href=\"https:\/\/www.rarom.ro\/cs-uploads\/SUPURAN_SORIN1.pdf\" target=\"_blank\" rel=\"noopener noreferrer\"><span class=\"s3\">Declara\u0163ie de avere<\/span><\/a> (format pdf)<\/span><\/p>\n<p class=\"p3\"><span class=\"s2\">&#8211; <a href=\"https:\/\/www.rarom.ro\/cs-uploads\/SUPURAN_SORIN2.pdf\" target=\"_blank\" rel=\"noopener noreferrer\"><span class=\"s3\">Declara\u0163ie de interese<\/span><\/a> (format pdf)<\/span><\/p>\n<p class=\"p1\"><span class=\"s1\">4. Duhan George Vladimir &#8211; membru CA &#8211; reprezentant MT<\/span><\/p>\n<p class=\"p3\"><span class=\"s2\">&#8211; <a href=\"https:\/\/www.rarom.ro\/cs-uploads\/Duhan_George1.pdf\" target=\"_blank\" rel=\"noopener noreferrer\"><span class=\"s3\">Declara\u0163ie de avere<\/span><\/a> (format pdf)<\/span><\/p>\n<p class=\"p3\"><span class=\"s2\">&#8211; <a href=\"https:\/\/www.rarom.ro\/cs-uploads\/Duhan_George2.pdf\" target=\"_blank\" rel=\"noopener noreferrer\"><span class=\"s3\">Declara\u0163ie de interese<\/span><\/a> (format pdf)<\/span><\/p>\n<p class=\"p3\"><span class=\"s2\">&#8211; <a href=\"https:\/\/www.rarom.ro\/cs-uploads\/Duhan_George1_22.05.2013.pdf\" target=\"_blank\" rel=\"noopener noreferrer\"><span class=\"s3\">Declara\u0163ie de avere<\/span><\/a> (format pdf)<\/span><\/p>\n<p class=\"p3\"><span class=\"s2\">&#8211; <a href=\"https:\/\/www.rarom.ro\/cs-uploads\/Duhan_George2_22.05.2013.pdf\" target=\"_blank\" rel=\"noopener noreferrer\"><span class=\"s3\">Declara\u0163ie de interese<\/span><\/a> (format pdf)<\/span><\/p>\n<p class=\"p1\"><span class=\"s1\">5. Coiciu Dumitru &#8211; membru CA<\/span><\/p>\n<p class=\"p3\"><span class=\"s2\">&#8211; <a href=\"https:\/\/www.rarom.ro\/cs-uploads\/Coiciu_Dumitru1.pdf\" target=\"_blank\" rel=\"noopener noreferrer\"><span class=\"s3\">Declara\u0163ie de avere<\/span><\/a> (format pdf)<\/span><\/p>\n<p class=\"p3\"><span class=\"s2\">&#8211; <a href=\"https:\/\/www.rarom.ro\/cs-uploads\/Coiciu_Dumitru2.pdf\" target=\"_blank\" rel=\"noopener noreferrer\"><span class=\"s3\">Declara\u0163ie de interese<\/span><\/a> (format pdf)<\/span><\/p>\n<p class=\"p1\"><span class=\"s1\">6. Popescu Maria<\/span><\/p>\n<p class=\"p3\"><span class=\"s2\">&#8211; <a href=\"https:\/\/www.rarom.ro\/cs-uploads\/Popescu-Maria1.pdf\" target=\"_blank\" rel=\"noopener noreferrer\"><span class=\"s3\">declara\u0163ie de avere<\/span><\/a> (format pdf)<\/span><\/p>\n<p class=\"p3\"><span class=\"s2\">&#8211; <a href=\"https:\/\/www.rarom.ro\/cs-uploads\/Popescu-Maria2.pdf\" target=\"_blank\" rel=\"noopener noreferrer\"><span class=\"s3\">declara\u0163ie de interese<\/span><\/a> (format pdf)<\/span><\/p>\n<p class=\"p1\"><span class=\"s1\">7. C\u00e2mpeanu Flavius Cristian<\/span><\/p>\n<p class=\"p3\"><span class=\"s2\">&#8211; <a href=\"https:\/\/www.rarom.ro\/cs-uploads\/Campeanu_Flavius1.pdf\" target=\"_blank\" rel=\"noopener noreferrer\"><span class=\"s3\">Declara\u0163ie de avere<\/span><\/a> (format pdf)<\/span><\/p>\n<p class=\"p3\"><span class=\"s2\">&#8211; <a href=\"https:\/\/www.rarom.ro\/cs-uploads\/Campeanu_Flavius2.pdf\" target=\"_blank\" rel=\"noopener noreferrer\"><span class=\"s3\">Declara\u0163ie de interese<\/span><\/a> (format pdf)<\/span><\/p>\n<p>8. Stancu Sotir<\/p>\n<p class=\"p3\"><span class=\"s2\">&#8211; <a href=\"https:\/\/www.rarom.ro\/cs-uploads\/stancu_sotir.pdf\" target=\"_blank\" rel=\"noopener noreferrer\"><span class=\"s3\">Declara\u0163ie de avere<\/span><\/a> (format pdf)<\/span><\/p>\n<p class=\"p3\"><span class=\"s2\">&#8211; <a href=\"https:\/\/www.rarom.ro\/cs-uploads\/stancu_sotir2.pdf\" target=\"_blank\" rel=\"noopener noreferrer\"><span class=\"s3\">Declara\u0163ie de interese<\/span><\/a> (format pdf)<\/span><\/p>\n","protected":false},"excerpt":{"rendered":"<p>1. Dinc\u0103 George-Adrian &#8211; Director General R.A.R. &#8211; R.A. \u015fi membru CA &#8211; Declara\u0163ie de avere (format pdf) &#8211; Declara\u0163ie de interese (format pdf) 2. Dima Marin &#8211; pre\u015fedinte CA &#8211; Declara\u0163ie de avere (format pdf) &#8211; Declara\u0163ie de interese (format pdf) 3. Supuran Sorin &#8211; membru CA &#8211; reprezentant MT &#8211; Declara\u0163ie de avere [&hellip;]<\/p>\n","protected":false},"author":1,"featured_media":0,"parent":1297,"menu_order":9989,"comment_status":"closed","ping_status":"closed","template":"","meta":{"_acf_changed":false,"footnotes":""},"class_list":["post-1305","page","type-page","status-publish","hentry"],"acf":[],"_links":{"self":[{"href":"https:\/\/www.rarom.ro\/index.php?rest_route=\/wp\/v2\/pages\/1305","targetHints":{"allow":["GET"]}}],"collection":[{"href":"https:\/\/www.rarom.ro\/index.php?rest_route=\/wp\/v2\/pages"}],"about":[{"href":"https:\/\/www.rarom.ro\/index.php?rest_route=\/wp\/v2\/types\/page"}],"author":[{"embeddable":true,"href":"https:\/\/www.rarom.ro\/index.php?rest_route=\/wp\/v2\/users\/1"}],"replies":[{"embeddable":true,"href":"https:\/\/www.rarom.ro\/index.php?rest_route=%2Fwp%2Fv2%2Fcomments&post=1305"}],"version-history":[{"count":10,"href":"https:\/\/www.rarom.ro\/index.php?rest_route=\/wp\/v2\/pages\/1305\/revisions"}],"predecessor-version":[{"id":300115,"href":"https:\/\/www.rarom.ro\/index.php?rest_route=\/wp\/v2\/pages\/1305\/revisions\/300115"}],"up":[{"embeddable":true,"href":"https:\/\/www.rarom.ro\/index.php?rest_route=\/wp\/v2\/pages\/1297"}],"wp:attachment":[{"href":"https:\/\/www.rarom.ro\/index.php?rest_route=%2Fwp%2Fv2%2Fmedia&parent=1305"}],"curies":[{"name":"wp","href":"https:\/\/api.w.org\/{rel}","templated":true}]}}