{"id":1301,"date":"2015-11-26T11:36:16","date_gmt":"2015-11-26T11:36:16","guid":{"rendered":"https:\/\/www.rarom.ro\/?page_id=1301"},"modified":"2026-01-15T11:14:42","modified_gmt":"2026-01-15T09:14:42","slug":"declaratii-de-avere-si-interese-2013","status":"publish","type":"page","link":"https:\/\/www.rarom.ro\/?page_id=1301","title":{"rendered":"Declara\u0163ii de avere \u015fi interese 2013"},"content":{"rendered":"<p class=\"p1\"><span class=\"s1\">1. Dinc\u0103 George-Adrian &#8211; Director General R.A.R. &#8211; R.A. \u015fi membru CA<\/span><\/p>\n<p class=\"p3\"><span class=\"s2\">&#8211; <a href=\"https:\/\/www.rarom.ro\/cs-uploads\/DincaGeorge1-2013.pdf\" target=\"_blank\" rel=\"noopener noreferrer\"><span class=\"s3\">Declara\u0163ie de avere<\/span><\/a> (format pdf)<\/span><\/p>\n<p class=\"p3\"><span class=\"s2\">&#8211; <a href=\"https:\/\/www.rarom.ro\/cs-uploads\/DincaGeorge2-2013.pdf\" target=\"_blank\" rel=\"noopener noreferrer\"><span class=\"s3\">Declara\u0163ie de interese<\/span><\/a> (format pdf)<\/span><\/p>\n<p class=\"p1\"><span class=\"s1\">2. Coiciu Dumitru &#8211; membru CA<\/span><\/p>\n<p class=\"p3\"><span class=\"s2\">&#8211; <a href=\"https:\/\/www.rarom.ro\/cs-uploads\/CoiciuDumitru1-2013.pdf\" target=\"_blank\" rel=\"noopener noreferrer\"><span class=\"s3\">Declara\u0163ie de avere<\/span><\/a> (format pdf)<\/span><\/p>\n<p class=\"p3\"><span class=\"s2\">&#8211; <a href=\"https:\/\/www.rarom.ro\/cs-uploads\/CoiciuDumitru2-2013.pdf\" target=\"_blank\" rel=\"noopener noreferrer\"><span class=\"s3\">Declara\u0163ie de interese<\/span><\/a> (format pdf)<\/span><\/p>\n<p class=\"p1\"><span class=\"s1\">3. Dima Marin &#8211; pre\u015fedinte CA<\/span><\/p>\n<p class=\"p3\"><span class=\"s2\">&#8211; <a href=\"https:\/\/www.rarom.ro\/cs-uploads\/DimaMarin1-2013.pdf\" target=\"_blank\" rel=\"noopener noreferrer\"><span class=\"s3\">Declara\u0163ie de avere<\/span><\/a> (format pdf)<\/span><\/p>\n<p class=\"p3\"><span class=\"s2\">&#8211; <a href=\"https:\/\/www.rarom.ro\/cs-uploads\/DimaMarin2-2013.pdf\" target=\"_blank\" rel=\"noopener noreferrer\"><span class=\"s3\">Declara\u0163ie de interese<\/span><\/a> (format pdf)<\/span><\/p>\n<p class=\"p1\"><span class=\"s1\">4. Supuran Sorin &#8211; membru CA &#8211; reprezentant MT<\/span><\/p>\n<p class=\"p3\"><span class=\"s2\">&#8211; <a href=\"https:\/\/www.rarom.ro\/cs-uploads\/SupuranSorin1-2013.pdf\" target=\"_blank\" rel=\"noopener noreferrer\"><span class=\"s3\">Declara\u0163ie de avere<\/span><\/a> (format pdf)<\/span><\/p>\n<p class=\"p3\"><span class=\"s2\">&#8211; <a href=\"https:\/\/www.rarom.ro\/cs-uploads\/SupuranSorin2-2013.pdf\" target=\"_blank\" rel=\"noopener noreferrer\"><span class=\"s3\">Declara\u0163ie de interese<\/span><\/a> (format pdf)<\/span><\/p>\n<p class=\"p1\"><span class=\"s1\">5. Mavrodin Tiberiu Valentin &#8211; membru &#8211; reprezentant MFP<\/span><\/p>\n<p class=\"p3\"><span class=\"s2\">&#8211; <a href=\"https:\/\/www.rarom.ro\/cs-uploads\/MavrodinValentin1-2013.pdf\" target=\"_blank\" rel=\"noopener noreferrer\"><span class=\"s3\">Declara\u0163ie de avere<\/span><\/a> (format pdf)<\/span><\/p>\n<p class=\"p3\"><span class=\"s2\">&#8211; <a href=\"https:\/\/www.rarom.ro\/cs-uploads\/MavrodinValentin2-2013.pdf\" target=\"_blank\" rel=\"noopener noreferrer\"><span class=\"s3\">Declara\u0163ie de interese<\/span><\/a> (format pdf)<\/span><\/p>\n<p class=\"p3\">6.&nbsp;Duhan George Vladimir \u2013 membru CA \u2013 reprezentant MT<\/p>\n<p class=\"p2\"><span class=\"s2\">&#8211; <a href=\"https:\/\/www.rarom.ro\/cs-uploads\/DuhanGeorge1-2013.pdf\" target=\"_blank\" rel=\"noopener noreferrer\"><span class=\"s3\">Declara\u0163ie de avere<\/span><\/a> (format pdf)<\/span><\/p>\n<p class=\"p2\"><span class=\"s2\">&#8211; <a href=\"https:\/\/www.rarom.ro\/cs-uploads\/DuhanGeorge2-2013.pdf\" target=\"_blank\" rel=\"noopener noreferrer\"><span class=\"s3\">Declara\u0163ie de interese<\/span><\/a> (format pdf)<\/span><\/p>\n","protected":false},"excerpt":{"rendered":"<p>1. Dinc\u0103 George-Adrian &#8211; Director General R.A.R. &#8211; R.A. \u015fi membru CA &#8211; Declara\u0163ie de avere (format pdf) &#8211; Declara\u0163ie de interese (format pdf) 2. Coiciu Dumitru &#8211; membru CA &#8211; Declara\u0163ie de avere (format pdf) &#8211; Declara\u0163ie de interese (format pdf) 3. Dima Marin &#8211; pre\u015fedinte CA &#8211; Declara\u0163ie de avere (format pdf) &#8211; [&hellip;]<\/p>\n","protected":false},"author":1,"featured_media":0,"parent":1297,"menu_order":9988,"comment_status":"closed","ping_status":"closed","template":"","meta":{"_acf_changed":false,"footnotes":""},"class_list":["post-1301","page","type-page","status-publish","hentry"],"acf":[],"_links":{"self":[{"href":"https:\/\/www.rarom.ro\/index.php?rest_route=\/wp\/v2\/pages\/1301","targetHints":{"allow":["GET"]}}],"collection":[{"href":"https:\/\/www.rarom.ro\/index.php?rest_route=\/wp\/v2\/pages"}],"about":[{"href":"https:\/\/www.rarom.ro\/index.php?rest_route=\/wp\/v2\/types\/page"}],"author":[{"embeddable":true,"href":"https:\/\/www.rarom.ro\/index.php?rest_route=\/wp\/v2\/users\/1"}],"replies":[{"embeddable":true,"href":"https:\/\/www.rarom.ro\/index.php?rest_route=%2Fwp%2Fv2%2Fcomments&post=1301"}],"version-history":[{"count":7,"href":"https:\/\/www.rarom.ro\/index.php?rest_route=\/wp\/v2\/pages\/1301\/revisions"}],"predecessor-version":[{"id":296429,"href":"https:\/\/www.rarom.ro\/index.php?rest_route=\/wp\/v2\/pages\/1301\/revisions\/296429"}],"up":[{"embeddable":true,"href":"https:\/\/www.rarom.ro\/index.php?rest_route=\/wp\/v2\/pages\/1297"}],"wp:attachment":[{"href":"https:\/\/www.rarom.ro\/index.php?rest_route=%2Fwp%2Fv2%2Fmedia&parent=1301"}],"curies":[{"name":"wp","href":"https:\/\/api.w.org\/{rel}","templated":true}]}}