{"id":13004,"date":"2022-05-19T08:21:49","date_gmt":"2022-05-19T05:21:49","guid":{"rendered":"https:\/\/www.rarom.ro\/?page_id=13004"},"modified":"2023-11-23T10:02:45","modified_gmt":"2023-11-23T08:02:45","slug":"rar-expert","status":"publish","type":"page","link":"https:\/\/www.rarom.ro\/?page_id=13004","title":{"rendered":"RAR eXpert"},"content":{"rendered":"<div class=\"wp-block-image\">\n<figure class=\"aligncenter\"><a href=\"https:\/\/www.rarom.ro\/wp-content\/uploads\/2022\/05\/vector-75.png\"><img loading=\"lazy\" decoding=\"async\" width=\"525\" height=\"161\" src=\"https:\/\/www.rarom.ro\/wp-content\/uploads\/2022\/05\/vector-75.png\" alt=\"\" class=\"wp-image-13005\" srcset=\"https:\/\/www.rarom.ro\/wp-content\/uploads\/2022\/05\/vector-75.png 525w, https:\/\/www.rarom.ro\/wp-content\/uploads\/2022\/05\/vector-75-300x92.png 300w\" sizes=\"auto, (max-width: 525px) 100vw, 525px\" \/><\/a><\/figure><\/div>\n\n\n<p class=\"has-text-align-center\"><\/p>\n\n\n\n<h2 class=\"wp-block-heading has-medium-font-size\"><a href=\"https:\/\/www.rarom.ro\/?p=13017\"><strong>RAR eXpert<\/strong>&nbsp;\u2013 cel mai nou serviciu oferit de Registrul Auto Rom\u00e2n.<\/a><\/h2>\n\n\n\n<p>Pentru acest serviciu, RAR ofer\u0103 un raport de expertiz\u0103. Astfel, ve\u021bi avea garan\u021bia, c\u0103&nbsp;autovehiculul&nbsp;pe care vre\u021bi s\u0103 \u00eel cump\u0103ra\u021bi este \u00een regul\u0103, \u00een sensul c\u0103 identitatea acestuia este cea real\u0103, stabilit\u0103 de produc\u0103tor! Neconformit\u0103\u021bile legate de elementele de identificare pot determina respingerea definitiv\u0103 a ma\u0219inii la RAR \u0219i blocarea acesteia, f\u0103r\u0103 posibilitatea readmiterii \u00een circula\u021bie.<\/p>\n\n\n\n<p>Raportul de expertiz\u0103 emis de Registrul Auto Rom\u00e2n are valabilitate nelimitat\u0103, cu men\u021biunea c\u0103 acesta reflect\u0103 starea vehiculului la momentul verific\u0103rii sale de inspectorii RAR.<\/p>\n\n\n\n<p><span style=\"color: #ff0000;\"><strong>Aten\u021bie!<\/strong>&nbsp;<\/span>Prezen\u021ba autovehiculului la RAR este necesar\u0103! Activitatea se desf\u0103\u0219oar\u0103 doar la <strong>RAR Grivi\u021ba \u2013 Bucure\u0219ti<\/strong> \u0219i <strong>RAR Cluj.<\/strong><\/p>\n\n\n\n<p><strong>Program\u0103rile&nbsp;<\/strong><strong>RAR eXpert&nbsp;<\/strong>se fac ap\u0103s\u00e2nd butonul de mai jos:<\/p>\n\n\n<div class=\"wp-bootstrap-blocks-button\">\n\t<a\n\t\thref=\"https:\/\/portal.rarom.ro\/rar-public\/appointment\"\n\t\t\t\t\ttarget=\"_blank\"\n\t\t\t\t\t\t\trel=\"noreferrer noopener\"\n\t\t\t\tclass=\"btn btn-primary\"\n\t>\n\t\tProgram\u0103ri\u00a0RAR eXpert\t<\/a>\n<\/div>\n","protected":false},"excerpt":{"rendered":"<p>RAR eXpert&nbsp;\u2013 cel mai nou serviciu oferit de Registrul Auto Rom\u00e2n. Pentru acest serviciu, RAR ofer\u0103 un raport de expertiz\u0103. Astfel, ve\u021bi avea garan\u021bia, c\u0103&nbsp;autovehiculul&nbsp;pe care vre\u021bi s\u0103 \u00eel cump\u0103ra\u021bi este \u00een regul\u0103, \u00een sensul c\u0103 identitatea acestuia este cea real\u0103, stabilit\u0103 de produc\u0103tor! Neconformit\u0103\u021bile legate de elementele de identificare pot determina respingerea definitiv\u0103 a [&hellip;]<\/p>\n","protected":false},"author":3,"featured_media":0,"parent":0,"menu_order":0,"comment_status":"closed","ping_status":"closed","template":"","meta":{"_acf_changed":false,"footnotes":""},"class_list":["post-13004","page","type-page","status-publish","hentry"],"acf":[],"_links":{"self":[{"href":"https:\/\/www.rarom.ro\/index.php?rest_route=\/wp\/v2\/pages\/13004","targetHints":{"allow":["GET"]}}],"collection":[{"href":"https:\/\/www.rarom.ro\/index.php?rest_route=\/wp\/v2\/pages"}],"about":[{"href":"https:\/\/www.rarom.ro\/index.php?rest_route=\/wp\/v2\/types\/page"}],"author":[{"embeddable":true,"href":"https:\/\/www.rarom.ro\/index.php?rest_route=\/wp\/v2\/users\/3"}],"replies":[{"embeddable":true,"href":"https:\/\/www.rarom.ro\/index.php?rest_route=%2Fwp%2Fv2%2Fcomments&post=13004"}],"version-history":[{"count":24,"href":"https:\/\/www.rarom.ro\/index.php?rest_route=\/wp\/v2\/pages\/13004\/revisions"}],"predecessor-version":[{"id":296027,"href":"https:\/\/www.rarom.ro\/index.php?rest_route=\/wp\/v2\/pages\/13004\/revisions\/296027"}],"wp:attachment":[{"href":"https:\/\/www.rarom.ro\/index.php?rest_route=%2Fwp%2Fv2%2Fmedia&parent=13004"}],"curies":[{"name":"wp","href":"https:\/\/api.w.org\/{rel}","templated":true}]}}