{"id":1299,"date":"2015-11-26T11:35:49","date_gmt":"2015-11-26T11:35:49","guid":{"rendered":"https:\/\/www.rarom.ro\/?page_id=1299"},"modified":"2026-01-15T11:13:58","modified_gmt":"2026-01-15T09:13:58","slug":"declaratii-de-avere-si-interese-2014-2015","status":"publish","type":"page","link":"https:\/\/www.rarom.ro\/?page_id=1299","title":{"rendered":"Declara\u0163ii de avere \u015fi interese 2014"},"content":{"rendered":"<h2><\/h2>\n<table border=\"1\" width=\"100%\" cellspacing=\"5\">\n<tbody>\n<tr align=\"center\" valign=\"middle\">\n<td width=\"4%\">\n<div align=\"center\">Nr. crt.<\/div>\n<\/td>\n<td width=\"31%\">\n<div align=\"center\">Numele \u015fi prenumele<\/div>\n<\/td>\n<td width=\"35%\">\n<div align=\"center\">Calitatea<\/div>\n<\/td>\n<td width=\"30%\">\n<div align=\"center\">Declara\u0163ii de avere \u015fi interese<\/div>\n<\/td>\n<\/tr>\n<tr>\n<td>\n<div align=\"center\">1.<\/div>\n<\/td>\n<td>Dima Marin<\/td>\n<td>pre\u015fedinte CA<\/td>\n<td>&#8211; <a href=\"cs-uploads\/DIMA_MARIN1-2014.pdf\" target=\"_blank\" rel=\"noopener noreferrer\">declara\u0163ie de avere<\/a><br \/>\n&#8211; <a href=\"cs-uploads\/DIMA_MARIN2-2014.pdf\" target=\"_blank\" rel=\"noopener noreferrer\">declara\u0163ie de interese<\/a><\/td>\n<\/tr>\n<tr>\n<td>\n<div align=\"center\">2.<\/div>\n<\/td>\n<td>Supuran Sorin<\/td>\n<td>membru &#8211; reprezentant MT<\/td>\n<td>&#8211; <a href=\"cs-uploads\/SUPURAN_SORIN1-2014.pdf\" target=\"_blank\" rel=\"noopener noreferrer\">declara\u0163ie de avere<\/a><br \/>\n&#8211; <a href=\"cs-uploads\/SUPURAN_SORIN2-2014.pdf\" target=\"_blank\" rel=\"noopener noreferrer\">declara\u0163ie de interese<\/a><\/td>\n<\/tr>\n<tr>\n<td>\n<div align=\"center\">3.<\/div>\n<\/td>\n<td>Dinc\u0103 George-Adrian<\/td>\n<td>membru \u015fi Director General<\/td>\n<td>&#8211; <a href=\"cs-uploads\/DincaGeorge1-2014.pdf\" target=\"_blank\" rel=\"noopener noreferrer\">declara\u0163ie de avere<\/a><br \/>\n&#8211; <a href=\"cs-uploads\/DincaGeorge2-2014.pdf\" target=\"_blank\" rel=\"noopener noreferrer\">declara\u0163ie de interese<\/a><\/td>\n<\/tr>\n<tr>\n<td>\n<div align=\"center\">4.<\/div>\n<\/td>\n<td>Coiciu Dumitru<\/td>\n<td>membru<\/td>\n<td>&#8211; <a href=\"cs-uploads\/CoiciuDumitru1-2014.pdf\" target=\"_blank\" rel=\"noopener noreferrer\">declara\u0163ie de avere<\/a><br \/>\n&#8211; <a href=\"cs-uploads\/CoiciuDumitru2-2014.pdf\" target=\"_blank\" rel=\"noopener noreferrer\">declara\u0163ie de interese<\/a><\/td>\n<\/tr>\n<tr>\n<td>\n<div align=\"center\">5.<\/div>\n<\/td>\n<td>Mavrodin Tiberiu Valentin<\/td>\n<td>membru &#8211; reprezentant MFP<\/td>\n<td>&#8211; <a href=\"cs-uploads\/MavrodinValentin1-2014.pdf\" target=\"_blank\" rel=\"noopener noreferrer\">declara\u0163ie de avere<\/a><br \/>\n&#8211; <a href=\"cs-uploads\/MavrodinValentin2-2014.pdf\" target=\"_blank\" rel=\"noopener noreferrer\">declara\u0163ie de interese<\/a><\/td>\n<\/tr>\n<tr>\n<td>\n<div align=\"center\">6.<\/div>\n<\/td>\n<td>Ivan Marius Lauren\u0163iu<\/td>\n<td>membru provizoriu<\/td>\n<td>&#8211; <a href=\"cs-uploads\/IVAN_MARIUS_LAURENTIU1-2014.pdf\" target=\"_blank\" rel=\"noopener noreferrer\">declara\u0163ie de avere<\/a><br \/>\n&#8211; <a href=\"cs-uploads\/IVAN_MARIUS_LAURENTIU2-2014.pdf\" target=\"_blank\" rel=\"noopener noreferrer\">declara\u0163ie de interese<\/a><\/td>\n<\/tr>\n<\/tbody>\n<\/table>\n<p><span class=\"s1\">1. Duhan George Vladimir &#8211; membru CA &#8211; reprezentant MT<\/span><\/p>\n<p class=\"p1\"><span class=\"s4\">&#8211; <a href=\"https:\/\/www.rarom.ro\/cs-uploads\/DuhanGeorge1-2015.pdf\" target=\"_blank\" rel=\"noopener noreferrer\"><span class=\"s3\">Declara\u0163ie de avere<\/span><\/a> (format pdf)<\/span><\/p>\n<p class=\"p2\"><span class=\"s2\">&#8211; <a href=\"https:\/\/www.rarom.ro\/cs-uploads\/DuhanGeorge2-2015.pdf\" target=\"_blank\" rel=\"noopener noreferrer\"><span class=\"s3\">Declara\u0163ie de interese<\/span><\/a> (format pdf)<\/span><\/p>\n<p class=\"p2\">2.\u00a0Toader Dan &#8211;\u00a0membru provizoriu<\/p>\n<p class=\"p2\">&#8211;\u00a0<a href=\"https:\/\/www.rarom.ro\/cs-uploads\/TOADER_DAN1-2014.pdf\" target=\"_blank\" rel=\"noopener noreferrer\">Declara\u0163ie de avere<\/a>\u00a0(format pdf)<br \/>\n&#8211;\u00a0<a href=\"https:\/\/www.rarom.ro\/cs-uploads\/TOADER_DAN2-2014.pdf\" target=\"_blank\" rel=\"noopener noreferrer\">Declara\u0163ie de interese<\/a>\u00a0(format pdf)<\/p>\n","protected":false},"excerpt":{"rendered":"<p>Nr. crt. Numele \u015fi prenumele Calitatea Declara\u0163ii de avere \u015fi interese 1. Dima Marin pre\u015fedinte CA &#8211; declara\u0163ie de avere &#8211; declara\u0163ie de interese 2. Supuran Sorin membru &#8211; reprezentant MT &#8211; declara\u0163ie de avere &#8211; declara\u0163ie de interese 3. Dinc\u0103 George-Adrian membru \u015fi Director General &#8211; declara\u0163ie de avere &#8211; declara\u0163ie de interese 4. [&hellip;]<\/p>\n","protected":false},"author":1,"featured_media":0,"parent":1297,"menu_order":9987,"comment_status":"closed","ping_status":"closed","template":"","meta":{"_acf_changed":false,"footnotes":""},"class_list":["post-1299","page","type-page","status-publish","hentry"],"acf":[],"_links":{"self":[{"href":"https:\/\/www.rarom.ro\/index.php?rest_route=\/wp\/v2\/pages\/1299","targetHints":{"allow":["GET"]}}],"collection":[{"href":"https:\/\/www.rarom.ro\/index.php?rest_route=\/wp\/v2\/pages"}],"about":[{"href":"https:\/\/www.rarom.ro\/index.php?rest_route=\/wp\/v2\/types\/page"}],"author":[{"embeddable":true,"href":"https:\/\/www.rarom.ro\/index.php?rest_route=\/wp\/v2\/users\/1"}],"replies":[{"embeddable":true,"href":"https:\/\/www.rarom.ro\/index.php?rest_route=%2Fwp%2Fv2%2Fcomments&post=1299"}],"version-history":[{"count":12,"href":"https:\/\/www.rarom.ro\/index.php?rest_route=\/wp\/v2\/pages\/1299\/revisions"}],"predecessor-version":[{"id":296428,"href":"https:\/\/www.rarom.ro\/index.php?rest_route=\/wp\/v2\/pages\/1299\/revisions\/296428"}],"up":[{"embeddable":true,"href":"https:\/\/www.rarom.ro\/index.php?rest_route=\/wp\/v2\/pages\/1297"}],"wp:attachment":[{"href":"https:\/\/www.rarom.ro\/index.php?rest_route=%2Fwp%2Fv2%2Fmedia&parent=1299"}],"curies":[{"name":"wp","href":"https:\/\/api.w.org\/{rel}","templated":true}]}}