{"id":12932,"date":"2022-05-09T09:39:47","date_gmt":"2022-05-09T06:39:47","guid":{"rendered":"https:\/\/www.rarom.ro\/?page_id=12932"},"modified":"2022-05-09T09:39:47","modified_gmt":"2022-05-09T06:39:47","slug":"prezentare","status":"publish","type":"page","link":"https:\/\/www.rarom.ro\/?page_id=12932","title":{"rendered":"Prezentare"},"content":{"rendered":"<p><strong>Maserati Grecale<\/strong><\/p>\n<p><a href=\"https:\/\/www.rarom.ro\/wp-content\/uploads\/2022\/05\/Prezentare-mare.jpeg\"><img loading=\"lazy\" decoding=\"async\" class=\"size-full wp-image-12933 aligncenter\" src=\"https:\/\/www.rarom.ro\/wp-content\/uploads\/2022\/05\/Prezentare-mare.jpeg\" alt=\"\" width=\"720\" height=\"450\" srcset=\"https:\/\/www.rarom.ro\/wp-content\/uploads\/2022\/05\/Prezentare-mare.jpeg 720w, https:\/\/www.rarom.ro\/wp-content\/uploads\/2022\/05\/Prezentare-mare-300x188.jpeg 300w\" sizes=\"auto, (max-width: 720px) 100vw, 720px\" \/><\/a><\/p>\n<p style=\"text-align: justify;\"><img loading=\"lazy\" decoding=\"async\" class=\"alignleft size-full wp-image-12935\" src=\"https:\/\/www.rarom.ro\/wp-content\/uploads\/2022\/05\/Prezentare-pagini.jpg\" alt=\"\" width=\"250\" height=\"165\" \/>Maserati \u00ee\u0219i continu\u0103 procesul de \u00eennoire cu Grecale, un SUV mediu care concureaz\u0103 direct cu Porsche Macan. Acest frate mai mic al lui Levante ar trebui s\u0103 asigure cea mai mare parte a v\u00e2nz\u0103rilor datorit\u0103 motoarelor sale hibrid u\u0219or. Versiunea Maserati Grecale electric\u0103 va fi lansat\u0103 anul viitor. [&#8230;]<\/p>\n","protected":false},"excerpt":{"rendered":"<p>Maserati Grecale Maserati \u00ee\u0219i continu\u0103 procesul de \u00eennoire cu Grecale, un SUV mediu care concureaz\u0103 direct cu Porsche Macan. Acest frate mai mic al lui Levante ar trebui s\u0103 asigure cea mai mare parte a v\u00e2nz\u0103rilor datorit\u0103 motoarelor sale hibrid u\u0219or. Versiunea Maserati Grecale electric\u0103 va fi lansat\u0103 anul viitor. [&#8230;]<\/p>\n","protected":false},"author":3,"featured_media":0,"parent":12899,"menu_order":3,"comment_status":"closed","ping_status":"closed","template":"","meta":{"_acf_changed":false,"footnotes":""},"class_list":["post-12932","page","type-page","status-publish","hentry"],"acf":[],"_links":{"self":[{"href":"https:\/\/www.rarom.ro\/index.php?rest_route=\/wp\/v2\/pages\/12932","targetHints":{"allow":["GET"]}}],"collection":[{"href":"https:\/\/www.rarom.ro\/index.php?rest_route=\/wp\/v2\/pages"}],"about":[{"href":"https:\/\/www.rarom.ro\/index.php?rest_route=\/wp\/v2\/types\/page"}],"author":[{"embeddable":true,"href":"https:\/\/www.rarom.ro\/index.php?rest_route=\/wp\/v2\/users\/3"}],"replies":[{"embeddable":true,"href":"https:\/\/www.rarom.ro\/index.php?rest_route=%2Fwp%2Fv2%2Fcomments&post=12932"}],"version-history":[{"count":1,"href":"https:\/\/www.rarom.ro\/index.php?rest_route=\/wp\/v2\/pages\/12932\/revisions"}],"predecessor-version":[{"id":12937,"href":"https:\/\/www.rarom.ro\/index.php?rest_route=\/wp\/v2\/pages\/12932\/revisions\/12937"}],"up":[{"embeddable":true,"href":"https:\/\/www.rarom.ro\/index.php?rest_route=\/wp\/v2\/pages\/12899"}],"wp:attachment":[{"href":"https:\/\/www.rarom.ro\/index.php?rest_route=%2Fwp%2Fv2%2Fmedia&parent=12932"}],"curies":[{"name":"wp","href":"https:\/\/api.w.org\/{rel}","templated":true}]}}