{"id":12919,"date":"2022-05-09T09:36:51","date_gmt":"2022-05-09T06:36:51","guid":{"rendered":"https:\/\/www.rarom.ro\/?page_id=12919"},"modified":"2022-05-09T09:36:54","modified_gmt":"2022-05-09T06:36:54","slug":"bmw-x4-m40i","status":"publish","type":"page","link":"https:\/\/www.rarom.ro\/?page_id=12919","title":{"rendered":"BMW X4 M40i"},"content":{"rendered":"<p><strong>Test: BMW X4 m40<\/strong><\/p>\n<p><a href=\"https:\/\/www.rarom.ro\/wp-content\/uploads\/2022\/05\/Test-X4-mare.jpg\"><img loading=\"lazy\" decoding=\"async\" class=\"size-full wp-image-12920 aligncenter\" src=\"https:\/\/www.rarom.ro\/wp-content\/uploads\/2022\/05\/Test-X4-mare.jpg\" alt=\"\" width=\"720\" height=\"450\" srcset=\"https:\/\/www.rarom.ro\/wp-content\/uploads\/2022\/05\/Test-X4-mare.jpg 720w, https:\/\/www.rarom.ro\/wp-content\/uploads\/2022\/05\/Test-X4-mare-300x188.jpg 300w\" sizes=\"auto, (max-width: 720px) 100vw, 720px\" \/><\/a><\/p>\n<p style=\"text-align: justify;\"><img loading=\"lazy\" decoding=\"async\" class=\"alignleft size-full wp-image-12922\" src=\"https:\/\/www.rarom.ro\/wp-content\/uploads\/2022\/05\/Test-X4-pagini.jpg\" alt=\"\" width=\"250\" height=\"165\" \/>Gama X4 a primit un \u201erefresh\u201d care \u00eei accentueaz\u0103 sportivitatea \u015fi modernitatea, ambele aspecte fiind subordonate pl\u0103cerii de a conduce \u015fi confortului de vi\u0163\u0103 nobil\u0103. \u00cen cazul versiunii M40i, aceste tr\u0103s\u0103turi sunt umbrite de o alta care poate transforma orice c\u0103l\u0103torie \u00eentr-un tur de pist\u0103 contra-cronometru. [&#8230;]<\/p>\n","protected":false},"excerpt":{"rendered":"<p>Test: BMW X4 m40 Gama X4 a primit un \u201erefresh\u201d care \u00eei accentueaz\u0103 sportivitatea \u015fi modernitatea, ambele aspecte fiind subordonate pl\u0103cerii de a conduce \u015fi confortului de vi\u0163\u0103 nobil\u0103. \u00cen cazul versiunii M40i, aceste tr\u0103s\u0103turi sunt umbrite de o alta care poate transforma orice c\u0103l\u0103torie \u00eentr-un tur de pist\u0103 contra-cronometru. [&#8230;]<\/p>\n","protected":false},"author":3,"featured_media":0,"parent":12903,"menu_order":3,"comment_status":"closed","ping_status":"closed","template":"","meta":{"_acf_changed":false,"footnotes":""},"class_list":["post-12919","page","type-page","status-publish","hentry"],"acf":[],"_links":{"self":[{"href":"https:\/\/www.rarom.ro\/index.php?rest_route=\/wp\/v2\/pages\/12919","targetHints":{"allow":["GET"]}}],"collection":[{"href":"https:\/\/www.rarom.ro\/index.php?rest_route=\/wp\/v2\/pages"}],"about":[{"href":"https:\/\/www.rarom.ro\/index.php?rest_route=\/wp\/v2\/types\/page"}],"author":[{"embeddable":true,"href":"https:\/\/www.rarom.ro\/index.php?rest_route=\/wp\/v2\/users\/3"}],"replies":[{"embeddable":true,"href":"https:\/\/www.rarom.ro\/index.php?rest_route=%2Fwp%2Fv2%2Fcomments&post=12919"}],"version-history":[{"count":1,"href":"https:\/\/www.rarom.ro\/index.php?rest_route=\/wp\/v2\/pages\/12919\/revisions"}],"predecessor-version":[{"id":12924,"href":"https:\/\/www.rarom.ro\/index.php?rest_route=\/wp\/v2\/pages\/12919\/revisions\/12924"}],"up":[{"embeddable":true,"href":"https:\/\/www.rarom.ro\/index.php?rest_route=\/wp\/v2\/pages\/12903"}],"wp:attachment":[{"href":"https:\/\/www.rarom.ro\/index.php?rest_route=%2Fwp%2Fv2%2Fmedia&parent=12919"}],"curies":[{"name":"wp","href":"https:\/\/api.w.org\/{rel}","templated":true}]}}