{"id":12842,"date":"2022-04-13T14:10:22","date_gmt":"2022-04-13T11:10:22","guid":{"rendered":"https:\/\/www.rarom.ro\/?page_id=12842"},"modified":"2022-04-13T14:10:22","modified_gmt":"2022-04-13T11:10:22","slug":"sport","status":"publish","type":"page","link":"https:\/\/www.rarom.ro\/?page_id=12842","title":{"rendered":"Sport"},"content":{"rendered":"<p><strong>CNR \u0219i CNVC 2022<\/strong><\/p>\n<p><a href=\"https:\/\/www.rarom.ro\/wp-content\/uploads\/2022\/04\/Sport-mare.jpg\"><img loading=\"lazy\" decoding=\"async\" class=\"size-full wp-image-12843 aligncenter\" src=\"https:\/\/www.rarom.ro\/wp-content\/uploads\/2022\/04\/Sport-mare.jpg\" alt=\"\" width=\"730\" height=\"449\" srcset=\"https:\/\/www.rarom.ro\/wp-content\/uploads\/2022\/04\/Sport-mare.jpg 730w, https:\/\/www.rarom.ro\/wp-content\/uploads\/2022\/04\/Sport-mare-300x185.jpg 300w\" sizes=\"auto, (max-width: 730px) 100vw, 730px\" \/><\/a><\/p>\n<p style=\"text-align: justify;\"><img loading=\"lazy\" decoding=\"async\" class=\"alignleft size-full wp-image-12845\" src=\"https:\/\/www.rarom.ro\/wp-content\/uploads\/2022\/04\/Sport-pagini.jpg\" alt=\"\" width=\"250\" height=\"165\" \/>Luna aprilie marcheaz\u0103 debutul celor mai importante competi\u021bii automobilistice din calendarul Federa\u021biei Rom\u00e2ne de Automobilism Sportiv: Campionatul Na\u021bional de Raliuri Betano \u0219i Campionatul Na\u021bional de Vitez\u0103 \u00een Coast\u0103. [&#8230;]<\/p>\n","protected":false},"excerpt":{"rendered":"<p>CNR \u0219i CNVC 2022 Luna aprilie marcheaz\u0103 debutul celor mai importante competi\u021bii automobilistice din calendarul Federa\u021biei Rom\u00e2ne de Automobilism Sportiv: Campionatul Na\u021bional de Raliuri Betano \u0219i Campionatul Na\u021bional de Vitez\u0103 \u00een Coast\u0103. [&#8230;]<\/p>\n","protected":false},"author":3,"featured_media":0,"parent":12777,"menu_order":6,"comment_status":"closed","ping_status":"closed","template":"","meta":{"_acf_changed":false,"footnotes":""},"class_list":["post-12842","page","type-page","status-publish","hentry"],"acf":[],"_links":{"self":[{"href":"https:\/\/www.rarom.ro\/index.php?rest_route=\/wp\/v2\/pages\/12842","targetHints":{"allow":["GET"]}}],"collection":[{"href":"https:\/\/www.rarom.ro\/index.php?rest_route=\/wp\/v2\/pages"}],"about":[{"href":"https:\/\/www.rarom.ro\/index.php?rest_route=\/wp\/v2\/types\/page"}],"author":[{"embeddable":true,"href":"https:\/\/www.rarom.ro\/index.php?rest_route=\/wp\/v2\/users\/3"}],"replies":[{"embeddable":true,"href":"https:\/\/www.rarom.ro\/index.php?rest_route=%2Fwp%2Fv2%2Fcomments&post=12842"}],"version-history":[{"count":1,"href":"https:\/\/www.rarom.ro\/index.php?rest_route=\/wp\/v2\/pages\/12842\/revisions"}],"predecessor-version":[{"id":12847,"href":"https:\/\/www.rarom.ro\/index.php?rest_route=\/wp\/v2\/pages\/12842\/revisions\/12847"}],"up":[{"embeddable":true,"href":"https:\/\/www.rarom.ro\/index.php?rest_route=\/wp\/v2\/pages\/12777"}],"wp:attachment":[{"href":"https:\/\/www.rarom.ro\/index.php?rest_route=%2Fwp%2Fv2%2Fmedia&parent=12842"}],"curies":[{"name":"wp","href":"https:\/\/api.w.org\/{rel}","templated":true}]}}