{"id":12835,"date":"2022-04-13T14:07:54","date_gmt":"2022-04-13T11:07:54","guid":{"rendered":"https:\/\/www.rarom.ro\/?page_id=12835"},"modified":"2022-04-13T14:08:01","modified_gmt":"2022-04-13T11:08:01","slug":"istorie","status":"publish","type":"page","link":"https:\/\/www.rarom.ro\/?page_id=12835","title":{"rendered":"Istorie"},"content":{"rendered":"<p><strong>Mercedes-Benz S-Klasse Coupe<\/strong><\/p>\n<p><a href=\"https:\/\/www.rarom.ro\/wp-content\/uploads\/2022\/04\/Istorie-mare.jpg\"><img loading=\"lazy\" decoding=\"async\" class=\"size-full wp-image-12836 aligncenter\" src=\"https:\/\/www.rarom.ro\/wp-content\/uploads\/2022\/04\/Istorie-mare.jpg\" alt=\"\" width=\"730\" height=\"449\" srcset=\"https:\/\/www.rarom.ro\/wp-content\/uploads\/2022\/04\/Istorie-mare.jpg 730w, https:\/\/www.rarom.ro\/wp-content\/uploads\/2022\/04\/Istorie-mare-300x185.jpg 300w\" sizes=\"auto, (max-width: 730px) 100vw, 730px\" \/><\/a><\/p>\n<p style=\"text-align: justify;\"><img loading=\"lazy\" decoding=\"async\" class=\"alignleft size-full wp-image-12838\" src=\"https:\/\/www.rarom.ro\/wp-content\/uploads\/2022\/04\/Istorie-pagini.jpg\" alt=\"\" width=\"250\" height=\"165\" \/>Acum 30 de ani, Mercedes-Benz lansa pe pia\u021b\u0103 un model de lux cu o caroserie aparte. Marele S-Klasse W140 primea o versiune coupe cunoscut\u0103 mai ales datorit\u0103 variantei 600 SEC. [&#8230;]<\/p>\n","protected":false},"excerpt":{"rendered":"<p>Mercedes-Benz S-Klasse Coupe Acum 30 de ani, Mercedes-Benz lansa pe pia\u021b\u0103 un model de lux cu o caroserie aparte. Marele S-Klasse W140 primea o versiune coupe cunoscut\u0103 mai ales datorit\u0103 variantei 600 SEC. [&#8230;]<\/p>\n","protected":false},"author":3,"featured_media":0,"parent":12777,"menu_order":5,"comment_status":"closed","ping_status":"closed","template":"","meta":{"_acf_changed":false,"footnotes":""},"class_list":["post-12835","page","type-page","status-publish","hentry"],"acf":[],"_links":{"self":[{"href":"https:\/\/www.rarom.ro\/index.php?rest_route=\/wp\/v2\/pages\/12835","targetHints":{"allow":["GET"]}}],"collection":[{"href":"https:\/\/www.rarom.ro\/index.php?rest_route=\/wp\/v2\/pages"}],"about":[{"href":"https:\/\/www.rarom.ro\/index.php?rest_route=\/wp\/v2\/types\/page"}],"author":[{"embeddable":true,"href":"https:\/\/www.rarom.ro\/index.php?rest_route=\/wp\/v2\/users\/3"}],"replies":[{"embeddable":true,"href":"https:\/\/www.rarom.ro\/index.php?rest_route=%2Fwp%2Fv2%2Fcomments&post=12835"}],"version-history":[{"count":2,"href":"https:\/\/www.rarom.ro\/index.php?rest_route=\/wp\/v2\/pages\/12835\/revisions"}],"predecessor-version":[{"id":12841,"href":"https:\/\/www.rarom.ro\/index.php?rest_route=\/wp\/v2\/pages\/12835\/revisions\/12841"}],"up":[{"embeddable":true,"href":"https:\/\/www.rarom.ro\/index.php?rest_route=\/wp\/v2\/pages\/12777"}],"wp:attachment":[{"href":"https:\/\/www.rarom.ro\/index.php?rest_route=%2Fwp%2Fv2%2Fmedia&parent=12835"}],"curies":[{"name":"wp","href":"https:\/\/api.w.org\/{rel}","templated":true}]}}