{"id":12829,"date":"2022-04-13T14:02:37","date_gmt":"2022-04-13T11:02:37","guid":{"rendered":"https:\/\/www.rarom.ro\/?page_id=12829"},"modified":"2022-04-13T14:02:37","modified_gmt":"2022-04-13T11:02:37","slug":"tehno","status":"publish","type":"page","link":"https:\/\/www.rarom.ro\/?page_id=12829","title":{"rendered":"Tehno"},"content":{"rendered":"<p><strong>Lotus Emira<\/strong><\/p>\n<p><a href=\"https:\/\/www.rarom.ro\/wp-content\/uploads\/2022\/04\/Tehno-mare.jpg\"><img loading=\"lazy\" decoding=\"async\" class=\"size-full wp-image-12830 aligncenter\" src=\"https:\/\/www.rarom.ro\/wp-content\/uploads\/2022\/04\/Tehno-mare.jpg\" alt=\"\" width=\"730\" height=\"449\" srcset=\"https:\/\/www.rarom.ro\/wp-content\/uploads\/2022\/04\/Tehno-mare.jpg 730w, https:\/\/www.rarom.ro\/wp-content\/uploads\/2022\/04\/Tehno-mare-300x185.jpg 300w\" sizes=\"auto, (max-width: 730px) 100vw, 730px\" \/><\/a><\/p>\n<p style=\"text-align: justify;\"><img loading=\"lazy\" decoding=\"async\" class=\"alignleft size-full wp-image-12832\" src=\"https:\/\/www.rarom.ro\/wp-content\/uploads\/2022\/04\/Tehno-pagini.jpg\" alt=\"\" width=\"250\" height=\"165\" \/>Odat\u0103 cu modelul Emira, constructorul britanic Lotus s-a apropiat de un moment important al existen\u021bei sale. Este ultimul Lotus cu trac\u021biune pur termic\u0103 \u00eenainte de lansarea primului SUV electric, denumit Type 132, iar c\u00e2ntecul de leb\u0103d\u0103 este \u201einterpretat\u201d de cel mai puternic motor cu patru cilindri \u00een linie din lume, aflat \u00een produc\u021bie de serie, preluat de la AMG. Asta arat\u0103 c\u0103 englezii \u0219tiu s\u0103-\u0219i fac\u0103 ie\u0219irea din era termic\u0103 \u00een stil mare! [&#8230;]<\/p>\n","protected":false},"excerpt":{"rendered":"<p>Lotus Emira Odat\u0103 cu modelul Emira, constructorul britanic Lotus s-a apropiat de un moment important al existen\u021bei sale. Este ultimul Lotus cu trac\u021biune pur termic\u0103 \u00eenainte de lansarea primului SUV electric, denumit Type 132, iar c\u00e2ntecul de leb\u0103d\u0103 este \u201einterpretat\u201d de cel mai puternic motor cu patru cilindri \u00een linie din lume, aflat \u00een produc\u021bie [&hellip;]<\/p>\n","protected":false},"author":3,"featured_media":0,"parent":12777,"menu_order":4,"comment_status":"closed","ping_status":"closed","template":"","meta":{"_acf_changed":false,"footnotes":""},"class_list":["post-12829","page","type-page","status-publish","hentry"],"acf":[],"_links":{"self":[{"href":"https:\/\/www.rarom.ro\/index.php?rest_route=\/wp\/v2\/pages\/12829","targetHints":{"allow":["GET"]}}],"collection":[{"href":"https:\/\/www.rarom.ro\/index.php?rest_route=\/wp\/v2\/pages"}],"about":[{"href":"https:\/\/www.rarom.ro\/index.php?rest_route=\/wp\/v2\/types\/page"}],"author":[{"embeddable":true,"href":"https:\/\/www.rarom.ro\/index.php?rest_route=\/wp\/v2\/users\/3"}],"replies":[{"embeddable":true,"href":"https:\/\/www.rarom.ro\/index.php?rest_route=%2Fwp%2Fv2%2Fcomments&post=12829"}],"version-history":[{"count":1,"href":"https:\/\/www.rarom.ro\/index.php?rest_route=\/wp\/v2\/pages\/12829\/revisions"}],"predecessor-version":[{"id":12834,"href":"https:\/\/www.rarom.ro\/index.php?rest_route=\/wp\/v2\/pages\/12829\/revisions\/12834"}],"up":[{"embeddable":true,"href":"https:\/\/www.rarom.ro\/index.php?rest_route=\/wp\/v2\/pages\/12777"}],"wp:attachment":[{"href":"https:\/\/www.rarom.ro\/index.php?rest_route=%2Fwp%2Fv2%2Fmedia&parent=12829"}],"curies":[{"name":"wp","href":"https:\/\/api.w.org\/{rel}","templated":true}]}}