{"id":12606,"date":"2022-03-01T11:28:50","date_gmt":"2022-03-01T09:28:50","guid":{"rendered":"https:\/\/www.rarom.ro\/?page_id=12606"},"modified":"2022-03-01T11:31:50","modified_gmt":"2022-03-01T09:31:50","slug":"alina-nita-director-general","status":"publish","type":"page","link":"https:\/\/www.rarom.ro\/?page_id=12606","title":{"rendered":"Alina Ni\u021b\u0103 &#8211; Director General"},"content":{"rendered":"<p style=\"text-align: justify;\"><a href=\"https:\/\/www.rarom.ro\/wp-content\/uploads\/2015\/11\/DG-Alina-Nita.jpg\"><img decoding=\"async\" class=\"alignleft\" src=\"https:\/\/www.rarom.ro\/wp-content\/uploads\/2015\/11\/DG-Alina-Nita.jpg\" alt=\"\" \/><\/a>La debutul prim\u0103verii, \u00eenregistr\u0103m o premier\u0103 la Registrul Auto Rom\u00e2n! O doamn\u0103 a preluat conducerea institu\u021biei!<\/p>\n<p style=\"text-align: justify;\">Doamna Alina Ni\u021b\u0103 este noul director general al RAR. Alina Ni\u021b\u0103 este \u00een echipa Registrului Auto Rom\u00e2n de 7 ani, iar \u00een ultimii doi a fost director economic. De profesie economist, este determinat\u0103 s\u0103-\u0219i concentreze ac\u021biunile de management asupra digitaliz\u0103rii, debirocratiz\u0103rii \u0219i gestion\u0103rii institu\u021biei din punct de vedere economic, \u00eentr-un context dificil, generat de acutizarea problemelor din pia\u021ba auto.<\/p>\n<p style=\"text-align: justify;\">\u201cSunt adepta comunic\u0103rii transparente \u0219i a identific\u0103rii solu\u021biilor aplicabile cu celeritate. M\u0103 voi implica activ, \u00eempreun\u0103 cu colegii mei experimenta\u021bi din zona tehnic\u0103, pentru ca Registrul Auto Rom\u00e2n s\u0103 garanteze prin toate p\u00e2rghiile cre\u0219terea siguran\u021bei \u00een trafic. Dup\u0103 7 ani \u00een RAR, \u0219tiu ce a\u0219tept\u0103ri au oamenii care ne trec pragul \u0219i nu voi ezita s\u0103 dovedesc c\u0103 respectul pentru clien\u021bi, profesionalismul angaja\u021bilor \u0219i calitatea activit\u0103\u021bilor prestate sunt o normalitate. Despre toate proiectele care \u00eemi vor defini mandatul de director general v\u0103 voi informa constant. P\u00e2n\u0103 atunci, v\u0103 doresc o prim\u0103var\u0103 plin\u0103 de speran\u021b\u0103!\u201d<\/p>\n<p style=\"text-align: left;\">Cu pre\u021buire,<br \/>\nAlina Ni\u021b\u0103<br \/>\nDirector General al Registrului Auto Rom\u00e2n<\/p>\n<p>&nbsp;<\/p>\n<p style=\"text-align: center;\"><a href=\"https:\/\/www.rarom.ro\/wp-content\/uploads\/2022\/03\/AlinaNita2.jpg\"><img loading=\"lazy\" decoding=\"async\" class=\"size-full wp-image-12607 aligncenter\" src=\"https:\/\/www.rarom.ro\/wp-content\/uploads\/2022\/03\/AlinaNita2.jpg\" alt=\"\" width=\"730\" height=\"486\" srcset=\"https:\/\/www.rarom.ro\/wp-content\/uploads\/2022\/03\/AlinaNita2.jpg 730w, https:\/\/www.rarom.ro\/wp-content\/uploads\/2022\/03\/AlinaNita2-300x200.jpg 300w\" sizes=\"auto, (max-width: 730px) 100vw, 730px\" \/><\/a><\/p>\n<p style=\"text-align: left;\"><img loading=\"lazy\" decoding=\"async\" class=\"alignleft size-full wp-image-12609\" src=\"https:\/\/www.rarom.ro\/wp-content\/uploads\/2022\/03\/AlinaNita3.jpg\" alt=\"\" width=\"355\" height=\"532\" srcset=\"https:\/\/www.rarom.ro\/wp-content\/uploads\/2022\/03\/AlinaNita3.jpg 355w, https:\/\/www.rarom.ro\/wp-content\/uploads\/2022\/03\/AlinaNita3-200x300.jpg 200w\" sizes=\"auto, (max-width: 355px) 100vw, 355px\" \/>\u00a0<a href=\"https:\/\/www.rarom.ro\/wp-content\/uploads\/2022\/03\/1Martie2022.png\"><img loading=\"lazy\" decoding=\"async\" class=\"alignright size-full wp-image-12611\" src=\"https:\/\/www.rarom.ro\/wp-content\/uploads\/2022\/03\/1Martie2022.png\" alt=\"\" width=\"355\" height=\"533\" srcset=\"https:\/\/www.rarom.ro\/wp-content\/uploads\/2022\/03\/1Martie2022.png 355w, https:\/\/www.rarom.ro\/wp-content\/uploads\/2022\/03\/1Martie2022-200x300.png 200w\" sizes=\"auto, (max-width: 355px) 100vw, 355px\" \/><\/a><\/p>\n","protected":false},"excerpt":{"rendered":"<p>La debutul prim\u0103verii, \u00eenregistr\u0103m o premier\u0103 la Registrul Auto Rom\u00e2n! O doamn\u0103 a preluat conducerea institu\u021biei! Doamna Alina Ni\u021b\u0103 este noul director general al RAR. Alina Ni\u021b\u0103 este \u00een echipa Registrului Auto Rom\u00e2n de 7 ani, iar \u00een ultimii doi a fost director economic. De profesie economist, este determinat\u0103 s\u0103-\u0219i concentreze ac\u021biunile de management asupra [&hellip;]<\/p>\n","protected":false},"author":3,"featured_media":0,"parent":0,"menu_order":0,"comment_status":"closed","ping_status":"closed","template":"","meta":{"_acf_changed":false,"footnotes":""},"class_list":["post-12606","page","type-page","status-publish","hentry"],"acf":[],"_links":{"self":[{"href":"https:\/\/www.rarom.ro\/index.php?rest_route=\/wp\/v2\/pages\/12606","targetHints":{"allow":["GET"]}}],"collection":[{"href":"https:\/\/www.rarom.ro\/index.php?rest_route=\/wp\/v2\/pages"}],"about":[{"href":"https:\/\/www.rarom.ro\/index.php?rest_route=\/wp\/v2\/types\/page"}],"author":[{"embeddable":true,"href":"https:\/\/www.rarom.ro\/index.php?rest_route=\/wp\/v2\/users\/3"}],"replies":[{"embeddable":true,"href":"https:\/\/www.rarom.ro\/index.php?rest_route=%2Fwp%2Fv2%2Fcomments&post=12606"}],"version-history":[{"count":3,"href":"https:\/\/www.rarom.ro\/index.php?rest_route=\/wp\/v2\/pages\/12606\/revisions"}],"predecessor-version":[{"id":12617,"href":"https:\/\/www.rarom.ro\/index.php?rest_route=\/wp\/v2\/pages\/12606\/revisions\/12617"}],"wp:attachment":[{"href":"https:\/\/www.rarom.ro\/index.php?rest_route=%2Fwp%2Fv2%2Fmedia&parent=12606"}],"curies":[{"name":"wp","href":"https:\/\/api.w.org\/{rel}","templated":true}]}}