{"id":12460,"date":"2022-01-21T09:43:43","date_gmt":"2022-01-21T07:43:43","guid":{"rendered":"https:\/\/www.rarom.ro\/?page_id=12460"},"modified":"2026-02-12T11:34:52","modified_gmt":"2026-02-12T09:34:52","slug":"declaratii-de-avere-si-de-interese-2021","status":"publish","type":"page","link":"https:\/\/www.rarom.ro\/?page_id=12460","title":{"rendered":"Declara\u0163ii de avere \u015fi interese 2021"},"content":{"rendered":"<p>DECLARA\u0162II DE AVERE \u0218I DE INTERESE<br \/>\n30 de zile de la numire<\/p>\n<table border=\"1\" width=\"100%\" cellspacing=\"0\" cellpadding=\"5\">\n<tbody>\n<tr align=\"center\" valign=\"middle\" bgcolor=\"#eeeeee\">\n<td width=\"5%\">\n<div align=\"center\"><strong>Nr. crt.<\/strong><\/div>\n<\/td>\n<td width=\"23%\">\n<div align=\"center\"><strong>Numele \u015fi prenumele<\/strong><\/div>\n<\/td>\n<td width=\"25%\">\n<div align=\"center\"><strong>Calitatea<\/strong><\/div>\n<\/td>\n<td width=\"28%\">\n<div align=\"center\"><strong>Declara\u0163ii de avere<\/strong><br \/>\n<strong> \u015fi interese<\/strong><\/div>\n<\/td>\n<\/tr>\n<tr>\n<td>\n<div align=\"center\">1.<\/div>\n<\/td>\n<td>M\u00eendrescu Bogdan Stelian<\/td>\n<td>membru provizoriu<\/td>\n<td>&#8211;\u00a0<a href=\"https:\/\/www.rarom.ro\/wp-content\/uploads\/2015\/10\/Mindrescu-Bogdan-Stelian-DA-30-zile-numire.pdf\" target=\"_blank\" rel=\"noopener noreferrer\">declara\u0163ie de avere<\/a><br \/>\n&#8211;\u00a0<a href=\"https:\/\/www.rarom.ro\/wp-content\/uploads\/2015\/10\/Mindrescu-Bogdan-Stelian-DI-30-zile-numire.pdf\" target=\"_blank\" rel=\"noopener noreferrer\">declara\u0163ie de interese<\/a><\/td>\n<\/tr>\n<tr>\n<td>\n<div align=\"center\">1.<\/div>\n<\/td>\n<td>Barbu Nelu Vasile<\/td>\n<td>membru provizoriu<\/td>\n<td>&#8211;\u00a0<a href=\"https:\/\/www.rarom.ro\/wp-content\/uploads\/2015\/10\/Barbu-Nelu-Vasile-DA-30-zile-numire.pdf\" target=\"_blank\" rel=\"noopener noreferrer\">declara\u0163ie de avere<\/a><br \/>\n&#8211;\u00a0<a href=\"https:\/\/www.rarom.ro\/wp-content\/uploads\/2015\/10\/Barbu-Nelu-Vasile-DI-30-zile-numire.pdf\" target=\"_blank\" rel=\"noopener noreferrer\">declara\u0163ie de interese<\/a><\/td>\n<\/tr>\n<tr>\n<td>\n<div align=\"center\">2.<\/div>\n<\/td>\n<td>Chis\u0103li\u021b\u0103 Ioan Narcis<\/td>\n<td>membru provizoriu<\/td>\n<td>&#8211;\u00a0<a href=\"https:\/\/www.rarom.ro\/wp-content\/uploads\/2015\/10\/Chisalita-Ioan-Narcis-DA-30-zile-numire.pdf\" target=\"_blank\" rel=\"noopener noreferrer\">declara\u0163ie de avere<\/a><br \/>\n&#8211;\u00a0<a href=\"https:\/\/www.rarom.ro\/wp-content\/uploads\/2015\/10\/Chisalita-Ioan-Narcis-DI-30-zile-numire.pdf\" target=\"_blank\" rel=\"noopener noreferrer\">declara\u0163ie de interese<\/a><\/td>\n<\/tr>\n<tr>\n<td>\n<div align=\"center\">3.<\/div>\n<\/td>\n<td>Dolineaschi Andrei<\/td>\n<td>membru provizoriu<\/td>\n<td>&#8211;\u00a0<a href=\"https:\/\/www.rarom.ro\/wp-content\/uploads\/2015\/10\/Dolineachi-Andrei-DA-30-zile-numire.pdf\" target=\"_blank\" rel=\"noopener noreferrer\">declara\u0163ie de avere<\/a><br \/>\n&#8211;\u00a0<a href=\"https:\/\/www.rarom.ro\/wp-content\/uploads\/2015\/10\/Dolineachi-Andrei-DI-30-zile-numire.pdf\" target=\"_blank\" rel=\"noopener noreferrer\">declara\u0163ie de interese<\/a><\/td>\n<\/tr>\n<tr>\n<td>\n<div align=\"center\">4.<\/div>\n<\/td>\n<td>\u0218tefan Costel Dorin<\/td>\n<td>membru provizoriu<\/td>\n<td>&#8211;\u00a0<a href=\"https:\/\/www.rarom.ro\/wp-content\/uploads\/2015\/10\/Stefan-Costel-Dorin-DA-30-zile-numire.pdf\" target=\"_blank\" rel=\"noopener noreferrer\">declara\u0163ie de avere<\/a><br \/>\n&#8211;\u00a0<a href=\"https:\/\/www.rarom.ro\/wp-content\/uploads\/2015\/10\/Stefan-Costel-Dorin-DI-30-zile-numire.pdf\" target=\"_blank\" rel=\"noopener noreferrer\">declara\u0163ie de interese<\/a><\/td>\n<\/tr>\n<tr>\n<td>\n<div align=\"center\">5.<\/div>\n<\/td>\n<td>Zinca Marius<\/td>\n<td>membru provizoriu<\/td>\n<td>&#8211;\u00a0<a href=\"https:\/\/www.rarom.ro\/wp-content\/uploads\/2015\/10\/DA_Zinca-Marius-30-zile-de-la-numire.pdf\" target=\"_blank\" rel=\"noopener noreferrer\">declara\u0163ie de avere<\/a><br \/>\n&#8211;\u00a0<a href=\"https:\/\/www.rarom.ro\/wp-content\/uploads\/2015\/10\/DI_Zinca-Marius-30_zile-de-la-numire.pdf\" target=\"_blank\" rel=\"noopener noreferrer\">declara\u0163ie de interese<\/a><\/td>\n<\/tr>\n<\/tbody>\n<\/table>\n<p>DECLARA\u0162II DE AVERE \u0218I DE INTERESE<br \/>\n30 de zile de la \u00eencetare<\/p>\n<table border=\"1\" width=\"100%\" cellspacing=\"0\" cellpadding=\"5\">\n<tbody>\n<tr align=\"center\" valign=\"middle\" bgcolor=\"#eeeeee\">\n<td width=\"5%\">\n<div align=\"center\"><strong>Nr. crt.<\/strong><\/div>\n<\/td>\n<td width=\"23%\">\n<div align=\"center\"><strong>Numele \u015fi prenumele<\/strong><\/div>\n<\/td>\n<td width=\"25%\">\n<div align=\"center\"><strong>Calitatea<\/strong><\/div>\n<\/td>\n<td width=\"28%\">\n<div align=\"center\"><strong>Declara\u0163ii de avere<\/strong><br \/>\n<strong> \u015fi interese<\/strong><\/div>\n<\/td>\n<\/tr>\n<tr>\n<td>\n<div align=\"center\">1.<\/div>\n<\/td>\n<td>Barbu Nelu Vasile<\/td>\n<td>membru provizoriu<\/td>\n<td>&#8211;\u00a0<a href=\"https:\/\/www.rarom.ro\/wp-content\/uploads\/2022\/01\/Barbu-Nelu-Vasile-DA-30-zile-incetare.pdf\" target=\"_blank\" rel=\"noopener noreferrer\">declara\u0163ie de avere<\/a><br \/>\n&#8211;\u00a0<a href=\"https:\/\/www.rarom.ro\/wp-content\/uploads\/2022\/01\/Barbu-Nelu-Vasile-DI-30-zile-incetare.pdf\" target=\"_blank\" rel=\"noopener noreferrer\">declara\u0163ie de interese<\/a><\/p>\n<p>&#8211;\u00a0<a href=\"https:\/\/www.rarom.ro\/wp-content\/uploads\/2022\/01\/Barbu-NeluVasile-DA30-zile-incetare.pdf\" target=\"_blank\" rel=\"noopener noreferrer\">declara\u0163ie de avere<\/a><br \/>\n&#8211;\u00a0<a href=\"https:\/\/www.rarom.ro\/wp-content\/uploads\/2022\/01\/Barbu-NeluVasile-DI30-zile-incetare.pdf\" target=\"_blank\" rel=\"noopener noreferrer\">declara\u0163ie de interese<\/a><\/td>\n<\/tr>\n<tr>\n<td>\n<div align=\"center\">2.<\/div>\n<\/td>\n<td>Dolineaschi Andrei<\/td>\n<td>membru provizoriu<\/td>\n<td>&#8211;\u00a0<a href=\"https:\/\/www.rarom.ro\/wp-content\/uploads\/2022\/01\/Dolineachi-Andrei-DA-30-zile-incetare.pdf\" target=\"_blank\" rel=\"noopener noreferrer\">declara\u0163ie de avere<\/a><br \/>\n&#8211;\u00a0<a href=\"https:\/\/www.rarom.ro\/wp-content\/uploads\/2022\/01\/Dolineachi-Andrei-DI-30-zile-incetare.pdf\" target=\"_blank\" rel=\"noopener noreferrer\">declara\u0163ie de interese<\/a><br \/>\n&#8211;\u00a0<a href=\"https:\/\/www.rarom.ro\/wp-content\/uploads\/2022\/01\/Dolineaschi-Andrei-DA30-zile-incetare.pdf\" target=\"_blank\" rel=\"noopener noreferrer\">declara\u0163ie de avere<\/a><br \/>\n&#8211;\u00a0<a href=\"https:\/\/www.rarom.ro\/wp-content\/uploads\/2022\/01\/Dolineaschi-Andrei-DI30-zile-incetare.pdf\" target=\"_blank\" rel=\"noopener noreferrer\">declara\u0163ie de interese<\/a><\/td>\n<\/tr>\n<tr>\n<td>\n<div align=\"center\">3.<\/div>\n<\/td>\n<td>\u0218tefan Costel Dorin<\/td>\n<td>membru provizoriu<\/td>\n<td>&#8211;\u00a0<a href=\"https:\/\/www.rarom.ro\/wp-content\/uploads\/2022\/01\/Stefan-Costel-Dorin-DA-30-zile-incetare.pdf\" target=\"_blank\" rel=\"noopener noreferrer\">declara\u0163ie de avere<\/a><br \/>\n&#8211;\u00a0<a href=\"https:\/\/www.rarom.ro\/wp-content\/uploads\/2022\/01\/Stefan-Costel-Dorin-DI-30-zile-incetare.pdf\" target=\"_blank\" rel=\"noopener noreferrer\">declara\u0163ie de interese<\/a><\/p>\n<p>&#8211;\u00a0<a href=\"https:\/\/www.rarom.ro\/wp-content\/uploads\/2022\/01\/Stefan_CostelDorin-DA30-zile-incetare.pdf\" target=\"_blank\" rel=\"noopener noreferrer\">declara\u0163ie de avere<\/a><br \/>\n&#8211;\u00a0<a href=\"https:\/\/www.rarom.ro\/wp-content\/uploads\/2022\/01\/Stefan_CostelDorin-DI30-zile-incetare.pdf\" target=\"_blank\" rel=\"noopener noreferrer\">declara\u0163ie de interese<\/a><\/td>\n<\/tr>\n<tr>\n<td>\n<div align=\"center\">4.<\/div>\n<\/td>\n<td>Giurcan Gigi<\/td>\n<td>membru provizoriu<\/td>\n<td>&#8211;\u00a0<a href=\"https:\/\/www.rarom.ro\/wp-content\/uploads\/2022\/01\/Giurcan-Gigi-DA-30-zile-incetare.pdf\" target=\"_blank\" rel=\"noopener noreferrer\">declara\u0163ie de avere<\/a><br \/>\n&#8211;\u00a0<a href=\"https:\/\/www.rarom.ro\/wp-content\/uploads\/2022\/01\/Giurcan-Gigi-DI-30-zile-incetare.pdf\" target=\"_blank\" rel=\"noopener noreferrer\">declara\u0163ie de interese<br \/>\n<\/a>&#8211;\u00a0<a href=\"https:\/\/www.rarom.ro\/wp-content\/uploads\/2015\/10\/Giurcan-Gigi-DA-30-zile-numire.pdf\" target=\"_blank\" rel=\"noopener noreferrer\">declara\u0163ie de avere<\/a><br \/>\n&#8211;\u00a0<a href=\"https:\/\/www.rarom.ro\/wp-content\/uploads\/2015\/10\/Giurcan-Gigi-DI-30-zile-numire.pdf\" target=\"_blank\" rel=\"noopener noreferrer\">declara\u0163ie de interese<\/a><\/td>\n<\/tr>\n<tr>\n<td>\n<div align=\"center\">5.<\/div>\n<\/td>\n<td>Chis\u0103li\u021b\u0103 Ioan Narcis<\/td>\n<td>membru provizoriu<\/td>\n<td>&#8211;\u00a0<a href=\"https:\/\/www.rarom.ro\/wp-content\/uploads\/2022\/01\/Chisalita-Ioan-Narcis-DA-30-zile-incetare.pdf\">declara\u0163ie de avere<\/a><br \/>\n&#8211;\u00a0<a href=\"https:\/\/www.rarom.ro\/wp-content\/uploads\/2022\/01\/Chisalita-Ioan-Narcis-DI-30-zile-incetare.pdf\">declara\u0163ie de interese<br \/>\n<\/a>&#8211;\u00a0<a href=\"https:\/\/www.rarom.ro\/wp-content\/uploads\/2022\/01\/Chisalita-IoanNarcis-DA30-zile-incetare.pdf\" target=\"_blank\" rel=\"noopener noreferrer\">declara\u0163ie de avere<\/a><br \/>\n&#8211;\u00a0<a href=\"https:\/\/www.rarom.ro\/wp-content\/uploads\/2022\/01\/Chisalita-IoanNarcis-DI30-zile-incetare.pdf\" target=\"_blank\" rel=\"noopener noreferrer\">declara\u0163ie de interese<\/a><\/td>\n<\/tr>\n<tr>\n<td>\n<div align=\"center\">6.<\/div>\n<\/td>\n<td>M\u00eendrescu Bogdan Stelian<\/td>\n<td>membru provizoriu<\/td>\n<td>&#8211; <a href=\"https:\/\/www.rarom.ro\/wp-content\/uploads\/2022\/01\/Mindrescu-Bogdan-Stelian-DA-30-zile-incetare.pdf\" target=\"_blank\" rel=\"noopener noreferrer\">declara\u021bie de avere<\/a><br \/>\n&#8211;\u00a0<a href=\"https:\/\/www.rarom.ro\/wp-content\/uploads\/2022\/01\/Mindrescu-Bogdan-Stelian-DI-30-zile-incetare.pdf\" target=\"_blank\" rel=\"noopener noreferrer\">declara\u0163ie de interese<\/a><\/p>\n<p>&#8211; <a href=\"https:\/\/www.rarom.ro\/wp-content\/uploads\/2022\/01\/Mindrescu-Bogdan-Stelian-DA-30-zile-incetare-1.pdf\" target=\"_blank\" rel=\"noopener noreferrer\">declara\u021bie de avere<br \/>\n<\/a>&#8211; <a href=\"https:\/\/www.rarom.ro\/wp-content\/uploads\/2022\/01\/Mindrescu-Bogdan-Stelian-DI-30-zile-incetare-1.pdf\" target=\"_blank\" rel=\"noopener noreferrer\">declara\u0163ie de interese<\/a><\/td>\n<\/tr>\n<tr>\n<td>\n<div align=\"center\">7.<\/div>\n<\/td>\n<td>Zinca Marius<\/td>\n<td>membru provizoriu<\/td>\n<td>&#8211;\u00a0<a href=\"https:\/\/www.rarom.ro\/wp-content\/uploads\/2022\/01\/DA_Zinca-Marius-30-zile-incetare.pdf\" target=\"_blank\" rel=\"noopener noreferrer\">declara\u021bie de avere<\/a><br \/>\n&#8211;\u00a0<a href=\"https:\/\/www.rarom.ro\/wp-content\/uploads\/2022\/01\/DI_Zinca-Marius-30-zile-incetare.pdf\" target=\"_blank\" rel=\"noopener noreferrer\">declara\u0163ie de interese<\/a><\/td>\n<\/tr>\n<\/tbody>\n<\/table>\n<table border=\"1\" width=\"100%\" cellspacing=\"0\" cellpadding=\"5\">\n<tbody>\n<tr align=\"center\" valign=\"middle\" bgcolor=\"#eeeeee\">\n<td width=\"5%\">\n<div align=\"center\"><strong>Nr. crt.<\/strong><\/div>\n<\/td>\n<td width=\"23%\">\n<div align=\"center\"><strong>Numele \u015fi prenumele<\/strong><\/div>\n<\/td>\n<td width=\"25%\">\n<div align=\"center\"><strong>Calitatea<\/strong><\/div>\n<\/td>\n<td width=\"28%\">\n<div align=\"center\"><strong>Declara\u0163ii de avere<\/strong><br \/>\n<strong> \u015fi interese<\/strong><\/div>\n<\/td>\n<\/tr>\n<tr>\n<td>\n<div align=\"center\">1.<\/div>\n<\/td>\n<td>Coiciu Dumitru<\/td>\n<td>pre\u015fedinte CA<\/td>\n<td><a href=\"https:\/\/www.rarom.ro\/wp-content\/uploads\/2015\/10\/CoiciuDumitru-1_11-06-2021.pdf\" target=\"_blank\" rel=\"noopener noreferrer\">&#8211; declara\u0163ie de avere<\/a><br \/>\n<a href=\"https:\/\/www.rarom.ro\/wp-content\/uploads\/2015\/10\/CoiciuDumitru-2_11-06-2021.pdf\" target=\"_blank\" rel=\"noopener noreferrer\">&#8211; declara\u0163ie de interese<\/a><\/td>\n<\/tr>\n<tr>\n<td>\n<div align=\"center\">2.<\/div>\n<\/td>\n<td>Surulescu Aurelia<\/td>\n<td>membru &#8211; reprezentant MT<\/td>\n<td><a href=\"https:\/\/www.rarom.ro\/wp-content\/uploads\/2015\/10\/SurulescuAurelia-1_11-06-2021.pdf\" target=\"_blank\" rel=\"noopener noreferrer\">&#8211; declara\u0163ie de avere<\/a><br \/>\n<a href=\"https:\/\/www.rarom.ro\/wp-content\/uploads\/2015\/10\/SurulescuAurelia-2_11-06-2021.pdf\" target=\"_blank\" rel=\"noopener noreferrer\">&#8211; declara\u0163ie de interese<\/a><\/td>\n<\/tr>\n<tr>\n<td>\n<div align=\"center\">3.<\/div>\n<\/td>\n<td>Dima Marin<\/td>\n<td>membru<\/td>\n<td>11.06.2021\u00a0<a href=\"https:\/\/www.rarom.ro\/wp-content\/uploads\/2015\/10\/DimaMarin-1_11-06-2021.pdf\" target=\"_blank\" rel=\"noopener noreferrer\"><br \/>\n&#8211; declara\u0163ie de avere<\/a><br \/>\n11.06.2021 <a href=\"https:\/\/www.rarom.ro\/wp-content\/uploads\/2015\/10\/DimaMarin-2_11-06-2021.pdf\" target=\"_blank\" rel=\"noopener noreferrer\"><br \/>\n&#8211; declara\u0163ie de interese<\/a><br \/>\n31.01.2022\u00a0<a href=\"https:\/\/www.rarom.ro\/wp-content\/uploads\/2022\/01\/DA-Dima-Marin-31-01-2022.pdf\"><br \/>\n&#8211; declara\u0163ie de avere<\/a><br \/>\n31.01.2022 <a href=\"https:\/\/www.rarom.ro\/wp-content\/uploads\/2022\/01\/DI-Dima-Marin-31-01-2022.pdf\"><br \/>\n&#8211; declara\u0163ie de interese<\/a><\/td>\n<\/tr>\n<tr>\n<td>\n<div align=\"center\">4.<\/div>\n<\/td>\n<td>Dinc\u0103 George-Adrian<\/td>\n<td>membru<\/td>\n<td><a href=\"https:\/\/www.rarom.ro\/wp-content\/uploads\/2015\/10\/DincaGeorgeAdrian-1_11-06-2021.pdf\" target=\"_blank\" rel=\"noopener noreferrer\">&#8211; declara\u0163ie de avere<\/a><br \/>\n<a href=\"https:\/\/www.rarom.ro\/wp-content\/uploads\/2015\/10\/DincaGeorgeAdrian-2_11-06-2021.pdf\" target=\"_blank\" rel=\"noopener noreferrer\">&#8211; declara\u0163ie de interese<\/a><\/td>\n<\/tr>\n<tr>\n<td>\n<div align=\"center\">5.<\/div>\n<\/td>\n<td>Popescu Adrian<\/td>\n<td>membru<\/td>\n<td><a href=\"https:\/\/www.rarom.ro\/wp-content\/uploads\/2015\/10\/PopescuAdrian-1_11-06-2021.pdf\" target=\"_blank\" rel=\"noopener noreferrer\">&#8211; declara\u0163ie de avere<\/a><br \/>\n<a href=\"https:\/\/www.rarom.ro\/wp-content\/uploads\/2015\/10\/PopescuAdrian-2_11-06-2021.pdf\" target=\"_blank\" rel=\"noopener noreferrer\">&#8211; declara\u0163ie de interese<\/a><\/td>\n<\/tr>\n<\/tbody>\n<\/table>\n<table border=\"1\" width=\"100%\" cellspacing=\"0\" cellpadding=\"5\">\n<tbody>\n<tr align=\"center\" valign=\"middle\" bgcolor=\"#eeeeee\">\n<td width=\"5%\">\n<div align=\"center\"><strong>Nr. crt.<\/strong><\/div>\n<\/td>\n<td width=\"23%\">\n<div align=\"center\"><strong>Numele \u015fi prenumele<\/strong><\/div>\n<\/td>\n<td width=\"25%\">\n<div align=\"center\"><strong>Calitatea<\/strong><\/div>\n<\/td>\n<td width=\"28%\">\n<div align=\"center\"><strong>Declara\u0163ii de avere<\/strong><br \/>\n<strong> \u015fi interese<\/strong><\/div>\n<\/td>\n<\/tr>\n<tr>\n<td>\n<div align=\"center\">1.<\/div>\n<\/td>\n<td>M\u00eendrescu Bogdan Stelian<\/td>\n<td>membru provizoriu<\/td>\n<td>&#8211;\u00a0<a href=\"https:\/\/www.rarom.ro\/wp-content\/uploads\/2015\/10\/MindrescuBogdan-1_26-01-2022.pdf\" target=\"_blank\" rel=\"noopener noreferrer\">declara\u0163ie de avere<br \/>\n<\/a>&#8211;\u00a0<a href=\"https:\/\/www.rarom.ro\/wp-content\/uploads\/2015\/10\/MindrescuBogdan-2_26-01-2022.pdf\" target=\"_blank\" rel=\"noopener noreferrer\">declara\u0163ie de interese<br \/>\n<\/a><a href=\"https:\/\/www.rarom.ro\/wp-content\/uploads\/2015\/10\/MindrescuBogdan-1_11-06-2021.pdf\" target=\"_blank\" rel=\"noopener noreferrer\">&#8211; declara\u0163ie de avere<\/a><br \/>\n<a href=\"https:\/\/www.rarom.ro\/wp-content\/uploads\/2015\/10\/MindrescuBogdan-2_11-06-2021.pdf\" target=\"_blank\" rel=\"noopener noreferrer\">&#8211; declara\u0163ie de interese<\/a><\/p>\n<p>&#8211; <a href=\"https:\/\/www.rarom.ro\/wp-content\/uploads\/2015\/10\/DA_Bogdan-Mindrescu.pdf\" target=\"_blank\" rel=\"noopener noreferrer\">declara\u0163ie de avere<br \/>\n<\/a>&#8211; <a href=\"https:\/\/www.rarom.ro\/wp-content\/uploads\/2015\/10\/DI_Bogdan-Mindrescu.pdf\" target=\"_blank\" rel=\"noopener noreferrer\">declara\u0163ie de interese<\/a><\/td>\n<\/tr>\n<tr>\n<td>\n<div align=\"center\">2.<\/div>\n<\/td>\n<td>Barbu Nelu Vasile<\/td>\n<td>membru provizoriu<\/td>\n<td>&#8211;\u00a0<a href=\"https:\/\/www.rarom.ro\/wp-content\/uploads\/2015\/10\/BarbuNeluVasile-1_25-01-2022.pdf\" target=\"_blank\" rel=\"noopener noreferrer\">declara\u0163ie de avere<\/a><br \/>\n&#8211;\u00a0<a href=\"https:\/\/www.rarom.ro\/wp-content\/uploads\/2015\/10\/BarbuNeluVasile-2_25-01-2022.pdf\" target=\"_blank\" rel=\"noopener noreferrer\">declara\u0163ie de interese<br \/>\n<\/a>&#8211;\u00a0<a href=\"https:\/\/www.rarom.ro\/wp-content\/uploads\/2015\/10\/DA_Barbu-Nelu-Vasile.pdf\" target=\"_blank\" rel=\"noopener noreferrer\">declara\u0163ie de avere<\/a><br \/>\n&#8211;\u00a0<a href=\"https:\/\/www.rarom.ro\/wp-content\/uploads\/2015\/10\/DI_Barbu-Nelu-Vasile.pdf\" target=\"_blank\" rel=\"noopener noreferrer\">declara\u0163ie de interese<\/a><\/td>\n<\/tr>\n<tr>\n<td>\n<div align=\"center\">3.<\/div>\n<\/td>\n<td>Chis\u0103li\u021b\u0103 Ioan Narcis<\/td>\n<td>membru provizoriu<\/td>\n<td>&#8211;\u00a0<a href=\"https:\/\/www.rarom.ro\/wp-content\/uploads\/2015\/10\/DA-Chisalita-Ioan-Narcis-27-01-2022.pdf\" target=\"_blank\" rel=\"noopener noreferrer\">declara\u0163ie de avere<\/a><br \/>\n&#8211;\u00a0<a href=\"https:\/\/www.rarom.ro\/wp-content\/uploads\/2015\/10\/DI-Chisalita-Ioan-Narcis-27-01-2022.pdf\" target=\"_blank\" rel=\"noopener noreferrer\">declara\u0163ie de interese<br \/>\n<\/a>&#8211;\u00a0<a href=\"https:\/\/www.rarom.ro\/wp-content\/uploads\/2015\/10\/DA_Chisalita-Ioan-Narcis.pdf\" target=\"_blank\" rel=\"noopener noreferrer\">declara\u0163ie de avere<\/a><br \/>\n&#8211;\u00a0<a href=\"https:\/\/www.rarom.ro\/wp-content\/uploads\/2015\/10\/DI_Chisalita-Ioan-Narcis.pdf\" target=\"_blank\" rel=\"noopener noreferrer\">declara\u0163ie de interese<\/a><\/td>\n<\/tr>\n<tr>\n<td>\n<div align=\"center\">4.<\/div>\n<\/td>\n<td>Dolineaschi Andrei<\/td>\n<td>membru provizoriu<\/td>\n<td>&#8211;\u00a0<a href=\"https:\/\/www.rarom.ro\/wp-content\/uploads\/2015\/10\/DA_Dolineaschi-Andrei-01-02-2022.pdf\" target=\"_blank\" rel=\"noopener noreferrer\">declara\u0163ie de avere<\/a><br \/>\n&#8211;\u00a0<a href=\"https:\/\/www.rarom.ro\/wp-content\/uploads\/2015\/10\/DI_Dolineaschi-Andrei-01-02-2022.pdf\" target=\"_blank\" rel=\"noopener noreferrer\">declara\u0163ie de interese<br \/>\n<\/a>&#8211;\u00a0<a href=\"https:\/\/www.rarom.ro\/wp-content\/uploads\/2015\/10\/DA_Dolineaschi-Andrei.pdf\" target=\"_blank\" rel=\"noopener noreferrer\">declara\u0163ie de avere<\/a><br \/>\n&#8211;\u00a0<a href=\"https:\/\/www.rarom.ro\/wp-content\/uploads\/2015\/10\/DI_Dolineaschi-Andrei.pdf\" target=\"_blank\" rel=\"noopener noreferrer\">declara\u0163ie de interese<\/a><\/td>\n<\/tr>\n<tr>\n<td>\n<div align=\"center\">5.<\/div>\n<\/td>\n<td>\u0218tefan Costel Dorin<\/td>\n<td>membru provizoriu<\/td>\n<td>&#8211;\u00a0<a href=\"https:\/\/www.rarom.ro\/wp-content\/uploads\/2015\/10\/DA-Stefan-Costel-Dorin-02-02-2022.pdf\" target=\"_blank\" rel=\"noopener noreferrer\">declara\u0163ie de avere<\/a><br \/>\n&#8211;\u00a0<a href=\"https:\/\/www.rarom.ro\/wp-content\/uploads\/2015\/10\/DI-Sefan-Costel-Dorin-02-02-2022.pdf\" target=\"_blank\" rel=\"noopener noreferrer\">declara\u0163ie de interese<br \/>\n<\/a>&#8211;\u00a0<a href=\"https:\/\/www.rarom.ro\/wp-content\/uploads\/2015\/10\/DA_Stefan-Costel-Dorin.pdf\" target=\"_blank\" rel=\"noopener noreferrer\">declara\u0163ie de avere<\/a><br \/>\n&#8211;\u00a0<a href=\"https:\/\/www.rarom.ro\/wp-content\/uploads\/2015\/10\/DI_Stefan-Costel-Dorin.pdf\" target=\"_blank\" rel=\"noopener noreferrer\">declara\u0163ie de interese<\/a><\/td>\n<\/tr>\n<tr>\n<td>\n<div align=\"center\">6.<\/div>\n<\/td>\n<td>Giurcan Gigi<\/td>\n<td>membru provizoriu<\/td>\n<td>&#8211;\u00a0<a href=\"https:\/\/www.rarom.ro\/wp-content\/uploads\/2015\/10\/DA-Gigi-Giurcan_03-02-2022.pdf\" target=\"_blank\" rel=\"noopener noreferrer\">declara\u0163ie de avere<\/a><br \/>\n&#8211;\u00a0<a href=\"https:\/\/www.rarom.ro\/wp-content\/uploads\/2015\/10\/DI-Gigi-Giurcan_03-02-2022.pdf\" target=\"_blank\" rel=\"noopener noreferrer\">declara\u0163ie de interese<br \/>\n<\/a>&#8211;\u00a0<a href=\"https:\/\/www.rarom.ro\/wp-content\/uploads\/2015\/10\/DA_Giurcan-Gigi.pdf\" target=\"_blank\" rel=\"noopener noreferrer\">declara\u0163ie de avere<\/a><br \/>\n&#8211;\u00a0<a href=\"https:\/\/www.rarom.ro\/wp-content\/uploads\/2015\/10\/DI_Giurcan-Gigi.pdf\" target=\"_blank\" rel=\"noopener noreferrer\">declara\u0163ie de interese<\/a><\/td>\n<\/tr>\n<tr>\n<td>\n<div align=\"center\">7.<\/div>\n<\/td>\n<td>Zinca Marius<\/td>\n<td>membru provizoriu<\/td>\n<td>&#8211;\u00a0<a href=\"https:\/\/www.rarom.ro\/wp-content\/uploads\/2015\/10\/DA-Zinca-Marius_01-02-2022.pdf\" target=\"_blank\" rel=\"noopener noreferrer\">declara\u0163ie de avere<\/a><br \/>\n&#8211;\u00a0<a href=\"https:\/\/www.rarom.ro\/wp-content\/uploads\/2015\/10\/DI-Zinca-Marius_01-02-2022.pdf\" target=\"_blank\" rel=\"noopener noreferrer\">declara\u0163ie de interese<br \/>\n<\/a>&#8211;\u00a0<a href=\"https:\/\/www.rarom.ro\/wp-content\/uploads\/2015\/10\/DA-Zinca-Marius_28-01-2022.pdf\" target=\"_blank\" rel=\"noopener noreferrer\">declara\u0163ie de avere<\/a><br \/>\n&#8211;\u00a0<a href=\"https:\/\/www.rarom.ro\/wp-content\/uploads\/2015\/10\/DI-Zinca-Marius_28-01-2022.pdf\" target=\"_blank\" rel=\"noopener noreferrer\">declara\u0163ie de interese<br \/>\n<\/a>&#8211;\u00a0<a href=\"https:\/\/www.rarom.ro\/wp-content\/uploads\/2015\/10\/DA_Zinca-Marius.pdf\" target=\"_blank\" rel=\"noopener noreferrer\">declara\u0163ie de avere<\/a><br \/>\n&#8211;\u00a0<a href=\"https:\/\/www.rarom.ro\/wp-content\/uploads\/2015\/10\/DI_Zinca-Marius.pdf\" target=\"_blank\" rel=\"noopener noreferrer\">declara\u0163ie de interese<\/a><\/td>\n<\/tr>\n<\/tbody>\n<\/table>\n<p class=\"p1\"><span class=\"s1\">Tuf\u0103 Radian \u2013 Director General R.A.R. \u2013 R.A.\u00a0<\/span><\/p>\n<p class=\"p1\">14.06.2021<\/p>\n<p class=\"p3\">\u2013\u00a0<a href=\"https:\/\/www.rarom.ro\/wp-content\/uploads\/2020\/02\/TufaRadianDoru-1_14-06-2021.pdf\" target=\"_blank\" rel=\"noopener noreferrer\">declara\u0163ie de avere<\/a><\/p>\n<p class=\"p3\">\u2013\u00a0<a href=\"https:\/\/www.rarom.ro\/wp-content\/uploads\/2020\/02\/TufaRadianDoru-2_14-06-2021.pdf\" target=\"_blank\" rel=\"noopener noreferrer\">declara\u0163ie de interese<\/a><\/p>\n<p class=\"p1\"><span class=\"s1\">Tuf\u0103 Radian \u2013 Director General R.A.R. \u2013 R.A.\u00a0<\/span><\/p>\n<p class=\"p1\">22.03.2022<\/p>\n<p class=\"p3\">\u2013\u00a0<a href=\"https:\/\/www.rarom.ro\/wp-content\/uploads\/2022\/01\/DA_Tufa-Radian.pdf\">declara\u0163ie de avere<\/a><\/p>\n<p class=\"p3\">\u2013\u00a0<a href=\"https:\/\/www.rarom.ro\/wp-content\/uploads\/2022\/01\/DI_Tufa-Radian.pdf\">declara\u0163ie de interese<\/a><\/p>\n<p class=\"p3\">Alina Ni\u021b\u0103 \u2013 Director General R.A.R. \u2013 R.A.<\/p>\n<p class=\"p3\">&#8211;\u00a0<a href=\"https:\/\/www.rarom.ro\/wp-content\/uploads\/2020\/06\/DA_Alina-Mihaela-Nita.pdf\" target=\"_blank\" rel=\"noopener noreferrer\">Declara\u0163ie de avere<\/a><\/p>\n<p class=\"p3\">&#8211;\u00a0<a href=\"https:\/\/www.rarom.ro\/wp-content\/uploads\/2020\/06\/DI_Alina-Mihaela-Nita.pdf\" target=\"_blank\" rel=\"noopener noreferrer\">Declara\u0163ie de interese<\/a><\/p>\n<p class=\"p3\">Alina Ni\u021b\u0103 \u2013 Director General R.A.R. \u2013 R.A.<\/p>\n<p class=\"p3\">&#8211;\u00a0<a href=\"https:\/\/www.rarom.ro\/wp-content\/uploads\/2020\/06\/DA_Alina-Nita.pdf\" target=\"_blank\" rel=\"noopener noreferrer\">Declara\u0163ie de avere<\/a><\/p>\n<p class=\"p3\">&#8211;\u00a0<a href=\"https:\/\/www.rarom.ro\/wp-content\/uploads\/2020\/06\/DI_Alina-Nita.pdf\" target=\"_blank\" rel=\"noopener noreferrer\">Declara\u0163ie de interese<\/a><\/p>\n<p class=\"p3\">&#8211;\u00a0<a href=\"https:\/\/www.rarom.ro\/wp-content\/uploads\/2022\/01\/DA_Alina-Nita-30-zile-de-la-incetare.pdf\" target=\"_blank\" rel=\"noopener noreferrer\">Declara\u0163ie de avere<\/a>\u00a030 zile de la \u00eencetare<\/p>\n<p class=\"p3\">&#8211;\u00a0<a href=\"https:\/\/www.rarom.ro\/wp-content\/uploads\/2022\/01\/DI_Alina-Nita-30-zile-de-la-incetare.pdf\" target=\"_blank\" rel=\"noopener noreferrer\">Declara\u0163ie de interese<\/a>\u00a030 zile de la \u00eencetare<\/p>\n<p class=\"p3\">&#8211;\u00a0<a href=\"https:\/\/www.rarom.ro\/wp-content\/uploads\/2020\/06\/DA_Alina-Nita-30-zile-de-la-numire.pdf\" target=\"_blank\" rel=\"noopener noreferrer\">Declara\u0163ie de avere<\/a>\u00a030 zile de la\u00a0numire<\/p>\n<p class=\"p3\">&#8211;\u00a0<a href=\"https:\/\/www.rarom.ro\/wp-content\/uploads\/2020\/06\/DI_Alina-Nita-30-zile-de-la-numire.pdf\" target=\"_blank\" rel=\"noopener noreferrer\">Declara\u0163ie de interese<\/a>\u00a030 zile de la numire<\/p>\n<p class=\"p3\">&#8211;\u00a0<a href=\"https:\/\/www.rarom.ro\/wp-content\/uploads\/2022\/01\/DA-ALINA-MIHAELA-NITA-30zile-incetare.pdf\" target=\"_blank\" rel=\"noopener noreferrer\">Declara\u0163ie de avere<\/a>\u00a030 zile de la \u00eencetare<\/p>\n<p class=\"p3\">&#8211;\u00a0<a href=\"https:\/\/www.rarom.ro\/wp-content\/uploads\/2022\/01\/DI-ALINA-MIHAELA-NITA-30zile-incetare.pdf\" target=\"_blank\" rel=\"noopener noreferrer\">Declara\u0163ie de interese<\/a>\u00a030 zile de la \u00eencetare<\/p>\n","protected":false},"excerpt":{"rendered":"<p>DECLARA\u0162II DE AVERE \u0218I DE INTERESE 30 de zile de la numire Nr. crt. Numele \u015fi prenumele Calitatea Declara\u0163ii de avere \u015fi interese 1. M\u00eendrescu Bogdan Stelian membru provizoriu &#8211;\u00a0declara\u0163ie de avere &#8211;\u00a0declara\u0163ie de interese 1. Barbu Nelu Vasile membru provizoriu &#8211;\u00a0declara\u0163ie de avere &#8211;\u00a0declara\u0163ie de interese 2. Chis\u0103li\u021b\u0103 Ioan Narcis membru provizoriu &#8211;\u00a0declara\u0163ie de [&hellip;]<\/p>\n","protected":false},"author":3,"featured_media":0,"parent":1297,"menu_order":9980,"comment_status":"closed","ping_status":"closed","template":"","meta":{"_acf_changed":false,"footnotes":""},"class_list":["post-12460","page","type-page","status-publish","hentry"],"acf":[],"_links":{"self":[{"href":"https:\/\/www.rarom.ro\/index.php?rest_route=\/wp\/v2\/pages\/12460","targetHints":{"allow":["GET"]}}],"collection":[{"href":"https:\/\/www.rarom.ro\/index.php?rest_route=\/wp\/v2\/pages"}],"about":[{"href":"https:\/\/www.rarom.ro\/index.php?rest_route=\/wp\/v2\/types\/page"}],"author":[{"embeddable":true,"href":"https:\/\/www.rarom.ro\/index.php?rest_route=\/wp\/v2\/users\/3"}],"replies":[{"embeddable":true,"href":"https:\/\/www.rarom.ro\/index.php?rest_route=%2Fwp%2Fv2%2Fcomments&post=12460"}],"version-history":[{"count":59,"href":"https:\/\/www.rarom.ro\/index.php?rest_route=\/wp\/v2\/pages\/12460\/revisions"}],"predecessor-version":[{"id":302148,"href":"https:\/\/www.rarom.ro\/index.php?rest_route=\/wp\/v2\/pages\/12460\/revisions\/302148"}],"up":[{"embeddable":true,"href":"https:\/\/www.rarom.ro\/index.php?rest_route=\/wp\/v2\/pages\/1297"}],"wp:attachment":[{"href":"https:\/\/www.rarom.ro\/index.php?rest_route=%2Fwp%2Fv2%2Fmedia&parent=12460"}],"curies":[{"name":"wp","href":"https:\/\/api.w.org\/{rel}","templated":true}]}}