{"id":12422,"date":"2021-12-21T08:57:46","date_gmt":"2021-12-21T06:57:46","guid":{"rendered":"https:\/\/www.rarom.ro\/?page_id=12422"},"modified":"2025-09-02T13:30:42","modified_gmt":"2025-09-02T10:30:42","slug":"documente-solicitate-pentru-activitatile-d-o-i-i-t","status":"publish","type":"page","link":"https:\/\/www.rarom.ro\/?page_id=12422","title":{"rendered":"Documente solicitate pentru activit\u0103\u021bile DOIIT"},"content":{"rendered":"\n<p><strong><a id=\"cuprins\"><\/a>CUPRINS<\/strong><\/p>\n\n\n\n<p><strong>1. <a href=\"#nr1\"> Omologare individual\u0103<\/a><\/strong><\/p>\n\n\n\n<p><strong>2. <a href=\"#nr2\"> Eliberare CIV pentru vehicule noi, care de\u021bin omologare comunitar\u0103<\/a><\/strong><\/p>\n\n\n\n<p><strong>3. <a href=\"#nr3\"> Eliberare CIV pentru vehicule utilizate care au fost \u00eenmatriculate ultima dat\u0103 \u00eentr-un stat membru UE \u0219i care de\u021bin omologare comunitar\u0103 (include certificarea autenticit\u0103\u021bii)<\/a><\/strong><\/p>\n\n\n\n<p><strong>4. <a href=\"#nr4\"> Eliberare CIV pentru vehiculele care au mai fost \u00eenmatriculate \u00een Rom\u00e2nia<\/a><\/strong><\/p>\n\n\n\n<p><strong>5. <a href=\"#nr5\"> Modificare CIV f\u0103r\u0103 omologare<\/a><\/strong><\/p>\n\n\n\n<p><strong>6. <a href=\"#nr6\"> Duplicat CIV<\/a><\/strong><\/p>\n\n\n\n<p><strong>7. <a href=\"#nr7\"> \u00cenlocuire CIV<\/a><\/strong><\/p>\n\n\n\n<p><strong>8. <a href=\"#nr8\"> Anulare CIV<\/a><\/strong><\/p>\n\n\n\n<p><strong>9. <a href=\"#nr9\"> Certificarea autenticit\u0103\u021bii<\/a><\/strong><\/p>\n\n\n\n<p><strong>10. <a href=\"#nr10\"> Verificare tehnic\u0103 (ITP)<\/a><\/strong><\/p>\n\n\n\n<p><strong>11. <a href=\"#nr11\"> Verificare tehnic\u0103 (ITP) ma\u0219ini autopropulsate pentru lucr\u0103ri<\/a><\/strong><\/p>\n\n\n\n<p><strong>12. <a href=\"#nr12\"> Eliberare certificat CEMT de inspec\u021bie tehnic\u0103<\/a><\/strong><\/p>\n\n\n\n<p><strong>13. <a href=\"#nr13\"> Redob\u00e2ndire Certificat \u00cenmatriculare (CI)<\/a><\/strong><\/p>\n\n\n\n<p><strong>14. <a href=\"#nr14\"> Duplicat dovad\u0103 efectuare verificare tehnic\u0103 la RAR<\/a><\/strong><\/p>\n\n\n\n<p><strong>15. <a href=\"#nr15\"> \u00cenlocuire \/ duplicat certificat ITP<\/a><\/strong><\/p>\n\n\n\n<p><strong>16. <a href=\"#nr16\"> Eliberare certificat agreare m\u0103rfuri periculoase<\/a><\/strong><\/p>\n\n\n\n<p><strong>17. <a href=\"#nr17\"> Eliberare certificat de agreare taxi \/ scoal\u0103<\/a><\/strong><\/p>\n\n\n\n<p><strong>18. <a href=\"#nr18\"> Clasificare \/ reclasificare autobuze<\/a><\/strong><\/p>\n\n\n\n<p><strong>19. <a href=\"#nr19\"> Eliberare duplicat certificat agreare \/ clasificare<\/a><\/strong><\/p>\n\n\n\n<p><strong>20. <a href=\"#nr20\"> Eliberare atestat tehnic<\/a><\/strong><\/p>\n\n\n\n<p><strong>21. <a href=\"#nr21\"> Eliberare adeverin\u021b\u0103 suspensie<\/a><\/strong><\/p>\n\n\n\n<p><strong>22. <a href=\"#nr22\"> Determinare mase \/ dimensiuni pentru pl\u0103cu\u021be<\/a><\/strong><\/p>\n\n\n\n<hr class=\"wp-block-separator has-alpha-channel-opacity\"\/>\n\n\n\n<p><strong>1. <a id=\"nr1\"><\/a> Omologare individual\u0103<\/strong><br>Act identitate prezentator<br>Cerere activitate RAR<br>Pentru vehiculele utilizate documentul care confirm\u0103 \u00eenmatricularea anterioar\u0103<br>Dup\u0103 caz, certificatele de omologare\/rapoarte de \u00eencercare emise pe baza directivelor\/Regulamentelor CEE\/CE sau Regulamentelor CEE-ONU, declara\u021bia eliberat\u0103 de autoritatea SM<br>Dup\u0103 caz, declara\u021bia de conformitate a carosierului autorizat<br>Pentru transcriere ITP, certificatul ITP UE \u00een original<br><a href=\"https:\/\/www.rarom.ro\/?page_id=13524\">Pentru autovehiculele utilizate care provin din state membre UE, documentele de achizi\u021bie intracomunitar\u0103 (de exemplu: factur\u0103 sau contract de v\u00e2nzare-cump\u0103rare). Documentele de achizi\u021bie pot fi prezentate \u00een original sau \u00een copie, cu condi\u021bia ca acestea s\u0103 fie lizibile.<\/a><\/p>\n\n\n\n<h6 class=\"wp-block-heading has-text-align-right\"><em>&lt;&lt;&lt;&nbsp;<a href=\"#cuprins\">\u00cenapoi la CUPRINS<\/a>&nbsp;&gt;&gt;&gt;<\/em><\/h6>\n\n\n\n<hr>\n\n\n\n<p><strong>2. <a id=\"nr2\"><\/a> Eliberare CIV pentru vehicule noi, care de\u021bin omologare comunitar\u0103<\/strong><br>Act identitate prezentator<br>Cerere activitate RAR<br>Certificat de conformitate (CoC)<\/p>\n\n\n\n<h6 class=\"wp-block-heading has-text-align-right\"><em>&lt;&lt;&lt;&nbsp;<a href=\"#cuprins\">\u00cenapoi la CUPRINS<\/a>&nbsp;&gt;&gt;&gt;<\/em><\/h6>\n\n\n\n<hr>\n\n\n\n<p><strong>3. <a id=\"nr3\"><\/a> Eliberare CIV pentru vehicule utilizate care au fost \u00eenmatriculate ultima dat\u0103 \u00eentr-un stat membru UE \u0219i care de\u021bin omologare comunitar\u0103 (include certificarea autenticit\u0103\u021bii)<\/strong><br>Act identitate prezentator<br>Cerere activitate RAR<br>Documentul de \u00eenmatriculare \u00een UE<br>Certificatul de conformitate (CoC) emis de produc\u0103torul vehiculului (obligatoriu pentru vehiculele ale c\u0103ror emisii poluante \u0219i CO2 au fost m\u0103surate \u00een conformitate cu procedura WLTP, de regul\u0103 vehicule fabricate dup\u0103 data de 31.08.2018)<br>Pentru transcriere ITP, certificatul ITP UE \u00een original<br><a href=\"https:\/\/www.rarom.ro\/?page_id=13524\">Pentru autovehiculele utilizate care provin din state membre UE, documentele de achizi\u021bie intracomunitar\u0103 (de exemplu: factur\u0103 sau contract de v\u00e2nzare-cump\u0103rare). Documentele de achizi\u021bie pot fi prezentate \u00een original sau \u00een copie, cu condi\u021bia ca acestea s\u0103 fie lizibile.<\/a><\/p>\n\n\n\n<h6 class=\"wp-block-heading has-text-align-right\"><em>&lt;&lt;&lt;&nbsp;<a href=\"#cuprins\">\u00cenapoi la CUPRINS<\/a>&nbsp;&gt;&gt;&gt;<\/em><\/h6>\n\n\n\n<hr>\n\n\n\n<p><strong>4. <a id=\"nr4\"><\/a> Eliberare CIV pentru vehiculele care au mai fost \u00eenmatriculate \u00een Rom\u00e2nia<\/strong><br>Act identitate prezentator<br>Cerere activitate RAR<br>Certificatul de \u00eenmatriculare sau dovada \u00eenlocuitoare a acestuia ori dovada de radiere a vehiculului din circula\u021bie<\/p>\n\n\n\n<h6 class=\"wp-block-heading has-text-align-right\"><em>&lt;&lt;&lt;&nbsp;<a href=\"#cuprins\">\u00cenapoi la CUPRINS<\/a>&nbsp;&gt;&gt;&gt;<\/em><\/h6>\n\n\n\n<hr>\n\n\n\n<p><strong>5. <a id=\"nr5\"><\/a> Modificare CIV f\u0103r\u0103 omologare<\/strong><br>Act de identitate prezentator<br>Cerere activitate RAR<br>Dup\u0103 caz, adeverin\u021b\u0103 din partea atelierului autorizat, declara\u021bie de conformitate sau certificat de omologare de tip<br>Document prin care se atest\u0103 dreptul de proprietate (certificat \u00eenmatriculare, contract v\u00e2nzare-cump\u0103rare, etc)<br>Dup\u0103 caz, <em><strong><a href=\"#Document_de_reprezentare\">document de reprezentare <sup>1)<\/sup><\/a><\/strong><\/em><\/p>\n\n\n\n<h6 class=\"wp-block-heading has-text-align-right\"><em>&lt;&lt;&lt;&nbsp;<a href=\"#cuprins\">\u00cenapoi la CUPRINS<\/a>&nbsp;&gt;&gt;&gt;<\/em><\/h6>\n\n\n\n<hr>\n\n\n\n<p><strong>6. <a id=\"nr6\"><\/a> Duplicat CIV<\/strong><br>Act de identitate prezentator<br>Cerere activitate RAR<br>Document prin care se atest\u0103 dreptul de proprietate (certificat \u00eenmatriculare, contract v\u00e2nzare-cump\u0103rare, etc)<br>Dup\u0103 caz, <em><strong><a href=\"#Document_de_reprezentare\">document de reprezentare <sup>1)<\/sup><\/a><\/strong><\/em><br>Dup\u0103 caz, documentul din care rezult\u0103 refuzul de predare a CIV constatat de executorul judec\u0103toresc, cu ocazia execut\u0103rii silite<\/p>\n\n\n\n<h6 class=\"wp-block-heading has-text-align-right\"><em>&lt;&lt;&lt;&nbsp;<a href=\"#cuprins\">\u00cenapoi la CUPRINS<\/a>&nbsp;&gt;&gt;&gt;<\/em><\/h6>\n\n\n\n<hr>\n\n\n\n<p><strong>7. <a id=\"nr7\"><\/a> \u00cenlocuire CIV<\/strong><br>Act de identitate prezentator<br>Cerere activitate RAR<br>Dup\u0103 caz, document prin care se atest\u0103 dreptul de proprietate (certificat \u00eenmatriculare, contract v\u00e2nzare-cump\u0103rare, etc)<br>Dup\u0103 caz, <em><strong><a href=\"#Document_de_reprezentare\">document de reprezentare <sup>1)<\/sup><\/a><\/strong><\/em><br>CIV, dac\u0103 exist\u0103<\/p>\n\n\n\n<h6 class=\"wp-block-heading has-text-align-right\"><em>&lt;&lt;&lt;&nbsp;<a href=\"#cuprins\">\u00cenapoi la CUPRINS<\/a>&nbsp;&gt;&gt;&gt;<\/em><\/h6>\n\n\n\n<hr>\n\n\n\n<p><strong>8. <a id=\"nr8\"><\/a> Anulare CIV<\/strong><br>Act de identitate prezentator<br>Cerere anulare CIV<br>Dup\u0103 caz, document prin care se atest\u0103 dreptul de proprietate (certificat \u00eenmatriculare, contract v\u00e2nzare-cump\u0103rare, etc)<br>Dup\u0103 caz, <em><strong><a href=\"#Document_de_reprezentare\">document de reprezentare <sup>1)<\/sup><\/a><\/strong><\/em><br>Documentul de \u00eenmatriculare (sau copia acestuia) care atest\u0103 \u00eenmatricularea \u00een alt stat, certificat de dezmembrare sau documente justificative cu privire la imposibilitatea prezent\u0103rii vehiculului la RAR, emise de una dintre structurile Ministerului Afacerilor Interne, Ministerului Justi\u021biei sau Ministerului Public.<\/p>\n\n\n\n<h6 class=\"wp-block-heading has-text-align-right\"><em>&lt;&lt;&lt;&nbsp;<a href=\"#cuprins\">\u00cenapoi la CUPRINS<\/a>&nbsp;&gt;&gt;&gt;<\/em><\/h6>\n\n\n\n<hr>\n\n\n\n<p><strong>9. <a id=\"nr9\"><\/a> Certificarea autenticit\u0103\u021bii<\/strong><br>Act de identitate prezentator<br>Cerere activitate RAR<br>CIV sau, pentru cele aflate la prima \u00eenmatriculare \u00een Rom\u00e2nia, documentul de \u00eenmatriculare din \u021bara de provenien\u021b\u0103<\/p>\n\n\n\n<h6 class=\"wp-block-heading has-text-align-right\"><em>&lt;&lt;&lt;&nbsp;<a href=\"#cuprins\">\u00cenapoi la CUPRINS<\/a>&nbsp;&gt;&gt;&gt;<\/em><\/h6>\n\n\n\n<hr>\n\n\n\n<p><strong>10. <a id=\"nr10\"><\/a> Verificare tehnic\u0103 (ITP)<\/strong><br>Act de identitate prezentator<br>Cerere activitate RAR<br>CIV sau copie conform\u0103 cu originalul, \u00een cazul vehiculelor \u00een leasing, pentru vehiculele \u00eenmatriculate \u00een Rom\u00e2nia<br>Certificat de \u00eenmatriculare<\/p>\n\n\n\n<h6 class=\"wp-block-heading has-text-align-right\"><em>&lt;&lt;&lt;&nbsp;<a href=\"#cuprins\">\u00cenapoi la CUPRINS<\/a>&nbsp;&gt;&gt;&gt;<\/em><\/h6>\n\n\n\n<hr>\n\n\n\n<p><strong>11. <a id=\"nr11\"><\/a> Verificare tehnic\u0103 (ITP) ma\u0219ini autopropulsate pentru lucr\u0103ri<\/strong><br>Act de identitate prezentator<br>Cerere activitate RAR<br>Atestat tehnic emis de RAR \u0219i\/sau certificat de \u00eenregistrare<\/p>\n\n\n\n<h6 class=\"wp-block-heading has-text-align-right\"><em>&lt;&lt;&lt;&nbsp;<a href=\"#cuprins\">\u00cenapoi la CUPRINS<\/a>&nbsp;&gt;&gt;&gt;<\/em><\/h6>\n\n\n\n<hr>\n\n\n\n<p><strong>12. <a id=\"nr12\"><\/a> Eliberare certificat CEMT de inspec\u021bie tehnic\u0103<\/strong><br>Act de identitate prezentator<br>Cerere activitate RAR<br>CIV, sau copie conform\u0103 cu originalul, \u00een cazul vehiculelor \u00een leasing<br>Certificat CEMT de conformitate<br>Dovad\u0103 verificare tahograf<\/p>\n\n\n\n<h6 class=\"wp-block-heading has-text-align-right\"><em>&lt;&lt;&lt;&nbsp;<a href=\"#cuprins\">\u00cenapoi la CUPRINS<\/a>&nbsp;&gt;&gt;&gt;<\/em><\/h6>\n\n\n\n<hr>\n\n\n\n<p><strong>13. <a id=\"nr13\"><\/a> Redob\u00e2ndire Certificat \u00cenmatriculare (CI)<\/strong><br>Act de identitate prezentator<br>Cerere activitate RAR<br>CIV, sau copie conform\u0103 cu originalul, \u00een cazul vehiculelor \u00een leasing<br>Dovad\u0103 re\u021binere CI<br>Dup\u0103 caz, raportul de verificare \u00een trafic emis de CTT<\/p>\n\n\n\n<h6 class=\"wp-block-heading has-text-align-right\"><em>&lt;&lt;&lt;&nbsp;<a href=\"#cuprins\">\u00cenapoi la CUPRINS<\/a>&nbsp;&gt;&gt;&gt;<\/em><\/h6>\n\n\n\n<hr>\n\n\n\n<p><strong>14. <a id=\"nr14\"><\/a> Duplicat dovad\u0103 efectuare verificare tehnic\u0103 la RAR<\/strong><br>Act de identitate prezentator<br>Cerere activitate RAR<br>CIV, sau copie conform\u0103 cu originalul, \u00een cazul vehiculelor \u00een leasing<\/p>\n\n\n\n<h6 class=\"wp-block-heading has-text-align-right\"><em>&lt;&lt;&lt;&nbsp;<a href=\"#cuprins\">\u00cenapoi la CUPRINS<\/a>&nbsp;&gt;&gt;&gt;<\/em><\/h6>\n\n\n\n<hr>\n\n\n\n<p><strong>15. <a id=\"nr15\"><\/a> \u00cenlocuire \/ duplicat certificat ITP<\/strong><br>Act de identitate prezentator<br>Cerere activitate RAR<br>CIV, sau copie conform\u0103 cu originalul, \u00een cazul vehiculelor \u00een leasing<br>Certificat de \u00eenmatriculare<\/p>\n\n\n\n<h6 class=\"wp-block-heading has-text-align-right\"><em>&lt;&lt;&lt;&nbsp;<a href=\"#cuprins\">\u00cenapoi la CUPRINS<\/a>&nbsp;&gt;&gt;&gt;<\/em><\/h6>\n\n\n\n<hr>\n\n\n\n<p><strong>16. <a id=\"nr16\"><\/a> Eliberare certificat agreare m\u0103rfuri periculoase<\/strong><br>Act de identitate prezentator<br>Cerere activitate RAR<br>CIV, sau copie conform\u0103 cu originalul, \u00een cazul vehiculelor \u00een leasing<br>Documente IPROCHIM (dac\u0103 este cazul)<br>Dup\u0103 caz, declara\u021bie de conformitate pentru fr\u00e2na de \u00eencetinire \u00een cazul autovehiculelor cu MMTA &gt; 16 tone care sunt la prima agreare<br>Certificat de agreare din \u021bara de origine (dac\u0103 exist\u0103)<\/p>\n\n\n\n<h6 class=\"wp-block-heading has-text-align-right\"><em>&lt;&lt;&lt;&nbsp;<a href=\"#cuprins\">\u00cenapoi la CUPRINS<\/a>&nbsp;&gt;&gt;&gt;<\/em><\/h6>\n\n\n\n<hr>\n\n\n\n<p><strong>17. <a id=\"nr17\"><\/a> Eliberare certificat de agreare taxi \/ \u0219coal\u0103<\/strong><br>Act de identitate prezentator<br>Cerere activitate RAR<br>CIV, sau copie conform\u0103 cu originalul, \u00een cazul vehiculelor \u00een leasing<br>Dovad\u0103 ITP \u00een termen de valabilitate<br>Numai pentru taxi, buletin metrologic aparat taxat<br>Certificat de conformitate caset\u0103<\/p>\n\n\n\n<h6 class=\"wp-block-heading has-text-align-right\"><em>&lt;&lt;&lt;&nbsp;<a href=\"#cuprins\">\u00cenapoi la CUPRINS<\/a>&nbsp;&gt;&gt;&gt;<\/em><\/h6>\n\n\n\n<hr>\n\n\n\n<p><strong>18. <a id=\"nr18\"><\/a> Clasificare \/ reclasificare autobuze<\/strong><br>Act de identitate prezentator<br>Cerere activitate RAR<br>Cerere clasificare pe categorii<br>CIV, sau copie conform\u0103 cu originalul, \u00een cazul vehiculelor \u00een leasing<br>\u00cen cazul reclasific\u0103rii, certificatul de clasificare<br>Copia licen\u021bei de transport rutier public<br>Copia contractului (leasing, \u00eenchiriere) \u00eencheiat \u00eentre titularul licen\u021bei de transport rutier public \u0219i de\u021bin\u0103torul autovehiculului, dup\u0103 caz<br>Dovada ITP \u00een termen de valabilitate<\/p>\n\n\n\n<h6 class=\"wp-block-heading has-text-align-right\"><em>&lt;&lt;&lt;&nbsp;<a href=\"#cuprins\">\u00cenapoi la CUPRINS<\/a>&nbsp;&gt;&gt;&gt;<\/em><\/h6>\n\n\n\n<hr>\n\n\n\n<p><strong>19. <a id=\"nr19\"><\/a> Eliberare duplicat certificat agreare \/ clasificare<\/strong><br>Act de identitate prezentator<br>Cerere activitate RAR<br>CIV, sau copie conform\u0103 cu originalul, \u00een cazul vehiculelor \u00een leasing<\/p>\n\n\n\n<h6 class=\"wp-block-heading has-text-align-right\"><em>&lt;&lt;&lt;&nbsp;<a href=\"#cuprins\">\u00cenapoi la CUPRINS<\/a>&nbsp;&gt;&gt;&gt;<\/em><\/h6>\n\n\n\n<hr>\n\n\n\n<p><strong>20. <a id=\"nr20\"><\/a> Eliberare atestat tehnic<\/strong><br>Act de identitate prezentator<br>Cerere activitate RAR<br>Dup\u0103 caz, document de \u00eenmatriculare \/ \u00eenregistrare din \u021bara de provenien\u021b\u0103<br>Dup\u0103 caz, certificate de omologare \/ rapoarte de \u00eencercare emise pe baza directivelor \/ Regulamentelor CEE\/CE sau Regulamentelor CEE-ONU<\/p>\n\n\n\n<h6 class=\"wp-block-heading has-text-align-right\"><em>&lt;&lt;&lt;&nbsp;<a href=\"#cuprins\">\u00cenapoi la CUPRINS<\/a>&nbsp;&gt;&gt;&gt;<\/em><\/h6>\n\n\n\n<hr>\n\n\n\n<p><strong>21. <a id=\"nr21\"><\/a> Eliberare adeverin\u021b\u0103 suspensie<\/strong><br>Act de identitate prezentator<br>Cerere activitate RAR<br>CIV, sau copie conform\u0103 cu originalul, \u00een cazul vehiculelor \u00een leasing<\/p>\n\n\n\n<h6 class=\"wp-block-heading has-text-align-right\"><em>&lt;&lt;&lt;&nbsp;<a href=\"#cuprins\">\u00cenapoi la CUPRINS<\/a>&nbsp;&gt;&gt;&gt;<\/em><\/h6>\n\n\n\n<hr>\n\n\n\n<p><strong>22. <a id=\"nr22\"><\/a> Determinare mase \/ dimensiuni pentru pl\u0103cu\u021be<\/strong><br>Act de identitate prezentator<br>Cerere activitate RAR<br>CIV, sau copie conform\u0103 cu originalul, \u00een cazul vehiculelor \u00een leasing<br>Dup\u0103 caz, adres\u0103 din partea transportatorului c\u0103 autovehiculul nu este echipat cu dispozitiv de tractare<\/p>\n\n\n\n<h6 class=\"wp-block-heading has-text-align-right\"><em>&lt;&lt;&lt;&nbsp;<a href=\"#cuprins\">\u00cenapoi la CUPRINS<\/a>&nbsp;&gt;&gt;&gt;<\/em><\/h6>\n\n\n\n<hr class=\"wp-block-separator has-alpha-channel-opacity\"\/>\n\n\n\n<p><em><strong>1) <a id=\"Document_de_reprezentare\"><\/a> Document de reprezentare:<\/strong><\/em><br>Dac\u0103 de\u021bin\u0103torul\/cump\u0103r\u0103torul vehiculului este o persoan\u0103 fizic\u0103 \u0219i aceasta a \u00eemputernicit o alt\u0103 persoan\u0103, este necesar\u0103 prezentarea \u00een original a unei procuri notariale \u00een care s\u0103 fie men\u0163ionat expres dreptul de a solicita activitatea respectiv\u0103 (de ex de a solicita \u015fi de a ridica duplicatul CIV de la RAR), fiind precizat obligatoriu \u015fi num\u0103rul de identificare al vehiculului. De asemenea, activitatea solicitat\u0103 RAR trebuie s\u0103 fie \u00een termenul de valabilitate a procurii prev\u0103zut \u00een cuprinsul acesteia sau \u00een maxim un an de la data autentific\u0103rii procurii la biroul notarial, dup\u0103 caz.&nbsp;\u00cen cazul \u00een care de\u021bin\u0103torul\/cump\u0103r\u0103torul a \u00eemputernicit un avocat, este necesar\u0103 prezentarea \u00een original a \u00eemputernicirii avoca\u021biale, \u00een care s\u0103 fie men\u0163ionat expres dreptul de a solicita activitatea RAR, fiind precizat obligatoriu \u015fi num\u0103rul de identificare al vehiculului.<\/p>\n\n\n\n<p>\u00cen situa\u0163ia \u00een care o persoan\u0103 juridic\u0103 este de\u021bin\u0103torul\/cump\u0103r\u0103torul vehiculului, solicitantul presta\u0163iei va prezenta o delega\u0163ie prin care se atest\u0103 calitatea de persoan\u0103 \u00eemputernicit\u0103 s\u0103 solicite activitatea respectiv\u0103 (de ex de a solicita \u015fi de a ridica duplicatul CIV de la RAR), document care trebuie s\u0103 precizeze numele, prenumele \u0219i CNP-ul delegatului \u0219i num\u0103rul de identificare al vehiculului. Delega\u021bia trebuie s\u0103 con\u021bin\u0103, de asemenea, date de identificare ale persoanei juridice, numele \u015fi semn\u0103tura reprezentantului legal al acesteia \u0219i trebuie s\u0103 poarte un num\u0103r de \u00eenregistrare de la emitent.<\/p>\n","protected":false},"excerpt":{"rendered":"<p>CUPRINS 1. Omologare individual\u0103 2. Eliberare CIV pentru vehicule noi, care de\u021bin omologare comunitar\u0103 3. Eliberare CIV pentru vehicule utilizate care au fost \u00eenmatriculate ultima dat\u0103 \u00eentr-un stat membru UE \u0219i care de\u021bin omologare comunitar\u0103 (include certificarea autenticit\u0103\u021bii) 4. Eliberare CIV pentru vehiculele care au mai fost \u00eenmatriculate \u00een Rom\u00e2nia 5. Modificare CIV f\u0103r\u0103 omologare [&hellip;]<\/p>\n","protected":false},"author":3,"featured_media":0,"parent":1409,"menu_order":0,"comment_status":"closed","ping_status":"closed","template":"","meta":{"_acf_changed":false,"footnotes":""},"class_list":["post-12422","page","type-page","status-publish","hentry"],"acf":[],"_links":{"self":[{"href":"https:\/\/www.rarom.ro\/index.php?rest_route=\/wp\/v2\/pages\/12422","targetHints":{"allow":["GET"]}}],"collection":[{"href":"https:\/\/www.rarom.ro\/index.php?rest_route=\/wp\/v2\/pages"}],"about":[{"href":"https:\/\/www.rarom.ro\/index.php?rest_route=\/wp\/v2\/types\/page"}],"author":[{"embeddable":true,"href":"https:\/\/www.rarom.ro\/index.php?rest_route=\/wp\/v2\/users\/3"}],"replies":[{"embeddable":true,"href":"https:\/\/www.rarom.ro\/index.php?rest_route=%2Fwp%2Fv2%2Fcomments&post=12422"}],"version-history":[{"count":6,"href":"https:\/\/www.rarom.ro\/index.php?rest_route=\/wp\/v2\/pages\/12422\/revisions"}],"predecessor-version":[{"id":301450,"href":"https:\/\/www.rarom.ro\/index.php?rest_route=\/wp\/v2\/pages\/12422\/revisions\/301450"}],"up":[{"embeddable":true,"href":"https:\/\/www.rarom.ro\/index.php?rest_route=\/wp\/v2\/pages\/1409"}],"wp:attachment":[{"href":"https:\/\/www.rarom.ro\/index.php?rest_route=%2Fwp%2Fv2%2Fmedia&parent=12422"}],"curies":[{"name":"wp","href":"https:\/\/api.w.org\/{rel}","templated":true}]}}