{"id":12324,"date":"2021-12-08T13:03:51","date_gmt":"2021-12-08T11:03:51","guid":{"rendered":"https:\/\/www.rarom.ro\/?page_id=12324"},"modified":"2021-12-08T13:03:51","modified_gmt":"2021-12-08T11:03:51","slug":"design","status":"publish","type":"page","link":"https:\/\/www.rarom.ro\/?page_id=12324","title":{"rendered":"Design"},"content":{"rendered":"<p><strong>Fiat 166<\/strong><\/p>\n<p><a href=\"https:\/\/www.rarom.ro\/wp-content\/uploads\/2021\/12\/Design-mare.jpg\"><img loading=\"lazy\" decoding=\"async\" class=\"size-full wp-image-12325 aligncenter\" src=\"https:\/\/www.rarom.ro\/wp-content\/uploads\/2021\/12\/Design-mare.jpg\" alt=\"\" width=\"730\" height=\"450\" srcset=\"https:\/\/www.rarom.ro\/wp-content\/uploads\/2021\/12\/Design-mare.jpg 730w, https:\/\/www.rarom.ro\/wp-content\/uploads\/2021\/12\/Design-mare-300x185.jpg 300w\" sizes=\"auto, (max-width: 730px) 100vw, 730px\" \/><\/a><\/p>\n<p style=\"text-align: justify;\"><img loading=\"lazy\" decoding=\"async\" class=\"alignleft size-full wp-image-12327\" src=\"https:\/\/www.rarom.ro\/wp-content\/uploads\/2021\/12\/Design-pagini.jpg\" alt=\"\" width=\"250\" height=\"165\" \/>\u00a0Designul auto italian care \u00ee\u021bi fur\u0103 inima nu se refer\u0103 numai la automobile sport. Fiat s-a priceput foarte bine la ma\u0219inile mici, iar \u00een aceast\u0103 zon\u0103 de pia\u021b\u0103 numele Fiat 500 este o super-legend\u0103 pentru istoria auto. Prezentul este dominat de reinterpretarea sa electrizant\u0103. Cu toate acestea, cred c\u0103 ar mai fi loc de un model \u00een acest segment. [&#8230;]<\/p>\n","protected":false},"excerpt":{"rendered":"<p>Fiat 166 \u00a0Designul auto italian care \u00ee\u021bi fur\u0103 inima nu se refer\u0103 numai la automobile sport. Fiat s-a priceput foarte bine la ma\u0219inile mici, iar \u00een aceast\u0103 zon\u0103 de pia\u021b\u0103 numele Fiat 500 este o super-legend\u0103 pentru istoria auto. Prezentul este dominat de reinterpretarea sa electrizant\u0103. Cu toate acestea, cred c\u0103 ar mai fi loc [&hellip;]<\/p>\n","protected":false},"author":3,"featured_media":0,"parent":12260,"menu_order":4,"comment_status":"closed","ping_status":"closed","template":"","meta":{"_acf_changed":false,"footnotes":""},"class_list":["post-12324","page","type-page","status-publish","hentry"],"acf":[],"_links":{"self":[{"href":"https:\/\/www.rarom.ro\/index.php?rest_route=\/wp\/v2\/pages\/12324","targetHints":{"allow":["GET"]}}],"collection":[{"href":"https:\/\/www.rarom.ro\/index.php?rest_route=\/wp\/v2\/pages"}],"about":[{"href":"https:\/\/www.rarom.ro\/index.php?rest_route=\/wp\/v2\/types\/page"}],"author":[{"embeddable":true,"href":"https:\/\/www.rarom.ro\/index.php?rest_route=\/wp\/v2\/users\/3"}],"replies":[{"embeddable":true,"href":"https:\/\/www.rarom.ro\/index.php?rest_route=%2Fwp%2Fv2%2Fcomments&post=12324"}],"version-history":[{"count":1,"href":"https:\/\/www.rarom.ro\/index.php?rest_route=\/wp\/v2\/pages\/12324\/revisions"}],"predecessor-version":[{"id":12329,"href":"https:\/\/www.rarom.ro\/index.php?rest_route=\/wp\/v2\/pages\/12324\/revisions\/12329"}],"up":[{"embeddable":true,"href":"https:\/\/www.rarom.ro\/index.php?rest_route=\/wp\/v2\/pages\/12260"}],"wp:attachment":[{"href":"https:\/\/www.rarom.ro\/index.php?rest_route=%2Fwp%2Fv2%2Fmedia&parent=12324"}],"curies":[{"name":"wp","href":"https:\/\/api.w.org\/{rel}","templated":true}]}}