{"id":12311,"date":"2021-12-08T12:58:25","date_gmt":"2021-12-08T10:58:25","guid":{"rendered":"https:\/\/www.rarom.ro\/?page_id=12311"},"modified":"2021-12-08T12:58:31","modified_gmt":"2021-12-08T10:58:31","slug":"interviu","status":"publish","type":"page","link":"https:\/\/www.rarom.ro\/?page_id=12311","title":{"rendered":"Interviu"},"content":{"rendered":"<p><strong>Prof. Dr. Ing. Stelian N\u0103st\u0103soiu<\/strong><\/p>\n<p><a href=\"https:\/\/www.rarom.ro\/wp-content\/uploads\/2021\/12\/Interviu-mare.jpg\"><img loading=\"lazy\" decoding=\"async\" class=\"size-full wp-image-12312 aligncenter\" src=\"https:\/\/www.rarom.ro\/wp-content\/uploads\/2021\/12\/Interviu-mare.jpg\" alt=\"\" width=\"730\" height=\"450\" srcset=\"https:\/\/www.rarom.ro\/wp-content\/uploads\/2021\/12\/Interviu-mare.jpg 730w, https:\/\/www.rarom.ro\/wp-content\/uploads\/2021\/12\/Interviu-mare-300x185.jpg 300w\" sizes=\"auto, (max-width: 730px) 100vw, 730px\" \/><\/a><\/p>\n<p style=\"text-align: justify;\"><img loading=\"lazy\" decoding=\"async\" class=\"alignleft size-full wp-image-12314\" src=\"https:\/\/www.rarom.ro\/wp-content\/uploads\/2021\/12\/Interviu-pagini.jpg\" alt=\"\" width=\"250\" height=\"165\" \/>\u00a0Profesorul Stelian N\u0103st\u0103soiu a lucrat mai bine de jum\u0103tate de veac \u00een domeniul \u00eenv\u0103\u021b\u0103m\u00e2ntului, la Institutul Politehnic din Bra\u0219ov. A contribuit la formarea a peste 40 de promo\u021bii de studen\u021bi, a scris aproximativ o sut\u0103 de lucr\u0103ri \u0219tiin\u021bifice, dar \u0219i c\u0103r\u021bi, monografii \u0219i cursuri universitare. Acum are aproape 92 de ani \u0219i continu\u0103 s\u0103 studieze. Face singur cursuri de englez\u0103 \u0219i rus\u0103 \u0219i rezolv\u0103 complicate probleme de matematic\u0103. [&#8230;]<\/p>\n","protected":false},"excerpt":{"rendered":"<p>Prof. Dr. Ing. Stelian N\u0103st\u0103soiu \u00a0Profesorul Stelian N\u0103st\u0103soiu a lucrat mai bine de jum\u0103tate de veac \u00een domeniul \u00eenv\u0103\u021b\u0103m\u00e2ntului, la Institutul Politehnic din Bra\u0219ov. A contribuit la formarea a peste 40 de promo\u021bii de studen\u021bi, a scris aproximativ o sut\u0103 de lucr\u0103ri \u0219tiin\u021bifice, dar \u0219i c\u0103r\u021bi, monografii \u0219i cursuri universitare. Acum are aproape 92 de [&hellip;]<\/p>\n","protected":false},"author":3,"featured_media":0,"parent":12260,"menu_order":2,"comment_status":"closed","ping_status":"closed","template":"","meta":{"_acf_changed":false,"footnotes":""},"class_list":["post-12311","page","type-page","status-publish","hentry"],"acf":[],"_links":{"self":[{"href":"https:\/\/www.rarom.ro\/index.php?rest_route=\/wp\/v2\/pages\/12311","targetHints":{"allow":["GET"]}}],"collection":[{"href":"https:\/\/www.rarom.ro\/index.php?rest_route=\/wp\/v2\/pages"}],"about":[{"href":"https:\/\/www.rarom.ro\/index.php?rest_route=\/wp\/v2\/types\/page"}],"author":[{"embeddable":true,"href":"https:\/\/www.rarom.ro\/index.php?rest_route=\/wp\/v2\/users\/3"}],"replies":[{"embeddable":true,"href":"https:\/\/www.rarom.ro\/index.php?rest_route=%2Fwp%2Fv2%2Fcomments&post=12311"}],"version-history":[{"count":2,"href":"https:\/\/www.rarom.ro\/index.php?rest_route=\/wp\/v2\/pages\/12311\/revisions"}],"predecessor-version":[{"id":12317,"href":"https:\/\/www.rarom.ro\/index.php?rest_route=\/wp\/v2\/pages\/12311\/revisions\/12317"}],"up":[{"embeddable":true,"href":"https:\/\/www.rarom.ro\/index.php?rest_route=\/wp\/v2\/pages\/12260"}],"wp:attachment":[{"href":"https:\/\/www.rarom.ro\/index.php?rest_route=%2Fwp%2Fv2%2Fmedia&parent=12311"}],"curies":[{"name":"wp","href":"https:\/\/api.w.org\/{rel}","templated":true}]}}