{"id":12305,"date":"2021-12-08T12:55:17","date_gmt":"2021-12-08T10:55:17","guid":{"rendered":"https:\/\/www.rarom.ro\/?page_id=12305"},"modified":"2021-12-08T12:55:17","modified_gmt":"2021-12-08T10:55:17","slug":"ford-transit-nugget-pop-up-roof","status":"publish","type":"page","link":"https:\/\/www.rarom.ro\/?page_id=12305","title":{"rendered":"Ford Transit Nugget Pop-Up Roof"},"content":{"rendered":"<p><strong>Test: Ford Transit Nugget Pop-Up Roof<\/strong><\/p>\n<p><a href=\"https:\/\/www.rarom.ro\/wp-content\/uploads\/2021\/12\/Test-Nugget-mare.jpg\"><img loading=\"lazy\" decoding=\"async\" class=\"size-full wp-image-12306 aligncenter\" src=\"https:\/\/www.rarom.ro\/wp-content\/uploads\/2021\/12\/Test-Nugget-mare.jpg\" alt=\"\" width=\"730\" height=\"450\" srcset=\"https:\/\/www.rarom.ro\/wp-content\/uploads\/2021\/12\/Test-Nugget-mare.jpg 730w, https:\/\/www.rarom.ro\/wp-content\/uploads\/2021\/12\/Test-Nugget-mare-300x185.jpg 300w\" sizes=\"auto, (max-width: 730px) 100vw, 730px\" \/><\/a><\/p>\n<p style=\"text-align: justify;\"><img loading=\"lazy\" decoding=\"async\" class=\"alignleft size-full wp-image-12308\" src=\"https:\/\/www.rarom.ro\/wp-content\/uploads\/2021\/12\/Test-Nugget-pagini.jpg\" alt=\"\" width=\"250\" height=\"165\" \/>\u00a0Ce ar putea ie\u015fi c\u00e2nd combini valen\u021bele de utilitar\u0103 ale unui Ford Transit Custom cu experien\u0163a acumulat\u0103 de compania german\u0103 Westfalia Mobil \u00een domeniul vehiculelor recrea\u0163ionale? R\u0103spunsul este Nugget Pop Up Roof. [&#8230;]<\/p>\n","protected":false},"excerpt":{"rendered":"<p>Test: Ford Transit Nugget Pop-Up Roof \u00a0Ce ar putea ie\u015fi c\u00e2nd combini valen\u021bele de utilitar\u0103 ale unui Ford Transit Custom cu experien\u0163a acumulat\u0103 de compania german\u0103 Westfalia Mobil \u00een domeniul vehiculelor recrea\u0163ionale? R\u0103spunsul este Nugget Pop Up Roof. [&#8230;]<\/p>\n","protected":false},"author":3,"featured_media":0,"parent":12265,"menu_order":7,"comment_status":"closed","ping_status":"closed","template":"","meta":{"_acf_changed":false,"footnotes":""},"class_list":["post-12305","page","type-page","status-publish","hentry"],"acf":[],"_links":{"self":[{"href":"https:\/\/www.rarom.ro\/index.php?rest_route=\/wp\/v2\/pages\/12305","targetHints":{"allow":["GET"]}}],"collection":[{"href":"https:\/\/www.rarom.ro\/index.php?rest_route=\/wp\/v2\/pages"}],"about":[{"href":"https:\/\/www.rarom.ro\/index.php?rest_route=\/wp\/v2\/types\/page"}],"author":[{"embeddable":true,"href":"https:\/\/www.rarom.ro\/index.php?rest_route=\/wp\/v2\/users\/3"}],"replies":[{"embeddable":true,"href":"https:\/\/www.rarom.ro\/index.php?rest_route=%2Fwp%2Fv2%2Fcomments&post=12305"}],"version-history":[{"count":1,"href":"https:\/\/www.rarom.ro\/index.php?rest_route=\/wp\/v2\/pages\/12305\/revisions"}],"predecessor-version":[{"id":12310,"href":"https:\/\/www.rarom.ro\/index.php?rest_route=\/wp\/v2\/pages\/12305\/revisions\/12310"}],"up":[{"embeddable":true,"href":"https:\/\/www.rarom.ro\/index.php?rest_route=\/wp\/v2\/pages\/12265"}],"wp:attachment":[{"href":"https:\/\/www.rarom.ro\/index.php?rest_route=%2Fwp%2Fv2%2Fmedia&parent=12305"}],"curies":[{"name":"wp","href":"https:\/\/api.w.org\/{rel}","templated":true}]}}