{"id":12293,"date":"2021-12-08T12:48:18","date_gmt":"2021-12-08T10:48:18","guid":{"rendered":"https:\/\/www.rarom.ro\/?page_id=12293"},"modified":"2021-12-08T12:49:17","modified_gmt":"2021-12-08T10:49:17","slug":"ford-kuga-full-hybrid-awd","status":"publish","type":"page","link":"https:\/\/www.rarom.ro\/?page_id=12293","title":{"rendered":"Ford Kuga Full Hybrid AWD"},"content":{"rendered":"<p><strong>Test: Ford Kuga Full Hybrid AWD<\/strong><\/p>\n<p><a href=\"https:\/\/www.rarom.ro\/wp-content\/uploads\/2021\/12\/Test-Ford-mare.jpg\"><img loading=\"lazy\" decoding=\"async\" class=\"size-full wp-image-12294 aligncenter\" src=\"https:\/\/www.rarom.ro\/wp-content\/uploads\/2021\/12\/Test-Ford-mare.jpg\" alt=\"\" width=\"730\" height=\"450\" srcset=\"https:\/\/www.rarom.ro\/wp-content\/uploads\/2021\/12\/Test-Ford-mare.jpg 730w, https:\/\/www.rarom.ro\/wp-content\/uploads\/2021\/12\/Test-Ford-mare-300x185.jpg 300w\" sizes=\"auto, (max-width: 730px) 100vw, 730px\" \/><\/a><\/p>\n<p style=\"text-align: justify;\"><img loading=\"lazy\" decoding=\"async\" class=\"alignleft size-full wp-image-12296\" src=\"https:\/\/www.rarom.ro\/wp-content\/uploads\/2021\/12\/Test-Ford-pagini.jpg\" alt=\"\" width=\"250\" height=\"165\" \/>\u00a0Ford Kuga Hybrid elimin\u0103 anxietatea legat\u0103 de autonomia auto\u00admobilelor electrice \u015fi, mai ales, pe cea alimentat\u0103 de necesitatea \u00eenc\u0103rc\u0103rii bateriei de la o priz\u0103. Echiparea Vignale ad\u0103ug\u0103 tu\u015fa de confort \u015fi lux care \u00eel propulseaz\u0103 \u00een galeria modelelor elitiste. [&#8230;]<\/p>\n","protected":false},"excerpt":{"rendered":"<p>Test: Ford Kuga Full Hybrid AWD \u00a0Ford Kuga Hybrid elimin\u0103 anxietatea legat\u0103 de autonomia auto\u00admobilelor electrice \u015fi, mai ales, pe cea alimentat\u0103 de necesitatea \u00eenc\u0103rc\u0103rii bateriei de la o priz\u0103. Echiparea Vignale ad\u0103ug\u0103 tu\u015fa de confort \u015fi lux care \u00eel propulseaz\u0103 \u00een galeria modelelor elitiste. [&#8230;]<\/p>\n","protected":false},"author":3,"featured_media":0,"parent":12265,"menu_order":5,"comment_status":"closed","ping_status":"closed","template":"","meta":{"_acf_changed":false,"footnotes":""},"class_list":["post-12293","page","type-page","status-publish","hentry"],"acf":[],"_links":{"self":[{"href":"https:\/\/www.rarom.ro\/index.php?rest_route=\/wp\/v2\/pages\/12293","targetHints":{"allow":["GET"]}}],"collection":[{"href":"https:\/\/www.rarom.ro\/index.php?rest_route=\/wp\/v2\/pages"}],"about":[{"href":"https:\/\/www.rarom.ro\/index.php?rest_route=\/wp\/v2\/types\/page"}],"author":[{"embeddable":true,"href":"https:\/\/www.rarom.ro\/index.php?rest_route=\/wp\/v2\/users\/3"}],"replies":[{"embeddable":true,"href":"https:\/\/www.rarom.ro\/index.php?rest_route=%2Fwp%2Fv2%2Fcomments&post=12293"}],"version-history":[{"count":1,"href":"https:\/\/www.rarom.ro\/index.php?rest_route=\/wp\/v2\/pages\/12293\/revisions"}],"predecessor-version":[{"id":12298,"href":"https:\/\/www.rarom.ro\/index.php?rest_route=\/wp\/v2\/pages\/12293\/revisions\/12298"}],"up":[{"embeddable":true,"href":"https:\/\/www.rarom.ro\/index.php?rest_route=\/wp\/v2\/pages\/12265"}],"wp:attachment":[{"href":"https:\/\/www.rarom.ro\/index.php?rest_route=%2Fwp%2Fv2%2Fmedia&parent=12293"}],"curies":[{"name":"wp","href":"https:\/\/api.w.org\/{rel}","templated":true}]}}