{"id":12287,"date":"2021-12-08T12:44:43","date_gmt":"2021-12-08T10:44:43","guid":{"rendered":"https:\/\/www.rarom.ro\/?page_id=12287"},"modified":"2021-12-08T12:45:05","modified_gmt":"2021-12-08T10:45:05","slug":"ssangyong-musso-grand","status":"publish","type":"page","link":"https:\/\/www.rarom.ro\/?page_id=12287","title":{"rendered":"SsangYong Musso Grand"},"content":{"rendered":"<p><strong>Test: SsangYong Musso Grand<\/strong><\/p>\n<p><a href=\"https:\/\/www.rarom.ro\/wp-content\/uploads\/2021\/12\/Test-SsangYong-mare.jpg\"><img loading=\"lazy\" decoding=\"async\" class=\"size-full wp-image-12288 aligncenter\" src=\"https:\/\/www.rarom.ro\/wp-content\/uploads\/2021\/12\/Test-SsangYong-mare.jpg\" alt=\"\" width=\"730\" height=\"450\" srcset=\"https:\/\/www.rarom.ro\/wp-content\/uploads\/2021\/12\/Test-SsangYong-mare.jpg 730w, https:\/\/www.rarom.ro\/wp-content\/uploads\/2021\/12\/Test-SsangYong-mare-300x185.jpg 300w\" sizes=\"auto, (max-width: 730px) 100vw, 730px\" \/><\/a><\/p>\n<p style=\"text-align: justify;\"><img loading=\"lazy\" decoding=\"async\" class=\"alignleft size-full wp-image-12290\" src=\"https:\/\/www.rarom.ro\/wp-content\/uploads\/2021\/12\/Test-SsangYong-pagini.jpg\" alt=\"\" width=\"250\" height=\"165\" \/>\u00a0De\u0219i titlul indic\u0103 o specie de pahiderm asiatic, de fapt este vorba despre coreenii de la SsangYong care au f\u0103cut un upgrade pick-upului Musso oferindu-i un \u0219asiu mai lung, o capacitate de \u00eenc\u0103rcare m\u0103rit\u0103 \u0219i un Grand la denumirea ini\u021bial\u0103. [&#8230;]<\/p>\n","protected":false},"excerpt":{"rendered":"<p>Test: SsangYong Musso Grand \u00a0De\u0219i titlul indic\u0103 o specie de pahiderm asiatic, de fapt este vorba despre coreenii de la SsangYong care au f\u0103cut un upgrade pick-upului Musso oferindu-i un \u0219asiu mai lung, o capacitate de \u00eenc\u0103rcare m\u0103rit\u0103 \u0219i un Grand la denumirea ini\u021bial\u0103. [&#8230;]<\/p>\n","protected":false},"author":3,"featured_media":0,"parent":12265,"menu_order":4,"comment_status":"closed","ping_status":"closed","template":"","meta":{"_acf_changed":false,"footnotes":""},"class_list":["post-12287","page","type-page","status-publish","hentry"],"acf":[],"_links":{"self":[{"href":"https:\/\/www.rarom.ro\/index.php?rest_route=\/wp\/v2\/pages\/12287","targetHints":{"allow":["GET"]}}],"collection":[{"href":"https:\/\/www.rarom.ro\/index.php?rest_route=\/wp\/v2\/pages"}],"about":[{"href":"https:\/\/www.rarom.ro\/index.php?rest_route=\/wp\/v2\/types\/page"}],"author":[{"embeddable":true,"href":"https:\/\/www.rarom.ro\/index.php?rest_route=\/wp\/v2\/users\/3"}],"replies":[{"embeddable":true,"href":"https:\/\/www.rarom.ro\/index.php?rest_route=%2Fwp%2Fv2%2Fcomments&post=12287"}],"version-history":[{"count":1,"href":"https:\/\/www.rarom.ro\/index.php?rest_route=\/wp\/v2\/pages\/12287\/revisions"}],"predecessor-version":[{"id":12292,"href":"https:\/\/www.rarom.ro\/index.php?rest_route=\/wp\/v2\/pages\/12287\/revisions\/12292"}],"up":[{"embeddable":true,"href":"https:\/\/www.rarom.ro\/index.php?rest_route=\/wp\/v2\/pages\/12265"}],"wp:attachment":[{"href":"https:\/\/www.rarom.ro\/index.php?rest_route=%2Fwp%2Fv2%2Fmedia&parent=12287"}],"curies":[{"name":"wp","href":"https:\/\/api.w.org\/{rel}","templated":true}]}}