{"id":12275,"date":"2021-12-08T12:39:10","date_gmt":"2021-12-08T10:39:10","guid":{"rendered":"https:\/\/www.rarom.ro\/?page_id=12275"},"modified":"2021-12-08T12:39:10","modified_gmt":"2021-12-08T10:39:10","slug":"dacia-duster-tce-150-edc","status":"publish","type":"page","link":"https:\/\/www.rarom.ro\/?page_id=12275","title":{"rendered":"Dacia Duster TCe 150 EDC"},"content":{"rendered":"<p><strong>Test: Dacia Duster TCe 150 EDC<\/strong><\/p>\n<p><a href=\"https:\/\/www.rarom.ro\/wp-content\/uploads\/2021\/12\/Test-Dacia-mare.jpg\"><img loading=\"lazy\" decoding=\"async\" class=\"size-full wp-image-12276 aligncenter\" src=\"https:\/\/www.rarom.ro\/wp-content\/uploads\/2021\/12\/Test-Dacia-mare.jpg\" alt=\"\" width=\"730\" height=\"450\" srcset=\"https:\/\/www.rarom.ro\/wp-content\/uploads\/2021\/12\/Test-Dacia-mare.jpg 730w, https:\/\/www.rarom.ro\/wp-content\/uploads\/2021\/12\/Test-Dacia-mare-300x185.jpg 300w\" sizes=\"auto, (max-width: 730px) 100vw, 730px\" \/><\/a><\/p>\n<p style=\"text-align: justify;\"><img loading=\"lazy\" decoding=\"async\" class=\"alignleft size-full wp-image-12278\" src=\"https:\/\/www.rarom.ro\/wp-content\/uploads\/2021\/12\/Test-Dacia-pagini.jpg\" alt=\"\" width=\"250\" height=\"165\" \/>\u00a0Faceliftul lui Duster continu\u0103 s\u0103-\u0219i spun\u0103 pove\u0219tile despre actuala genera\u021bie. Iar asta \u00eenseamn\u0103 c\u0103 este a treia oar\u0103 \u00een dou\u0103 luni c\u00e2nd am de-a face cu ea. De data aceasta firul istorisirii m-a dus la transmisia EDC cu arom\u0103 de benzin\u0103 dat\u0103 TCe-ul de 1,3 litri. [&#8230;]<\/p>\n","protected":false},"excerpt":{"rendered":"<p>Test: Dacia Duster TCe 150 EDC \u00a0Faceliftul lui Duster continu\u0103 s\u0103-\u0219i spun\u0103 pove\u0219tile despre actuala genera\u021bie. Iar asta \u00eenseamn\u0103 c\u0103 este a treia oar\u0103 \u00een dou\u0103 luni c\u00e2nd am de-a face cu ea. De data aceasta firul istorisirii m-a dus la transmisia EDC cu arom\u0103 de benzin\u0103 dat\u0103 TCe-ul de 1,3 litri. [&#8230;]<\/p>\n","protected":false},"author":3,"featured_media":0,"parent":12265,"menu_order":2,"comment_status":"closed","ping_status":"closed","template":"","meta":{"_acf_changed":false,"footnotes":""},"class_list":["post-12275","page","type-page","status-publish","hentry"],"acf":[],"_links":{"self":[{"href":"https:\/\/www.rarom.ro\/index.php?rest_route=\/wp\/v2\/pages\/12275","targetHints":{"allow":["GET"]}}],"collection":[{"href":"https:\/\/www.rarom.ro\/index.php?rest_route=\/wp\/v2\/pages"}],"about":[{"href":"https:\/\/www.rarom.ro\/index.php?rest_route=\/wp\/v2\/types\/page"}],"author":[{"embeddable":true,"href":"https:\/\/www.rarom.ro\/index.php?rest_route=\/wp\/v2\/users\/3"}],"replies":[{"embeddable":true,"href":"https:\/\/www.rarom.ro\/index.php?rest_route=%2Fwp%2Fv2%2Fcomments&post=12275"}],"version-history":[{"count":1,"href":"https:\/\/www.rarom.ro\/index.php?rest_route=\/wp\/v2\/pages\/12275\/revisions"}],"predecessor-version":[{"id":12280,"href":"https:\/\/www.rarom.ro\/index.php?rest_route=\/wp\/v2\/pages\/12275\/revisions\/12280"}],"up":[{"embeddable":true,"href":"https:\/\/www.rarom.ro\/index.php?rest_route=\/wp\/v2\/pages\/12265"}],"wp:attachment":[{"href":"https:\/\/www.rarom.ro\/index.php?rest_route=%2Fwp%2Fv2%2Fmedia&parent=12275"}],"curies":[{"name":"wp","href":"https:\/\/api.w.org\/{rel}","templated":true}]}}