{"id":12269,"date":"2021-12-08T12:34:27","date_gmt":"2021-12-08T10:34:27","guid":{"rendered":"https:\/\/www.rarom.ro\/?page_id=12269"},"modified":"2021-12-08T12:36:35","modified_gmt":"2021-12-08T10:36:35","slug":"bmw-420d-xdrive-gran-coupe","status":"publish","type":"page","link":"https:\/\/www.rarom.ro\/?page_id=12269","title":{"rendered":"BMW 420d xDrive Gran Coupe"},"content":{"rendered":"<p><strong>Test: BMW 420d xDrive Gran Coupe<\/strong><\/p>\n<p><a href=\"https:\/\/www.rarom.ro\/wp-content\/uploads\/2021\/12\/Test-BMW-mare.jpg\"><img loading=\"lazy\" decoding=\"async\" class=\"size-full wp-image-12270 aligncenter\" src=\"https:\/\/www.rarom.ro\/wp-content\/uploads\/2021\/12\/Test-BMW-mare.jpg\" alt=\"\" width=\"730\" height=\"450\" srcset=\"https:\/\/www.rarom.ro\/wp-content\/uploads\/2021\/12\/Test-BMW-mare.jpg 730w, https:\/\/www.rarom.ro\/wp-content\/uploads\/2021\/12\/Test-BMW-mare-300x185.jpg 300w\" sizes=\"auto, (max-width: 730px) 100vw, 730px\" \/><\/a><\/p>\n<p style=\"text-align: justify;\"><img loading=\"lazy\" decoding=\"async\" class=\"alignleft size-full wp-image-12272\" src=\"https:\/\/www.rarom.ro\/wp-content\/uploads\/2021\/12\/Test-BMW-pagini.jpg\" alt=\"\" width=\"250\" height=\"165\" \/>\u00a0A doua genera\u0163ie a modelului BMW Seria 4 Gran Coupe a luat startul. Propor\u0163iile \u015fi dimensiunile au fost revizuite pentru a pune \u015fi mai bine \u00een eviden\u0163\u0103 profilul de coupe. Designul a fost ajustat astfel \u00eenc\u00e2t s\u0103 fie congruent cu noile exprim\u0103ri stilistice ale grupului, iar rafinamentul este ingredientul de baz\u0103 al noului model. [&#8230;]<\/p>\n","protected":false},"excerpt":{"rendered":"<p>Test: BMW 420d xDrive Gran Coupe \u00a0A doua genera\u0163ie a modelului BMW Seria 4 Gran Coupe a luat startul. Propor\u0163iile \u015fi dimensiunile au fost revizuite pentru a pune \u015fi mai bine \u00een eviden\u0163\u0103 profilul de coupe. Designul a fost ajustat astfel \u00eenc\u00e2t s\u0103 fie congruent cu noile exprim\u0103ri stilistice ale grupului, iar rafinamentul este ingredientul [&hellip;]<\/p>\n","protected":false},"author":3,"featured_media":0,"parent":12265,"menu_order":1,"comment_status":"closed","ping_status":"closed","template":"","meta":{"_acf_changed":false,"footnotes":""},"class_list":["post-12269","page","type-page","status-publish","hentry"],"acf":[],"_links":{"self":[{"href":"https:\/\/www.rarom.ro\/index.php?rest_route=\/wp\/v2\/pages\/12269","targetHints":{"allow":["GET"]}}],"collection":[{"href":"https:\/\/www.rarom.ro\/index.php?rest_route=\/wp\/v2\/pages"}],"about":[{"href":"https:\/\/www.rarom.ro\/index.php?rest_route=\/wp\/v2\/types\/page"}],"author":[{"embeddable":true,"href":"https:\/\/www.rarom.ro\/index.php?rest_route=\/wp\/v2\/users\/3"}],"replies":[{"embeddable":true,"href":"https:\/\/www.rarom.ro\/index.php?rest_route=%2Fwp%2Fv2%2Fcomments&post=12269"}],"version-history":[{"count":1,"href":"https:\/\/www.rarom.ro\/index.php?rest_route=\/wp\/v2\/pages\/12269\/revisions"}],"predecessor-version":[{"id":12274,"href":"https:\/\/www.rarom.ro\/index.php?rest_route=\/wp\/v2\/pages\/12269\/revisions\/12274"}],"up":[{"embeddable":true,"href":"https:\/\/www.rarom.ro\/index.php?rest_route=\/wp\/v2\/pages\/12265"}],"wp:attachment":[{"href":"https:\/\/www.rarom.ro\/index.php?rest_route=%2Fwp%2Fv2%2Fmedia&parent=12269"}],"curies":[{"name":"wp","href":"https:\/\/api.w.org\/{rel}","templated":true}]}}