{"id":12053,"date":"2021-11-08T11:02:36","date_gmt":"2021-11-08T09:02:36","guid":{"rendered":"https:\/\/www.rarom.ro\/?page_id=12053"},"modified":"2021-11-08T11:03:26","modified_gmt":"2021-11-08T09:03:26","slug":"eveniment","status":"publish","type":"page","link":"https:\/\/www.rarom.ro\/?page_id=12053","title":{"rendered":"Eveniment"},"content":{"rendered":"<p><strong>Salonul Auto Bucure\u0219ti &amp; Accesorii<a href=\"https:\/\/www.rarom.ro\/wp-content\/uploads\/2021\/11\/Eveniment-mare.jpg\"><img loading=\"lazy\" decoding=\"async\" class=\"alignleft size-full wp-image-12056\" src=\"https:\/\/www.rarom.ro\/wp-content\/uploads\/2021\/11\/Eveniment-mare.jpg\" alt=\"\" width=\"730\" height=\"450\" srcset=\"https:\/\/www.rarom.ro\/wp-content\/uploads\/2021\/11\/Eveniment-mare.jpg 730w, https:\/\/www.rarom.ro\/wp-content\/uploads\/2021\/11\/Eveniment-mare-300x185.jpg 300w\" sizes=\"auto, (max-width: 730px) 100vw, 730px\" \/><\/a><\/strong><\/p>\n<p style=\"text-align: justify;\"><img loading=\"lazy\" decoding=\"async\" class=\"alignleft size-full wp-image-12054\" src=\"https:\/\/www.rarom.ro\/wp-content\/uploads\/2021\/11\/Eveniment-pagini.jpg\" alt=\"\" width=\"250\" height=\"165\" \/>\u00a0Dup\u0103 o pauz\u0103 de un an, cauzat\u0103 de restric\u021biile prin care s-a \u00eencercat \u00eencetinirea r\u0103sp\u00e2ndirii virusului COVID-19, Salonul Auto Bucure\u0219ti \u0219i-a deschis din nou por\u021bile. Vizitatorii au fost numero\u0219i, chiar dac\u0103 accesul la eveniment a fost permis doar pentru de\u0163in\u0103torii certificatului verde. Pasiona\u021bii domeniului auto au avut ce s\u0103 vad\u0103: ma\u0219ini scumpe \u0219i puternice, multe variante electrice, pe patru, trei \u0219i dou\u0103 ro\u021bi, dar au aflat \u0219i care sunt ultimele nout\u0103\u021bi \u00een ceea ce prive\u0219te sta\u021biile care ajut\u0103 la \u00eenc\u0103rcarea tot mai rapid\u0103 a acumulatorilor. [&#8230;]<\/p>\n","protected":false},"excerpt":{"rendered":"<p>Salonul Auto Bucure\u0219ti &amp; Accesorii \u00a0Dup\u0103 o pauz\u0103 de un an, cauzat\u0103 de restric\u021biile prin care s-a \u00eencercat \u00eencetinirea r\u0103sp\u00e2ndirii virusului COVID-19, Salonul Auto Bucure\u0219ti \u0219i-a deschis din nou por\u021bile. Vizitatorii au fost numero\u0219i, chiar dac\u0103 accesul la eveniment a fost permis doar pentru de\u0163in\u0103torii certificatului verde. Pasiona\u021bii domeniului auto au avut ce s\u0103 vad\u0103: [&hellip;]<\/p>\n","protected":false},"author":3,"featured_media":0,"parent":11999,"menu_order":3,"comment_status":"closed","ping_status":"closed","template":"","meta":{"_acf_changed":false,"footnotes":""},"class_list":["post-12053","page","type-page","status-publish","hentry"],"acf":[],"_links":{"self":[{"href":"https:\/\/www.rarom.ro\/index.php?rest_route=\/wp\/v2\/pages\/12053","targetHints":{"allow":["GET"]}}],"collection":[{"href":"https:\/\/www.rarom.ro\/index.php?rest_route=\/wp\/v2\/pages"}],"about":[{"href":"https:\/\/www.rarom.ro\/index.php?rest_route=\/wp\/v2\/types\/page"}],"author":[{"embeddable":true,"href":"https:\/\/www.rarom.ro\/index.php?rest_route=\/wp\/v2\/users\/3"}],"replies":[{"embeddable":true,"href":"https:\/\/www.rarom.ro\/index.php?rest_route=%2Fwp%2Fv2%2Fcomments&post=12053"}],"version-history":[{"count":4,"href":"https:\/\/www.rarom.ro\/index.php?rest_route=\/wp\/v2\/pages\/12053\/revisions"}],"predecessor-version":[{"id":12060,"href":"https:\/\/www.rarom.ro\/index.php?rest_route=\/wp\/v2\/pages\/12053\/revisions\/12060"}],"up":[{"embeddable":true,"href":"https:\/\/www.rarom.ro\/index.php?rest_route=\/wp\/v2\/pages\/11999"}],"wp:attachment":[{"href":"https:\/\/www.rarom.ro\/index.php?rest_route=%2Fwp%2Fv2%2Fmedia&parent=12053"}],"curies":[{"name":"wp","href":"https:\/\/api.w.org\/{rel}","templated":true}]}}